{"id":6885,"date":"2025-03-18T11:17:19","date_gmt":"2025-03-18T11:17:19","guid":{"rendered":"https:\/\/koraledetale.pl\/?post_type=product&#038;p=6885"},"modified":"2025-07-28T06:41:39","modified_gmt":"2025-07-28T06:41:39","slug":"naszyjnik-fenomen-z-perlami-szmaragdami-i-chalcedonem","status":"publish","type":"product","link":"https:\/\/koraledetale.pl\/?product=naszyjnik-fenomen-z-perlami-szmaragdami-i-chalcedonem","title":{"rendered":"Naszyjnik FENOMEN z per\u0142ami, szmaragdami i chalcedonem"},"content":{"rendered":"<p>Wielko\u015b\u0107 kamieni:<\/p>\n<ul>\n<li>per\u0142a \u2013 ok. 5&#215;3,5 mm,<\/li>\n<li>szmaragd\u2013 6&#215;4 mm,<\/li>\n<li>chalcedon &#8211; 15&#215;7 mm,<\/li>\n<li>hematyt \u2013 3\u00d71 mm i 2 mm.<\/li>\n<\/ul>\n<p>D\u0142ugo\u015b\u0107 naszyjnika: 42-47 cm + zawieszka (k\u00f3\u0142ko z chalcedonem) \u2013 3,3 cm.<\/p>\n<p>Wszystkie elementy metalowe wykonane s\u0105 z nieuczulaj\u0105cej stali szlachetnej.<\/p>\n<p>Kamienie zasupe\u0142kowane s\u0105 na turkusowej, mocnej nici jubilerskiej.<\/p>\n<p>Naszyjnik jest bezpieczny przy u\u017cywaniu zgodnie z jego zastosowaniem.<\/p>\n","protected":false},"excerpt":{"rendered":"<p>Naszyjnik z ciemnych pere\u0142, z wplecionymi szmaragdami i z\u0142otymi hematytami. Zwie\u0144czeniem naszyjnika jest kropla chalcedonu, zawieszona na plecionym k\u00f3\u0142ku.<\/p>\n","protected":false},"featured_media":6887,"comment_status":"open","ping_status":"closed","template":"","meta":{"advanced_seo_description":"","jetpack_seo_html_title":"","jetpack_seo_noindex":false},"product_brand":[],"product_cat":[229],"product_tag":[439,257,57,2510,143,31],"class_list":{"0":"post-6885","1":"product","2":"type-product","3":"status-publish","4":"has-post-thumbnail","6":"product_cat-sprzedane","7":"product_tag-chalcedon","8":"product_tag-naszyjnik-z-ciemnych-perel","9":"product_tag-perla","10":"product_tag-perly-z-chalcedonem-i-szmaragdami","11":"product_tag-szmaragd","12":"product_tag-zloty-hematyt","14":"first","15":"outofstock","16":"shipping-taxable","17":"purchasable","18":"product-type-simple"},"jetpack_sharing_enabled":true,"_links":{"self":[{"href":"https:\/\/koraledetale.pl\/index.php?rest_route=\/wp\/v2\/product\/6885","targetHints":{"allow":["GET"]}}],"collection":[{"href":"https:\/\/koraledetale.pl\/index.php?rest_route=\/wp\/v2\/product"}],"about":[{"href":"https:\/\/koraledetale.pl\/index.php?rest_route=\/wp\/v2\/types\/product"}],"replies":[{"embeddable":true,"href":"https:\/\/koraledetale.pl\/index.php?rest_route=%2Fwp%2Fv2%2Fcomments&post=6885"}],"wp:featuredmedia":[{"embeddable":true,"href":"https:\/\/koraledetale.pl\/index.php?rest_route=\/wp\/v2\/media\/6887"}],"wp:attachment":[{"href":"https:\/\/koraledetale.pl\/index.php?rest_route=%2Fwp%2Fv2%2Fmedia&parent=6885"}],"wp:term":[{"taxonomy":"product_brand","embeddable":true,"href":"https:\/\/koraledetale.pl\/index.php?rest_route=%2Fwp%2Fv2%2Fproduct_brand&post=6885"},{"taxonomy":"product_cat","embeddable":true,"href":"https:\/\/koraledetale.pl\/index.php?rest_route=%2Fwp%2Fv2%2Fproduct_cat&post=6885"},{"taxonomy":"product_tag","embeddable":true,"href":"https:\/\/koraledetale.pl\/index.php?rest_route=%2Fwp%2Fv2%2Fproduct_tag&post=6885"}],"curies":[{"name":"wp","href":"https:\/\/api.w.org\/{rel}","templated":true}]}}