{"id":6860,"date":"2025-03-04T15:42:36","date_gmt":"2025-03-04T15:42:36","guid":{"rendered":"https:\/\/koraledetale.pl\/?post_type=product&#038;p=6860"},"modified":"2025-03-05T20:27:07","modified_gmt":"2025-03-05T20:27:07","slug":"kolczyki-szal-z-perlami-turkusami-i-koralami","status":"publish","type":"product","link":"https:\/\/koraledetale.pl\/?product=kolczyki-szal-z-perlami-turkusami-i-koralami","title":{"rendered":"Kolczyki SZA\u0141 z per\u0142ami, turkusami i koralami"},"content":{"rendered":"<p>Wielko\u015b\u0107 kamieni:<\/p>\n<ul>\n<li>per\u0142a \u2013 17&#215;25 mm i 18&#215;17 mm (mierzone w najszerszych miejscach),<\/li>\n<li>turkus \u2013 ok. 12\u00d75,5 mm,<\/li>\n<li>koral \u2013 9&#215;5 mm.<\/li>\n<\/ul>\n<p>D\u0142ugo\u015b\u0107 kolczyk\u00f3w: 5,3 cm.<\/p>\n<p>Wszystkie elementy metalowe wykonane s\u0105 z nieuczulaj\u0105cej stali szlachetnej.<\/p>\n<p>Kolczyki s\u0105 bezpieczne przy u\u017cywaniu zgodnie z ich zastosowaniem.<\/p>\n","protected":false},"excerpt":{"rendered":"<p>D\u0142ugie kolczyki z rozga\u0142\u0119zionymi, pod\u0142u\u017cnymi per\u0142ami, wa\u0142eczkami pomara\u0144czowego koralu i nieregularnymi, pod\u0142u\u017cnymi turkusami, zawieszonymi na k\u00f3\u0142ku i otwartych biglach.<\/p>\n","protected":false},"featured_media":6857,"comment_status":"open","ping_status":"closed","template":"","meta":{"advanced_seo_description":"","jetpack_seo_html_title":"","jetpack_seo_noindex":false},"product_brand":[],"product_cat":[229],"product_tag":[2504,2507,57,1088,105],"class_list":{"0":"post-6860","1":"product","2":"type-product","3":"status-publish","4":"has-post-thumbnail","6":"product_cat-sprzedane","7":"product_tag-dlugie-kolczyki-z-kolorowymi-kamieniami-naturalnymi","8":"product_tag-dlugie-kolczyki-z-perlami-turkusami-i-koralami","9":"product_tag-perla","10":"product_tag-pomaranczowy-koral","11":"product_tag-turkus","13":"first","14":"outofstock","15":"shipping-taxable","16":"purchasable","17":"product-type-simple"},"jetpack_sharing_enabled":true,"_links":{"self":[{"href":"https:\/\/koraledetale.pl\/index.php?rest_route=\/wp\/v2\/product\/6860","targetHints":{"allow":["GET"]}}],"collection":[{"href":"https:\/\/koraledetale.pl\/index.php?rest_route=\/wp\/v2\/product"}],"about":[{"href":"https:\/\/koraledetale.pl\/index.php?rest_route=\/wp\/v2\/types\/product"}],"replies":[{"embeddable":true,"href":"https:\/\/koraledetale.pl\/index.php?rest_route=%2Fwp%2Fv2%2Fcomments&post=6860"}],"wp:featuredmedia":[{"embeddable":true,"href":"https:\/\/koraledetale.pl\/index.php?rest_route=\/wp\/v2\/media\/6857"}],"wp:attachment":[{"href":"https:\/\/koraledetale.pl\/index.php?rest_route=%2Fwp%2Fv2%2Fmedia&parent=6860"}],"wp:term":[{"taxonomy":"product_brand","embeddable":true,"href":"https:\/\/koraledetale.pl\/index.php?rest_route=%2Fwp%2Fv2%2Fproduct_brand&post=6860"},{"taxonomy":"product_cat","embeddable":true,"href":"https:\/\/koraledetale.pl\/index.php?rest_route=%2Fwp%2Fv2%2Fproduct_cat&post=6860"},{"taxonomy":"product_tag","embeddable":true,"href":"https:\/\/koraledetale.pl\/index.php?rest_route=%2Fwp%2Fv2%2Fproduct_tag&post=6860"}],"curies":[{"name":"wp","href":"https:\/\/api.w.org\/{rel}","templated":true}]}}