{"id":6855,"date":"2025-03-04T15:33:58","date_gmt":"2025-03-04T15:33:58","guid":{"rendered":"https:\/\/koraledetale.pl\/?post_type=product&#038;p=6855"},"modified":"2025-03-04T15:33:58","modified_gmt":"2025-03-04T15:33:58","slug":"kolczyki-szal-z-jadeitami-koralami-i-malachitami","status":"publish","type":"product","link":"https:\/\/koraledetale.pl\/?product=kolczyki-szal-z-jadeitami-koralami-i-malachitami","title":{"rendered":"Kolczyki SZA\u0141 z jadeitami, koralami i malachitami"},"content":{"rendered":"<p>Wielko\u015b\u0107 kamieni:<\/p>\n<ul>\n<li>jadeit &#8211; 12&#215;8 mm (mierzone w najszerszych miejscach),<\/li>\n<li>koral &#8211; 12&#215;4 mm,<\/li>\n<li>malachit \u2013 4 mm.<\/li>\n<\/ul>\n<p>D\u0142ugo\u015b\u0107 kolczyk\u00f3w: 4,7 cm.<\/p>\n<p>Wszystkie elementy metalowe wykonane s\u0105 z nieuczulaj\u0105cej stali szlachetnej.<\/p>\n<p>Kolczyki s\u0105 bezpieczne przy u\u017cywaniu zgodnie z ich zastosowaniem.<\/p>\n","protected":false},"excerpt":{"rendered":"<p>D\u0142ugie kolczyki z kropl\u0105 \u017c\u00f3\u0142tego jadeitu, s\u0142upkiem czerwonego koralu i kuleczkami malachitu, zawieszonymi na k\u00f3\u0142ku i otwartych biglach.<\/p>\n","protected":false},"featured_media":6856,"comment_status":"open","ping_status":"closed","template":"","meta":{"advanced_seo_description":"","jetpack_seo_html_title":"","jetpack_seo_noindex":false},"product_brand":[],"product_cat":[18],"product_tag":[2505,2504,2503,853,158,2506],"class_list":{"0":"post-6855","1":"product","2":"type-product","3":"status-publish","4":"has-post-thumbnail","6":"product_cat-kolczyki","7":"product_tag-dlugie-kolczyki-z-jadeitami-koralami-i-malachitami","8":"product_tag-dlugie-kolczyki-z-kolorowymi-kamieniami-naturalnymi","9":"product_tag-kolorowe-kolczyki-z-zoltymi-czerwnymi-i-zielonymi-kamieniami-naturalnymi","10":"product_tag-koral-czerwony","11":"product_tag-malachit","12":"product_tag-zolty-jadeit","14":"first","15":"instock","16":"shipping-taxable","17":"purchasable","18":"product-type-simple"},"jetpack_sharing_enabled":true,"_links":{"self":[{"href":"https:\/\/koraledetale.pl\/index.php?rest_route=\/wp\/v2\/product\/6855","targetHints":{"allow":["GET"]}}],"collection":[{"href":"https:\/\/koraledetale.pl\/index.php?rest_route=\/wp\/v2\/product"}],"about":[{"href":"https:\/\/koraledetale.pl\/index.php?rest_route=\/wp\/v2\/types\/product"}],"replies":[{"embeddable":true,"href":"https:\/\/koraledetale.pl\/index.php?rest_route=%2Fwp%2Fv2%2Fcomments&post=6855"}],"wp:featuredmedia":[{"embeddable":true,"href":"https:\/\/koraledetale.pl\/index.php?rest_route=\/wp\/v2\/media\/6856"}],"wp:attachment":[{"href":"https:\/\/koraledetale.pl\/index.php?rest_route=%2Fwp%2Fv2%2Fmedia&parent=6855"}],"wp:term":[{"taxonomy":"product_brand","embeddable":true,"href":"https:\/\/koraledetale.pl\/index.php?rest_route=%2Fwp%2Fv2%2Fproduct_brand&post=6855"},{"taxonomy":"product_cat","embeddable":true,"href":"https:\/\/koraledetale.pl\/index.php?rest_route=%2Fwp%2Fv2%2Fproduct_cat&post=6855"},{"taxonomy":"product_tag","embeddable":true,"href":"https:\/\/koraledetale.pl\/index.php?rest_route=%2Fwp%2Fv2%2Fproduct_tag&post=6855"}],"curies":[{"name":"wp","href":"https:\/\/api.w.org\/{rel}","templated":true}]}}