{"id":6826,"date":"2025-02-26T17:57:08","date_gmt":"2025-02-26T17:57:08","guid":{"rendered":"https:\/\/koraledetale.pl\/?post_type=product&#038;p=6826"},"modified":"2025-05-11T07:34:26","modified_gmt":"2025-05-11T07:34:26","slug":"naszyjnik-wdziecznosc-z-turkusami","status":"publish","type":"product","link":"https:\/\/koraledetale.pl\/?product=naszyjnik-wdziecznosc-z-turkusami","title":{"rendered":"Naszyjnik WDZI\u0118CZNO\u015a\u0106 z turkusami"},"content":{"rendered":"<p>Wielko\u015b\u0107 kamieni:<\/p>\n<ul>\n<li>turkus \u2013 2,5 mm,<\/li>\n<li>hematyt \u2013 2\u00d71 mm i 2 mm.<\/li>\n<\/ul>\n<p>D\u0142ugo\u015b\u0107 naszyjnika: kr\u00f3tsza cz\u0119\u015b\u0107 z \u0142a\u0144cuszkiem \u2013 40 cm, d\u0142u\u017csza z turkusami \u2013 45 cm + zawieszka \u2013 1,8 cm.<\/p>\n<p>Wszystkie elementy metalowe wykonane s\u0105 z nieuczulaj\u0105cej stali szlachetnej.<\/p>\n<p>Kamienie zasupe\u0142kowane s\u0105 na br\u0105zowej, mocnej nici jubilerskiej.<\/p>\n<p>Naszyjnik jest bezpieczny przy u\u017cywaniu zgodnie z jego zastosowaniem.<\/p>\n","protected":false},"excerpt":{"rendered":"<p>Warstwowy naszyjnik z \u0142a\u0144cuszkiem z kuleczkami, po\u0142\u0105czonym ze sznurem drobnych, cieniowanych turkus\u00f3w, przeplatanych z\u0142otymi hematytami. Zwie\u0144czeniem naszyjnika jest zawieszka \u2013 wyt\u0142aczana gwiazda.<\/p>\n","protected":false},"featured_media":6827,"comment_status":"open","ping_status":"closed","template":"","meta":{"advanced_seo_description":"","jetpack_seo_html_title":"","jetpack_seo_noindex":false},"product_brand":[],"product_cat":[229],"product_tag":[1116,2497,66,105,2496,31,254],"class_list":{"0":"post-6826","1":"product","2":"type-product","3":"status-publish","4":"has-post-thumbnail","6":"product_cat-sprzedane","7":"product_tag-gwiazda","8":"product_tag-naszyjnik-z-cieniowanymi-turkusami","9":"product_tag-naszyjnik-z-kamieniami-naturalnymi","10":"product_tag-turkus","11":"product_tag-warstwowy-naszyjnik-z-turkusami-i-gwiazdka","12":"product_tag-zloty-hematyt","13":"product_tag-lancuszek-z-turkusami","15":"first","16":"outofstock","17":"shipping-taxable","18":"purchasable","19":"product-type-simple"},"jetpack_sharing_enabled":true,"_links":{"self":[{"href":"https:\/\/koraledetale.pl\/index.php?rest_route=\/wp\/v2\/product\/6826","targetHints":{"allow":["GET"]}}],"collection":[{"href":"https:\/\/koraledetale.pl\/index.php?rest_route=\/wp\/v2\/product"}],"about":[{"href":"https:\/\/koraledetale.pl\/index.php?rest_route=\/wp\/v2\/types\/product"}],"replies":[{"embeddable":true,"href":"https:\/\/koraledetale.pl\/index.php?rest_route=%2Fwp%2Fv2%2Fcomments&post=6826"}],"wp:featuredmedia":[{"embeddable":true,"href":"https:\/\/koraledetale.pl\/index.php?rest_route=\/wp\/v2\/media\/6827"}],"wp:attachment":[{"href":"https:\/\/koraledetale.pl\/index.php?rest_route=%2Fwp%2Fv2%2Fmedia&parent=6826"}],"wp:term":[{"taxonomy":"product_brand","embeddable":true,"href":"https:\/\/koraledetale.pl\/index.php?rest_route=%2Fwp%2Fv2%2Fproduct_brand&post=6826"},{"taxonomy":"product_cat","embeddable":true,"href":"https:\/\/koraledetale.pl\/index.php?rest_route=%2Fwp%2Fv2%2Fproduct_cat&post=6826"},{"taxonomy":"product_tag","embeddable":true,"href":"https:\/\/koraledetale.pl\/index.php?rest_route=%2Fwp%2Fv2%2Fproduct_tag&post=6826"}],"curies":[{"name":"wp","href":"https:\/\/api.w.org\/{rel}","templated":true}]}}