{"id":682,"date":"2021-06-05T10:00:44","date_gmt":"2021-06-05T10:00:44","guid":{"rendered":"https:\/\/koraledetale.pl\/?post_type=product&#038;p=682"},"modified":"2024-11-11T11:08:49","modified_gmt":"2024-11-11T11:08:49","slug":"naszyjnik-z-perlami-i-rozowym-kwarce","status":"publish","type":"product","link":"https:\/\/koraledetale.pl\/?product=naszyjnik-z-perlami-i-rozowym-kwarce","title":{"rendered":"Naszyjnik z per\u0142ami i r\u00f3\u017cowym kwarcem"},"content":{"rendered":"<blockquote><p>Wielko\u015b\u0107 kamieni:<\/p><\/blockquote>\n<ul>\n<li>bia\u0142e per\u0142y &#8211; ok. 4&#215;3 mm,<\/li>\n<li>r\u00f3\u017cowe per\u0142y &#8211; 5-9 mm,<\/li>\n<li>r\u00f3\u017cowy kwarc &#8211; 13&#215;7 mm.<\/li>\n<\/ul>\n<p>&nbsp;<\/p>\n<p>D\u0142ugo\u015b\u0107 naszyjnika: 48 cm + zawieszka 3,5 cm<\/p>\n","protected":false},"excerpt":{"rendered":"<p>Naszyjnik z bia\u0142ych pere\u0142, z wplecionymi r\u00f3\u017cowymi per\u0142ami i z\u0142otymi hematytami,\u00a0 zasupe\u0142kowanymi na r\u00f3\u017cowej, jedwabnej nitce. Naszyjnik zwie\u0144cza okr\u0105g\u0142a zawieszka z kropl\u0105 szlifowanego r\u00f3\u017cowego kwarcu. Wszystkie elementy metalowe wykonane s\u0105 ze stali szlachetnej.<\/p>\n","protected":false},"featured_media":683,"comment_status":"open","ping_status":"closed","template":"","meta":{"advanced_seo_description":"","jetpack_seo_html_title":"","jetpack_seo_noindex":false},"product_brand":[],"product_cat":[229],"product_tag":[110,282,215,281,36,283],"class_list":{"0":"post-682","1":"product","2":"type-product","3":"status-publish","4":"has-post-thumbnail","6":"product_cat-sprzedane","7":"product_tag-naszyjnik-z-perel","8":"product_tag-naszyjnik-z-perel-na-jedwabiu","9":"product_tag-naszyjnik-z-rozowym-kwarcem","10":"product_tag-naszyjnik-z-rozowymi-perlami","11":"product_tag-stal-chirurgiczna","12":"product_tag-stal-nierdzewna","14":"first","15":"outofstock","16":"shipping-taxable","17":"product-type-simple"},"jetpack_sharing_enabled":true,"_links":{"self":[{"href":"https:\/\/koraledetale.pl\/index.php?rest_route=\/wp\/v2\/product\/682","targetHints":{"allow":["GET"]}}],"collection":[{"href":"https:\/\/koraledetale.pl\/index.php?rest_route=\/wp\/v2\/product"}],"about":[{"href":"https:\/\/koraledetale.pl\/index.php?rest_route=\/wp\/v2\/types\/product"}],"replies":[{"embeddable":true,"href":"https:\/\/koraledetale.pl\/index.php?rest_route=%2Fwp%2Fv2%2Fcomments&post=682"}],"wp:featuredmedia":[{"embeddable":true,"href":"https:\/\/koraledetale.pl\/index.php?rest_route=\/wp\/v2\/media\/683"}],"wp:attachment":[{"href":"https:\/\/koraledetale.pl\/index.php?rest_route=%2Fwp%2Fv2%2Fmedia&parent=682"}],"wp:term":[{"taxonomy":"product_brand","embeddable":true,"href":"https:\/\/koraledetale.pl\/index.php?rest_route=%2Fwp%2Fv2%2Fproduct_brand&post=682"},{"taxonomy":"product_cat","embeddable":true,"href":"https:\/\/koraledetale.pl\/index.php?rest_route=%2Fwp%2Fv2%2Fproduct_cat&post=682"},{"taxonomy":"product_tag","embeddable":true,"href":"https:\/\/koraledetale.pl\/index.php?rest_route=%2Fwp%2Fv2%2Fproduct_tag&post=682"}],"curies":[{"name":"wp","href":"https:\/\/api.w.org\/{rel}","templated":true}]}}