{"id":6817,"date":"2025-02-24T12:04:42","date_gmt":"2025-02-24T12:04:42","guid":{"rendered":"https:\/\/koraledetale.pl\/?post_type=product&#038;p=6817"},"modified":"2025-03-05T17:07:26","modified_gmt":"2025-03-05T17:07:26","slug":"bransoletka-kolor-z-rodochrozytami-i-amazonitami","status":"publish","type":"product","link":"https:\/\/koraledetale.pl\/?product=bransoletka-kolor-z-rodochrozytami-i-amazonitami","title":{"rendered":"Bransoletka KOLOR z rodochrozytami i amazonitami"},"content":{"rendered":"<p>Wielko\u015b\u0107 kamieni:<\/p>\n<ul>\n<li>rodochrozyt \u2013 2,5 mm,<\/li>\n<li>amazonit \u2013 3 mm,<\/li>\n<li>hematyt \u2013 2 mm.<\/li>\n<\/ul>\n<p>D\u0142ugo\u015b\u0107 bransoletki:\u00a0 16,3 \u2013 19,3 cm.<\/p>\n<p>Wszystkie elementy metalowe wykonane s\u0105 z nieuczulaj\u0105cej stali szlachetnej.<\/p>\n<p>Bransoletka jest bezpieczna przy u\u017cywaniu zgodnie z jej zastosowaniem.<\/p>\n","protected":false},"excerpt":{"rendered":"<p>Bransoletka z drobnymi, fasetowanymi rodochrozytami, przeplatanymi amazonitam oraz z\u0142otymi hematytami.<\/p>\n","protected":false},"featured_media":6803,"comment_status":"open","ping_status":"closed","template":"","meta":{"advanced_seo_description":"","jetpack_seo_html_title":"","jetpack_seo_noindex":false},"product_brand":[],"product_cat":[17],"product_tag":[53,2072,2489,1557,545,31],"class_list":{"0":"post-6817","1":"product","2":"type-product","3":"status-publish","4":"has-post-thumbnail","6":"product_cat-bransoletki","7":"product_tag-amazonit","8":"product_tag-bransoletka-z-drobnymi-kamieniami-naturalnymi","9":"product_tag-bransoletka-z-rodochrozytami-i-amazonitami","10":"product_tag-bransoletka-z-rozowymi-kamieniami-naturalnymi","11":"product_tag-rodochrozyt","12":"product_tag-zloty-hematyt","14":"first","15":"instock","16":"shipping-taxable","17":"purchasable","18":"product-type-simple"},"jetpack_sharing_enabled":true,"_links":{"self":[{"href":"https:\/\/koraledetale.pl\/index.php?rest_route=\/wp\/v2\/product\/6817","targetHints":{"allow":["GET"]}}],"collection":[{"href":"https:\/\/koraledetale.pl\/index.php?rest_route=\/wp\/v2\/product"}],"about":[{"href":"https:\/\/koraledetale.pl\/index.php?rest_route=\/wp\/v2\/types\/product"}],"replies":[{"embeddable":true,"href":"https:\/\/koraledetale.pl\/index.php?rest_route=%2Fwp%2Fv2%2Fcomments&post=6817"}],"wp:featuredmedia":[{"embeddable":true,"href":"https:\/\/koraledetale.pl\/index.php?rest_route=\/wp\/v2\/media\/6803"}],"wp:attachment":[{"href":"https:\/\/koraledetale.pl\/index.php?rest_route=%2Fwp%2Fv2%2Fmedia&parent=6817"}],"wp:term":[{"taxonomy":"product_brand","embeddable":true,"href":"https:\/\/koraledetale.pl\/index.php?rest_route=%2Fwp%2Fv2%2Fproduct_brand&post=6817"},{"taxonomy":"product_cat","embeddable":true,"href":"https:\/\/koraledetale.pl\/index.php?rest_route=%2Fwp%2Fv2%2Fproduct_cat&post=6817"},{"taxonomy":"product_tag","embeddable":true,"href":"https:\/\/koraledetale.pl\/index.php?rest_route=%2Fwp%2Fv2%2Fproduct_tag&post=6817"}],"curies":[{"name":"wp","href":"https:\/\/api.w.org\/{rel}","templated":true}]}}