{"id":6787,"date":"2025-02-22T12:32:44","date_gmt":"2025-02-22T12:32:44","guid":{"rendered":"https:\/\/koraledetale.pl\/?post_type=product&#038;p=6787"},"modified":"2025-03-11T20:40:18","modified_gmt":"2025-03-11T20:40:18","slug":"naszyjnik-sila-z-hematytami-i-onyksami","status":"publish","type":"product","link":"https:\/\/koraledetale.pl\/?product=naszyjnik-sila-z-hematytami-i-onyksami","title":{"rendered":"Naszyjnik SI\u0141A z hematytami i onyksami"},"content":{"rendered":"<p>Wielko\u015b\u0107 kamieni:<\/p>\n<ul>\n<li>hematyt \u2013 3&#215;2,5 mm, 3,5 mm i 3&#215;1 mm,<\/li>\n<li>onyks \u2013 13\u00d74 mm.<\/li>\n<\/ul>\n<p>D\u0142ugo\u015b\u0107 naszyjnika: 75 cm + zawieszka z k\u00f3\u0142kiem 4,5 cm.<\/p>\n<p>Wszystkie elementy metalowe wykonane s\u0105 z nieuczulaj\u0105cej stali szlachetnej.<\/p>\n<p>Kamienie zasupe\u0142kowane s\u0105 na czerwonej, mocnej nici jubilerskiej.<\/p>\n<p>Naszyjnik jest bezpieczny przy u\u017cywaniu zgodnie z jego zastosowaniem.<\/p>\n","protected":false},"excerpt":{"rendered":"<p>D\u0142ugi naszyjnik z grafitowymi hematytami, przeplatanymi z\u0142otymi hematytami, oraz wa\u0142eczkami onyksu, zwie\u0144czony m\u0142otkowanym k\u00f3\u0142kiem i okr\u0105g\u0142\u0105 zawieszk\u0105.<\/p>\n","protected":false},"featured_media":6788,"comment_status":"open","ping_status":"closed","template":"","meta":{"advanced_seo_description":"","jetpack_seo_html_title":"","jetpack_seo_noindex":false},"product_brand":[],"product_cat":[229],"product_tag":[2480,2479,2478,67,800],"class_list":{"0":"post-6787","1":"product","2":"type-product","3":"status-publish","4":"has-post-thumbnail","6":"product_cat-sprzedane","7":"product_tag-dlugi-naszyjnik-z-czarnymi-kamieniami-naturalnymi","8":"product_tag-dlugi-naszyjnik-z-czerwona-nitka","9":"product_tag-dlugi-naszyjnik-z-hematytami-i-onyksami-na-czerwonej-nitce","10":"product_tag-hematyt","11":"product_tag-onyks","13":"first","14":"outofstock","15":"shipping-taxable","16":"purchasable","17":"product-type-simple"},"jetpack_sharing_enabled":true,"_links":{"self":[{"href":"https:\/\/koraledetale.pl\/index.php?rest_route=\/wp\/v2\/product\/6787","targetHints":{"allow":["GET"]}}],"collection":[{"href":"https:\/\/koraledetale.pl\/index.php?rest_route=\/wp\/v2\/product"}],"about":[{"href":"https:\/\/koraledetale.pl\/index.php?rest_route=\/wp\/v2\/types\/product"}],"replies":[{"embeddable":true,"href":"https:\/\/koraledetale.pl\/index.php?rest_route=%2Fwp%2Fv2%2Fcomments&post=6787"}],"wp:featuredmedia":[{"embeddable":true,"href":"https:\/\/koraledetale.pl\/index.php?rest_route=\/wp\/v2\/media\/6788"}],"wp:attachment":[{"href":"https:\/\/koraledetale.pl\/index.php?rest_route=%2Fwp%2Fv2%2Fmedia&parent=6787"}],"wp:term":[{"taxonomy":"product_brand","embeddable":true,"href":"https:\/\/koraledetale.pl\/index.php?rest_route=%2Fwp%2Fv2%2Fproduct_brand&post=6787"},{"taxonomy":"product_cat","embeddable":true,"href":"https:\/\/koraledetale.pl\/index.php?rest_route=%2Fwp%2Fv2%2Fproduct_cat&post=6787"},{"taxonomy":"product_tag","embeddable":true,"href":"https:\/\/koraledetale.pl\/index.php?rest_route=%2Fwp%2Fv2%2Fproduct_tag&post=6787"}],"curies":[{"name":"wp","href":"https:\/\/api.w.org\/{rel}","templated":true}]}}