{"id":6782,"date":"2025-02-21T09:44:44","date_gmt":"2025-02-21T09:44:44","guid":{"rendered":"https:\/\/koraledetale.pl\/?post_type=product&#038;p=6782"},"modified":"2025-03-27T08:59:14","modified_gmt":"2025-03-27T08:59:14","slug":"naszyjnik-czary-z-kwarcem-z-czarnym-turmalinem","status":"publish","type":"product","link":"https:\/\/koraledetale.pl\/?product=naszyjnik-czary-z-kwarcem-z-czarnym-turmalinem","title":{"rendered":"Naszyjnik CZARY z kwarcem z czarnym turmalinem"},"content":{"rendered":"<p>Wielko\u015b\u0107 kamieni:<\/p>\n<ul>\n<li>kwarc z turmalinem \u2013 3 mm,<\/li>\n<li>czarny turmalin \u2013 33x9x7 mm (mierzone w najbardziej wystaj\u0105cych miejscach),<\/li>\n<li>hematyt \u20138x2mm, 2&#215;1 mm i 2 mm.<\/li>\n<\/ul>\n<p>D\u0142ugo\u015b\u0107 naszyjnika: 54,5 cm + 1,3 cm zawieszka.<\/p>\n<p>Wszystkie elementy metalowe wykonane s\u0105 z nieuczulaj\u0105cej stali szlachetnej.<\/p>\n<p>Kamienie zasupe\u0142kowane s\u0105 na czarnej, mocnej nici jubilerskiej.<\/p>\n<p>Naszyjnik jest bezpieczny przy u\u017cywaniu zgodnie z jego zastosowaniem.<\/p>\n","protected":false},"excerpt":{"rendered":"<p>Naszyjnik z g\u0142adkich kuleczek kwarcu z czarnym turmalinem, przeplatanymi z\u0142otymi hematytami, zwie\u0144czony zawieszk\u0105 z surowym czarnym turmalinem.<\/p>\n","protected":false},"featured_media":6783,"comment_status":"open","ping_status":"closed","template":"","meta":{"advanced_seo_description":"","jetpack_seo_html_title":"","jetpack_seo_noindex":false},"product_brand":[],"product_cat":[229],"product_tag":[288,2476,2033,1356,2474,2475,31],"class_list":{"0":"post-6782","1":"product","2":"type-product","3":"status-publish","4":"has-post-thumbnail","6":"product_cat-sprzedane","7":"product_tag-czarny-turmalin","8":"product_tag-kwarc-z-turmalinem","9":"product_tag-naszyjnik-z-czarnymi-kamieniami-naturalnymi","10":"product_tag-naszyjnik-z-kamieniami-ochronnymi","11":"product_tag-naszyjnik-z-kwarcami-z-czarnym-turmalinem","12":"product_tag-naszyjnik-z-surowym-turmalinem","13":"product_tag-zloty-hematyt","15":"first","16":"outofstock","17":"shipping-taxable","18":"purchasable","19":"product-type-simple"},"jetpack_sharing_enabled":true,"_links":{"self":[{"href":"https:\/\/koraledetale.pl\/index.php?rest_route=\/wp\/v2\/product\/6782","targetHints":{"allow":["GET"]}}],"collection":[{"href":"https:\/\/koraledetale.pl\/index.php?rest_route=\/wp\/v2\/product"}],"about":[{"href":"https:\/\/koraledetale.pl\/index.php?rest_route=\/wp\/v2\/types\/product"}],"replies":[{"embeddable":true,"href":"https:\/\/koraledetale.pl\/index.php?rest_route=%2Fwp%2Fv2%2Fcomments&post=6782"}],"wp:featuredmedia":[{"embeddable":true,"href":"https:\/\/koraledetale.pl\/index.php?rest_route=\/wp\/v2\/media\/6783"}],"wp:attachment":[{"href":"https:\/\/koraledetale.pl\/index.php?rest_route=%2Fwp%2Fv2%2Fmedia&parent=6782"}],"wp:term":[{"taxonomy":"product_brand","embeddable":true,"href":"https:\/\/koraledetale.pl\/index.php?rest_route=%2Fwp%2Fv2%2Fproduct_brand&post=6782"},{"taxonomy":"product_cat","embeddable":true,"href":"https:\/\/koraledetale.pl\/index.php?rest_route=%2Fwp%2Fv2%2Fproduct_cat&post=6782"},{"taxonomy":"product_tag","embeddable":true,"href":"https:\/\/koraledetale.pl\/index.php?rest_route=%2Fwp%2Fv2%2Fproduct_tag&post=6782"}],"curies":[{"name":"wp","href":"https:\/\/api.w.org\/{rel}","templated":true}]}}