{"id":677,"date":"2021-06-04T18:35:13","date_gmt":"2021-06-04T18:35:13","guid":{"rendered":"https:\/\/koraledetale.pl\/?post_type=product&#038;p=677"},"modified":"2024-11-11T11:09:02","modified_gmt":"2024-11-11T11:09:02","slug":"naszyjnik-kianit-i-iolit","status":"publish","type":"product","link":"https:\/\/koraledetale.pl\/?product=naszyjnik-kianit-i-iolit","title":{"rendered":"Naszyjnik KIANIT I IOLIT"},"content":{"rendered":"<p>Wielko\u015b\u0107 kamieni:<\/p>\n<ul>\n<li>iolit &#8211; 4&#215;2 mm,<\/li>\n<li>kianit &#8211; 10&#215;7 mm,<\/li>\n<li>hematyt &#8211; 2 mm.<\/li>\n<\/ul>\n<p>D\u0142ugo\u015b\u0107 naszyjnika: 41,5 -45,5 cm.<\/p>\n","protected":false},"excerpt":{"rendered":"<p>Kr\u00f3tki naszyjnik z ciosanych iolit\u00f3w, przeplatanych z\u0142otymi hematytami, z \u0142ezk\u0105 \u0142agodnie szlifowanego kianitu. kamienie zasupe\u0142kowane s\u0105 na granatowej, mocnej nitce jubilerskiej. Zapi\u0119cie wykonane jest ze stali chirurgicznej (szlachetnej).<\/p>\n","protected":false},"featured_media":680,"comment_status":"open","ping_status":"closed","template":"","meta":{"advanced_seo_description":"","jetpack_seo_html_title":"","jetpack_seo_noindex":false},"product_brand":[],"product_cat":[229],"product_tag":[280,278,21,279,36,37],"class_list":{"0":"post-677","1":"product","2":"type-product","3":"status-publish","4":"has-post-thumbnail","6":"product_cat-sprzedane","7":"product_tag-krotki-naszyjnik-z-kamieniami-naturalnymi","8":"product_tag-naszyjnik-z-iolitow","9":"product_tag-naszyjnik-z-kamieni-naturalnych","10":"product_tag-naszyjnik-z-kianitem","11":"product_tag-stal-chirurgiczna","12":"product_tag-stal-szlachetna","14":"first","15":"outofstock","16":"shipping-taxable","17":"product-type-simple"},"jetpack_sharing_enabled":true,"_links":{"self":[{"href":"https:\/\/koraledetale.pl\/index.php?rest_route=\/wp\/v2\/product\/677","targetHints":{"allow":["GET"]}}],"collection":[{"href":"https:\/\/koraledetale.pl\/index.php?rest_route=\/wp\/v2\/product"}],"about":[{"href":"https:\/\/koraledetale.pl\/index.php?rest_route=\/wp\/v2\/types\/product"}],"replies":[{"embeddable":true,"href":"https:\/\/koraledetale.pl\/index.php?rest_route=%2Fwp%2Fv2%2Fcomments&post=677"}],"wp:featuredmedia":[{"embeddable":true,"href":"https:\/\/koraledetale.pl\/index.php?rest_route=\/wp\/v2\/media\/680"}],"wp:attachment":[{"href":"https:\/\/koraledetale.pl\/index.php?rest_route=%2Fwp%2Fv2%2Fmedia&parent=677"}],"wp:term":[{"taxonomy":"product_brand","embeddable":true,"href":"https:\/\/koraledetale.pl\/index.php?rest_route=%2Fwp%2Fv2%2Fproduct_brand&post=677"},{"taxonomy":"product_cat","embeddable":true,"href":"https:\/\/koraledetale.pl\/index.php?rest_route=%2Fwp%2Fv2%2Fproduct_cat&post=677"},{"taxonomy":"product_tag","embeddable":true,"href":"https:\/\/koraledetale.pl\/index.php?rest_route=%2Fwp%2Fv2%2Fproduct_tag&post=677"}],"curies":[{"name":"wp","href":"https:\/\/api.w.org\/{rel}","templated":true}]}}