{"id":6766,"date":"2025-02-19T10:44:02","date_gmt":"2025-02-19T10:44:02","guid":{"rendered":"https:\/\/koraledetale.pl\/?post_type=product&#038;p=6766"},"modified":"2025-07-26T05:50:43","modified_gmt":"2025-07-26T05:50:43","slug":"naszyjnik-pozadanie-z-amertynami","status":"publish","type":"product","link":"https:\/\/koraledetale.pl\/?product=naszyjnik-pozadanie-z-amertynami","title":{"rendered":"Naszyjnik PO\u017b\u0104DANIE z amertynami"},"content":{"rendered":"<p>Wielko\u015b\u0107 kamieni:<\/p>\n<ul>\n<li>amertyn \u2013 ok. 9&#215;7 mm,<\/li>\n<li>ametyst &#8211; 10,5&#215;7,5 mm (\u0142ezka),<\/li>\n<li>cytryn &#8211; 10&#215;6 mm (wa\u0142eczek),<\/li>\n<li>hematyt \u20133x2mm i 2 mm.<\/li>\n<\/ul>\n<p>D\u0142ugo\u015b\u0107 naszyjnika: 50 cm + zawieszka (z k\u00f3\u0142kiem) 3,7 cm.<\/p>\n<p>Wszystkie elementy metalowe wykonane s\u0105 z nieuczulaj\u0105cej stali szlachetnej.<\/p>\n<p>Kamienie zasupe\u0142kowane s\u0105 na fioletowej, mocnej nici jubilerskiej.<\/p>\n<p>Naszyjnik jest bezpieczny przy u\u017cywaniu zgodnie z jego zastosowaniem.<\/p>\n","protected":false},"excerpt":{"rendered":"<p>Naszyjnik z g\u0142adkimi, nieregularnymi bry\u0142kami amertynu, z wplecionym wa\u0142eczkiem cytrynu i z\u0142otymi hematytami, z zapi\u0119ciem z przodu, od kt\u00f3rego odchodzi zawieszka &#8211; sierp ksi\u0119\u017cyca z \u0142ezk\u0105 ametystu.<\/p>\n","protected":false},"featured_media":6768,"comment_status":"open","ping_status":"closed","template":"","meta":{"advanced_seo_description":"","jetpack_seo_html_title":"","jetpack_seo_noindex":false},"product_brand":[],"product_cat":[229],"product_tag":[243,38,193,501,2468,2469,2442,2470,274],"class_list":{"0":"post-6766","1":"product","2":"type-product","3":"status-publish","4":"has-post-thumbnail","6":"product_cat-sprzedane","7":"product_tag-amertyn","8":"product_tag-ametyst","9":"product_tag-cytryn","10":"product_tag-ksiezyc","11":"product_tag-naszyjnik-z-amertynami","12":"product_tag-naszyjnik-z-ametystami","13":"product_tag-naszyjnik-z-cytrynami","14":"product_tag-naszyjnik-z-fioletowymi-kamieniami-naturalnymi","15":"product_tag-naszyjnik-z-ksiezycem","17":"first","18":"outofstock","19":"shipping-taxable","20":"purchasable","21":"product-type-simple"},"jetpack_sharing_enabled":true,"_links":{"self":[{"href":"https:\/\/koraledetale.pl\/index.php?rest_route=\/wp\/v2\/product\/6766","targetHints":{"allow":["GET"]}}],"collection":[{"href":"https:\/\/koraledetale.pl\/index.php?rest_route=\/wp\/v2\/product"}],"about":[{"href":"https:\/\/koraledetale.pl\/index.php?rest_route=\/wp\/v2\/types\/product"}],"replies":[{"embeddable":true,"href":"https:\/\/koraledetale.pl\/index.php?rest_route=%2Fwp%2Fv2%2Fcomments&post=6766"}],"wp:featuredmedia":[{"embeddable":true,"href":"https:\/\/koraledetale.pl\/index.php?rest_route=\/wp\/v2\/media\/6768"}],"wp:attachment":[{"href":"https:\/\/koraledetale.pl\/index.php?rest_route=%2Fwp%2Fv2%2Fmedia&parent=6766"}],"wp:term":[{"taxonomy":"product_brand","embeddable":true,"href":"https:\/\/koraledetale.pl\/index.php?rest_route=%2Fwp%2Fv2%2Fproduct_brand&post=6766"},{"taxonomy":"product_cat","embeddable":true,"href":"https:\/\/koraledetale.pl\/index.php?rest_route=%2Fwp%2Fv2%2Fproduct_cat&post=6766"},{"taxonomy":"product_tag","embeddable":true,"href":"https:\/\/koraledetale.pl\/index.php?rest_route=%2Fwp%2Fv2%2Fproduct_tag&post=6766"}],"curies":[{"name":"wp","href":"https:\/\/api.w.org\/{rel}","templated":true}]}}