{"id":6760,"date":"2025-02-18T10:36:41","date_gmt":"2025-02-18T10:36:41","guid":{"rendered":"https:\/\/koraledetale.pl\/?post_type=product&#038;p=6760"},"modified":"2025-08-09T18:33:38","modified_gmt":"2025-08-09T18:33:38","slug":"naszyjnik-sepia-z-kwarcami-dymnymi-i-perla","status":"publish","type":"product","link":"https:\/\/koraledetale.pl\/?product=naszyjnik-sepia-z-kwarcami-dymnymi-i-perla","title":{"rendered":"Naszyjnik SEPIA z kwarcami dymnymi i per\u0142\u0105"},"content":{"rendered":"<p>Wielko\u015b\u0107 kamieni:<\/p>\n<ul>\n<li>kwarc dymny \u2013 3&#215;2 mm,<\/li>\n<li>per\u0142a &#8211; 4,2 mm,<\/li>\n<li>hematyt \u2013 3&#215;1 mm i 2 mm.<\/li>\n<\/ul>\n<p>D\u0142ugo\u015b\u0107 naszyjnika: 38-43 cm + 1,3 cm zawieszka.<\/p>\n<p>Wszystkie elementy metalowe wykonane s\u0105 z nieuczulaj\u0105cej stali szlachetnej.<\/p>\n<p>Kamienie zasupe\u0142kowane s\u0105 na br\u0105zowej, mocnej nici jubilerskiej.<\/p>\n<p>Naszyjnik jest bezpieczny przy u\u017cywaniu zgodnie z jego zastosowaniem.<\/p>\n","protected":false},"excerpt":{"rendered":"<p>Naszyjnik z cieniowanymi oponkami kwarcu dymnego, przeplatanymi z\u0142otymi hematytami, z zawieszkami &#8211; prostok\u0105tn\u0105, g\u0142adk\u0105 blaszk\u0105 i szar\u0105 per\u0142\u0105.<\/p>\n","protected":false},"featured_media":6765,"comment_status":"open","ping_status":"closed","template":"","meta":{"advanced_seo_description":"","jetpack_seo_html_title":"","jetpack_seo_noindex":false},"product_brand":[],"product_cat":[229],"product_tag":[63,2467,2466,2465,61,31],"class_list":{"0":"post-6760","1":"product","2":"type-product","3":"status-publish","4":"has-post-thumbnail","6":"product_cat-sprzedane","7":"product_tag-kwarc-dymny","8":"product_tag-naszyjnik-z-brazowymi-kamieniami","9":"product_tag-naszyjnik-z-cieniowanymi-kwarcami-dymnymi","10":"product_tag-naszyjnik-z-cieniwanymi-kamieniami-naturalnymi","11":"product_tag-szara-perla","12":"product_tag-zloty-hematyt","14":"first","15":"outofstock","16":"shipping-taxable","17":"purchasable","18":"product-type-simple"},"jetpack_sharing_enabled":true,"_links":{"self":[{"href":"https:\/\/koraledetale.pl\/index.php?rest_route=\/wp\/v2\/product\/6760","targetHints":{"allow":["GET"]}}],"collection":[{"href":"https:\/\/koraledetale.pl\/index.php?rest_route=\/wp\/v2\/product"}],"about":[{"href":"https:\/\/koraledetale.pl\/index.php?rest_route=\/wp\/v2\/types\/product"}],"replies":[{"embeddable":true,"href":"https:\/\/koraledetale.pl\/index.php?rest_route=%2Fwp%2Fv2%2Fcomments&post=6760"}],"wp:featuredmedia":[{"embeddable":true,"href":"https:\/\/koraledetale.pl\/index.php?rest_route=\/wp\/v2\/media\/6765"}],"wp:attachment":[{"href":"https:\/\/koraledetale.pl\/index.php?rest_route=%2Fwp%2Fv2%2Fmedia&parent=6760"}],"wp:term":[{"taxonomy":"product_brand","embeddable":true,"href":"https:\/\/koraledetale.pl\/index.php?rest_route=%2Fwp%2Fv2%2Fproduct_brand&post=6760"},{"taxonomy":"product_cat","embeddable":true,"href":"https:\/\/koraledetale.pl\/index.php?rest_route=%2Fwp%2Fv2%2Fproduct_cat&post=6760"},{"taxonomy":"product_tag","embeddable":true,"href":"https:\/\/koraledetale.pl\/index.php?rest_route=%2Fwp%2Fv2%2Fproduct_tag&post=6760"}],"curies":[{"name":"wp","href":"https:\/\/api.w.org\/{rel}","templated":true}]}}