{"id":6737,"date":"2025-02-11T11:24:06","date_gmt":"2025-02-11T11:24:06","guid":{"rendered":"https:\/\/koraledetale.pl\/?post_type=product&#038;p=6737"},"modified":"2025-03-16T18:42:05","modified_gmt":"2025-03-16T18:42:05","slug":"naszyjnik-jasna-strona-ksiezyca-z-hematytami-i-perla","status":"publish","type":"product","link":"https:\/\/koraledetale.pl\/?product=naszyjnik-jasna-strona-ksiezyca-z-hematytami-i-perla","title":{"rendered":"Naszyjnik JASNA STRONA KSI\u0118\u017bYCA z hematytami i per\u0142\u0105"},"content":{"rendered":"<p>Wielko\u015b\u0107 kamieni:<\/p>\n<ul>\n<li>hematyt \u2013 3,5 mm,<\/li>\n<li>per\u0142a \u2013 13&#215;9 mm.<\/li>\n<\/ul>\n<p>D\u0142ugo\u015b\u0107 naszyjnika: 87 cm.<\/p>\n<p>Wszystkie elementy metalowe wykonane s\u0105 z nieuczulaj\u0105cej stali szlachetnej.<\/p>\n<p>Kamienie zasupe\u0142kowane s\u0105 na br\u0105zowej, mocnej nici jubilerskiej.<\/p>\n<p>Naszyjnik jest bezpieczny przy u\u017cywaniu zgodnie z jego zastosowaniem.<\/p>\n","protected":false},"excerpt":{"rendered":"<p>D\u0142ugi naszyjnik z g\u0142adkimi, srebrnymi hematytami, szar\u0105, du\u017c\u0105 per\u0142\u0105 i okr\u0105g\u0142ymi, m\u0142otkowanymi blaszkami w z\u0142otym wyko\u0144czeniu.<\/p>\n","protected":false},"featured_media":6725,"comment_status":"open","ping_status":"closed","template":"","meta":{"advanced_seo_description":"","jetpack_seo_html_title":"","jetpack_seo_noindex":false},"product_brand":[],"product_cat":[229],"product_tag":[2455,2454,66,2456,26,61],"class_list":{"0":"post-6737","1":"product","2":"type-product","3":"status-publish","4":"has-post-thumbnail","6":"product_cat-sprzedane","7":"product_tag-dlugi-naszyjnik-z-hematytami-i-perla","8":"product_tag-dlugi-naszyjnik-ze-srebrnymi-hematytami-i-zlotymi-blaszkami","9":"product_tag-naszyjnik-z-kamieniami-naturalnymi","10":"product_tag-naszyjnik-z-szara-perla","11":"product_tag-srebrny-hematyt","12":"product_tag-szara-perla","14":"first","15":"outofstock","16":"shipping-taxable","17":"purchasable","18":"product-type-simple"},"jetpack_sharing_enabled":true,"_links":{"self":[{"href":"https:\/\/koraledetale.pl\/index.php?rest_route=\/wp\/v2\/product\/6737","targetHints":{"allow":["GET"]}}],"collection":[{"href":"https:\/\/koraledetale.pl\/index.php?rest_route=\/wp\/v2\/product"}],"about":[{"href":"https:\/\/koraledetale.pl\/index.php?rest_route=\/wp\/v2\/types\/product"}],"replies":[{"embeddable":true,"href":"https:\/\/koraledetale.pl\/index.php?rest_route=%2Fwp%2Fv2%2Fcomments&post=6737"}],"wp:featuredmedia":[{"embeddable":true,"href":"https:\/\/koraledetale.pl\/index.php?rest_route=\/wp\/v2\/media\/6725"}],"wp:attachment":[{"href":"https:\/\/koraledetale.pl\/index.php?rest_route=%2Fwp%2Fv2%2Fmedia&parent=6737"}],"wp:term":[{"taxonomy":"product_brand","embeddable":true,"href":"https:\/\/koraledetale.pl\/index.php?rest_route=%2Fwp%2Fv2%2Fproduct_brand&post=6737"},{"taxonomy":"product_cat","embeddable":true,"href":"https:\/\/koraledetale.pl\/index.php?rest_route=%2Fwp%2Fv2%2Fproduct_cat&post=6737"},{"taxonomy":"product_tag","embeddable":true,"href":"https:\/\/koraledetale.pl\/index.php?rest_route=%2Fwp%2Fv2%2Fproduct_tag&post=6737"}],"curies":[{"name":"wp","href":"https:\/\/api.w.org\/{rel}","templated":true}]}}