{"id":6715,"date":"2025-02-10T11:54:44","date_gmt":"2025-02-10T11:54:44","guid":{"rendered":"https:\/\/koraledetale.pl\/?post_type=product&#038;p=6715"},"modified":"2025-02-10T11:54:44","modified_gmt":"2025-02-10T11:54:44","slug":"naszyjnik-zywiol-z-amazonitami-turmalinami-opalami-i-lepidolitem","status":"publish","type":"product","link":"https:\/\/koraledetale.pl\/?product=naszyjnik-zywiol-z-amazonitami-turmalinami-opalami-i-lepidolitem","title":{"rendered":"Naszyjnik \u017bYWIO\u0141 z amazonitami, turmalinami, opalami i lepidolitem"},"content":{"rendered":"<p>Wielko\u015b\u0107 kamieni:<\/p>\n<ul>\n<li>amazonit \u2013 8,5&#215;5 mm,<\/li>\n<li>turmalin &#8211; 8,5&#215;5 mm,<\/li>\n<li>opal &#8211; 9&#215;5,5 mm,<\/li>\n<li>lepidolit &#8211; 14,5&#215;8 mm,<\/li>\n<li>hematyt &#8211; 2,5&#215;2 mm i 2 mm.<\/li>\n<\/ul>\n<p>D\u0142ugo\u015b\u0107 naszyjnika:\u00a0 43,5 cm.<\/p>\n<p>Wszystkie elementy metalowe wykonane s\u0105 z nieuczulaj\u0105cej stali szlachetnej.<\/p>\n<p>Naszyjnik jest bezpieczny przy u\u017cywaniu zgodnie z jego zastosowaniem.<\/p>\n","protected":false},"excerpt":{"rendered":"<p>Kr\u00f3tki naszyjnik z oponkami amazonitu, przeplatanymi rubinowymi turmalinami, r\u00f3\u017cowymi opalami i z\u0142otymi hematytami, z wa\u0142eczkiem lepidolitu po\u015brodku.<\/p>\n","protected":false},"featured_media":6718,"comment_status":"open","ping_status":"closed","template":"","meta":{"advanced_seo_description":"","jetpack_seo_html_title":"","jetpack_seo_noindex":false},"product_brand":[],"product_cat":[15],"product_tag":[53,2446,1215,2447,2448,806,59,31],"class_list":{"0":"post-6715","1":"product","2":"type-product","3":"status-publish","4":"has-post-thumbnail","6":"product_cat-naszyjniki","7":"product_tag-amazonit","8":"product_tag-choker-z-amazonitami-lepidolitem-opalami-i-turmalinami","9":"product_tag-lepidolit","10":"product_tag-naszyjnik-z-amazonitami-turmalinami-opalami-i-lepidolitem","11":"product_tag-naszyjnik-z-pastelowymi-kamieniami-naturalnymi","12":"product_tag-opal","13":"product_tag-rozowy-turmalin","14":"product_tag-zloty-hematyt","16":"first","17":"instock","18":"shipping-taxable","19":"purchasable","20":"product-type-simple"},"jetpack_sharing_enabled":true,"_links":{"self":[{"href":"https:\/\/koraledetale.pl\/index.php?rest_route=\/wp\/v2\/product\/6715","targetHints":{"allow":["GET"]}}],"collection":[{"href":"https:\/\/koraledetale.pl\/index.php?rest_route=\/wp\/v2\/product"}],"about":[{"href":"https:\/\/koraledetale.pl\/index.php?rest_route=\/wp\/v2\/types\/product"}],"replies":[{"embeddable":true,"href":"https:\/\/koraledetale.pl\/index.php?rest_route=%2Fwp%2Fv2%2Fcomments&post=6715"}],"wp:featuredmedia":[{"embeddable":true,"href":"https:\/\/koraledetale.pl\/index.php?rest_route=\/wp\/v2\/media\/6718"}],"wp:attachment":[{"href":"https:\/\/koraledetale.pl\/index.php?rest_route=%2Fwp%2Fv2%2Fmedia&parent=6715"}],"wp:term":[{"taxonomy":"product_brand","embeddable":true,"href":"https:\/\/koraledetale.pl\/index.php?rest_route=%2Fwp%2Fv2%2Fproduct_brand&post=6715"},{"taxonomy":"product_cat","embeddable":true,"href":"https:\/\/koraledetale.pl\/index.php?rest_route=%2Fwp%2Fv2%2Fproduct_cat&post=6715"},{"taxonomy":"product_tag","embeddable":true,"href":"https:\/\/koraledetale.pl\/index.php?rest_route=%2Fwp%2Fv2%2Fproduct_tag&post=6715"}],"curies":[{"name":"wp","href":"https:\/\/api.w.org\/{rel}","templated":true}]}}