{"id":6693,"date":"2025-01-23T18:34:13","date_gmt":"2025-01-23T18:34:13","guid":{"rendered":"https:\/\/koraledetale.pl\/?post_type=product&#038;p=6693"},"modified":"2025-01-26T04:56:41","modified_gmt":"2025-01-26T04:56:41","slug":"bransoletka-ladna-ze-spinelami","status":"publish","type":"product","link":"https:\/\/koraledetale.pl\/?product=bransoletka-ladna-ze-spinelami","title":{"rendered":"Bransoletka \u0141ADNA ze spinelami"},"content":{"rendered":"<p>Wielko\u015b\u0107 kamieni:<\/p>\n<ul>\n<li>spinel \u2013 3 mm,<\/li>\n<li>hematyt \u2013 2,5 mm.<\/li>\n<\/ul>\n<p>D\u0142ugo\u015b\u0107 bransoletki:\u00a0 14,5\u2013 23 cm.<\/p>\n<p>Kamienie nanizane s\u0105 na cielisty sznurek jubilerski, z przesuwan\u0105 kuleczk\u0105, dzi\u0119ki kt\u00f3rej wyregulujesz odpowiedni obw\u00f3d.<\/p>\n<p>Wszystkie elementy metalowe wykonane s\u0105 z nieuczulaj\u0105cej stali szlachetnej.<\/p>\n<p>Bransoletka jest bezpieczna przy u\u017cywaniu zgodnie z jej zastosowaniem.<\/p>\n","protected":false},"excerpt":{"rendered":"<p>Bransoletka z cieniowanymi spinelami (od burgundu i przygaszonej czerwieni, przez pomara\u0144cze, do fioletu i r\u00f3\u017cu), przeplatanymi z\u0142otymi hematytami.<\/p>\n","protected":false},"featured_media":6680,"comment_status":"open","ping_status":"closed","template":"","meta":{"advanced_seo_description":"","jetpack_seo_html_title":"","jetpack_seo_noindex":false},"product_brand":[],"product_cat":[229],"product_tag":[1458,2439,2440,39,31],"class_list":{"0":"post-6693","1":"product","2":"type-product","3":"status-publish","4":"has-post-thumbnail","6":"product_cat-sprzedane","7":"product_tag-bransoletka-na-sznureczku-z-kamieniami-naturalnymi","8":"product_tag-bransoletka-na-sznureczku-ze-spinelami","9":"product_tag-bransoletka-z-cieniowanymi-kamieniami-naturalnymi","10":"product_tag-spinel","11":"product_tag-zloty-hematyt","13":"first","14":"outofstock","15":"shipping-taxable","16":"purchasable","17":"product-type-simple"},"jetpack_sharing_enabled":true,"_links":{"self":[{"href":"https:\/\/koraledetale.pl\/index.php?rest_route=\/wp\/v2\/product\/6693","targetHints":{"allow":["GET"]}}],"collection":[{"href":"https:\/\/koraledetale.pl\/index.php?rest_route=\/wp\/v2\/product"}],"about":[{"href":"https:\/\/koraledetale.pl\/index.php?rest_route=\/wp\/v2\/types\/product"}],"replies":[{"embeddable":true,"href":"https:\/\/koraledetale.pl\/index.php?rest_route=%2Fwp%2Fv2%2Fcomments&post=6693"}],"wp:featuredmedia":[{"embeddable":true,"href":"https:\/\/koraledetale.pl\/index.php?rest_route=\/wp\/v2\/media\/6680"}],"wp:attachment":[{"href":"https:\/\/koraledetale.pl\/index.php?rest_route=%2Fwp%2Fv2%2Fmedia&parent=6693"}],"wp:term":[{"taxonomy":"product_brand","embeddable":true,"href":"https:\/\/koraledetale.pl\/index.php?rest_route=%2Fwp%2Fv2%2Fproduct_brand&post=6693"},{"taxonomy":"product_cat","embeddable":true,"href":"https:\/\/koraledetale.pl\/index.php?rest_route=%2Fwp%2Fv2%2Fproduct_cat&post=6693"},{"taxonomy":"product_tag","embeddable":true,"href":"https:\/\/koraledetale.pl\/index.php?rest_route=%2Fwp%2Fv2%2Fproduct_tag&post=6693"}],"curies":[{"name":"wp","href":"https:\/\/api.w.org\/{rel}","templated":true}]}}