{"id":6664,"date":"2025-01-19T15:57:05","date_gmt":"2025-01-19T15:57:05","guid":{"rendered":"https:\/\/koraledetale.pl\/?post_type=product&#038;p=6664"},"modified":"2025-08-05T10:08:23","modified_gmt":"2025-08-05T10:08:23","slug":"naszyjnik-jedwabny-z-akwamarynem-i-labradorytem","status":"publish","type":"product","link":"https:\/\/koraledetale.pl\/?product=naszyjnik-jedwabny-z-akwamarynem-i-labradorytem","title":{"rendered":"Naszyjnik JEDWABNY z akwamarynem i labradorytem"},"content":{"rendered":"<p>Wielko\u015b\u0107 kamieni:<\/p>\n<ul>\n<li>akwamaryn &#8211; 14 x 11 x 7,5 mm,<\/li>\n<li>labradoryt &#8211; 17x10x5 mm.<\/li>\n<\/ul>\n<p>D\u0142ugo\u015b\u0107 naszyjnika do 68 cm + zawieszka 3,5 cm.<\/p>\n<p>Wszystkie elementy metalowe wykonane s\u0105 z nieuczulaj\u0105cej stali szlachetnej.<\/p>\n<p>Naszyjnik jest bezpieczny przy u\u017cywaniu zgodnie z jego zastosowaniem.<\/p>\n","protected":false},"excerpt":{"rendered":"<p>Naszyjnik z bry\u0142k\u0105 akwamarynu oraz p\u00f3\u0142okr\u0105g\u0142ym labradorytem z zielononiebiesk\u0105 zorz\u0105, zawieszonymi na zielonej, jedwabnej tasiemce.<\/p>\n","protected":false},"featured_media":6662,"comment_status":"open","ping_status":"closed","template":"","meta":{"advanced_seo_description":"","jetpack_seo_html_title":"","jetpack_seo_noindex":false},"product_brand":[],"product_cat":[229],"product_tag":[93,2430,478,2428,2429,56],"class_list":{"0":"post-6664","1":"product","2":"type-product","3":"status-publish","4":"has-post-thumbnail","6":"product_cat-sprzedane","7":"product_tag-akwamaryn","8":"product_tag-akwamaryn-i-labradoryt-na-zielonym-jedwabiu","9":"product_tag-jedwab","10":"product_tag-jedwabny-naszyjnik-z-akwamarynem-i-labradorytem","11":"product_tag-jedwabny-naszyjnik-z-kamieniami-naturalnymi","12":"product_tag-labradoryt","14":"first","15":"outofstock","16":"shipping-taxable","17":"purchasable","18":"product-type-simple"},"jetpack_sharing_enabled":true,"_links":{"self":[{"href":"https:\/\/koraledetale.pl\/index.php?rest_route=\/wp\/v2\/product\/6664","targetHints":{"allow":["GET"]}}],"collection":[{"href":"https:\/\/koraledetale.pl\/index.php?rest_route=\/wp\/v2\/product"}],"about":[{"href":"https:\/\/koraledetale.pl\/index.php?rest_route=\/wp\/v2\/types\/product"}],"replies":[{"embeddable":true,"href":"https:\/\/koraledetale.pl\/index.php?rest_route=%2Fwp%2Fv2%2Fcomments&post=6664"}],"wp:featuredmedia":[{"embeddable":true,"href":"https:\/\/koraledetale.pl\/index.php?rest_route=\/wp\/v2\/media\/6662"}],"wp:attachment":[{"href":"https:\/\/koraledetale.pl\/index.php?rest_route=%2Fwp%2Fv2%2Fmedia&parent=6664"}],"wp:term":[{"taxonomy":"product_brand","embeddable":true,"href":"https:\/\/koraledetale.pl\/index.php?rest_route=%2Fwp%2Fv2%2Fproduct_brand&post=6664"},{"taxonomy":"product_cat","embeddable":true,"href":"https:\/\/koraledetale.pl\/index.php?rest_route=%2Fwp%2Fv2%2Fproduct_cat&post=6664"},{"taxonomy":"product_tag","embeddable":true,"href":"https:\/\/koraledetale.pl\/index.php?rest_route=%2Fwp%2Fv2%2Fproduct_tag&post=6664"}],"curies":[{"name":"wp","href":"https:\/\/api.w.org\/{rel}","templated":true}]}}