{"id":6654,"date":"2025-01-19T15:38:41","date_gmt":"2025-01-19T15:38:41","guid":{"rendered":"https:\/\/koraledetale.pl\/?post_type=product&#038;p=6654"},"modified":"2025-01-21T17:18:36","modified_gmt":"2025-01-21T17:18:36","slug":"naszyjnik-jewabny-rutyl-z-perla","status":"publish","type":"product","link":"https:\/\/koraledetale.pl\/?product=naszyjnik-jewabny-rutyl-z-perla","title":{"rendered":"Naszyjnik JEDWABNY z kwarcem rutylowym i per\u0142\u0105"},"content":{"rendered":"<p>Wielko\u015b\u0107 kamieni:<\/p>\n<ul>\n<li>kwarc z rutylem &#8211; 22,5 x 16 x 8 mm,<\/li>\n<li>per\u0142a &#8211; 20x8x4,5 mm.<\/li>\n<\/ul>\n<p>D\u0142ugo\u015b\u0107 naszyjnika do 53,5 cm + zawieszka 4 cm.<\/p>\n<p>Wszystkie elementy metalowe wykonane s\u0105 z nieuczulaj\u0105cej stali szlachetnej.<\/p>\n<p>Naszyjnik jest bezpieczny przy u\u017cywaniu zgodnie z jego zastosowaniem.<\/p>\n","protected":false},"excerpt":{"rendered":"<p>Naszyjnik z du\u017c\u0105 \u0142ezk\u0105 kwarcu z zatopionymi z\u0142otymi niteczkami rutylu oraz pod\u0142u\u017cn\u0105 per\u0142\u0105, zawieszonymi na ceglastoczerownej, jedwabnej tasiemce.<\/p>\n","protected":false},"featured_media":6660,"comment_status":"open","ping_status":"closed","template":"","meta":{"advanced_seo_description":"","jetpack_seo_html_title":"","jetpack_seo_noindex":false},"product_brand":[],"product_cat":[229],"product_tag":[478,2425,2427,2426,480,57],"class_list":{"0":"post-6654","1":"product","2":"type-product","3":"status-publish","4":"has-post-thumbnail","6":"product_cat-sprzedane","7":"product_tag-jedwab","8":"product_tag-jedwabny-naszyjnik-z-kwarcem-rutylowym-i-perla","9":"product_tag-kamienie-naturalne-na-jedwanej-tasiemce","10":"product_tag-kwarc-rutylowy-i-perla-na-jedwabiu","11":"product_tag-kwarc-z-rutylem","12":"product_tag-perla","14":"first","15":"outofstock","16":"shipping-taxable","17":"purchasable","18":"product-type-simple"},"jetpack_sharing_enabled":true,"_links":{"self":[{"href":"https:\/\/koraledetale.pl\/index.php?rest_route=\/wp\/v2\/product\/6654","targetHints":{"allow":["GET"]}}],"collection":[{"href":"https:\/\/koraledetale.pl\/index.php?rest_route=\/wp\/v2\/product"}],"about":[{"href":"https:\/\/koraledetale.pl\/index.php?rest_route=\/wp\/v2\/types\/product"}],"replies":[{"embeddable":true,"href":"https:\/\/koraledetale.pl\/index.php?rest_route=%2Fwp%2Fv2%2Fcomments&post=6654"}],"wp:featuredmedia":[{"embeddable":true,"href":"https:\/\/koraledetale.pl\/index.php?rest_route=\/wp\/v2\/media\/6660"}],"wp:attachment":[{"href":"https:\/\/koraledetale.pl\/index.php?rest_route=%2Fwp%2Fv2%2Fmedia&parent=6654"}],"wp:term":[{"taxonomy":"product_brand","embeddable":true,"href":"https:\/\/koraledetale.pl\/index.php?rest_route=%2Fwp%2Fv2%2Fproduct_brand&post=6654"},{"taxonomy":"product_cat","embeddable":true,"href":"https:\/\/koraledetale.pl\/index.php?rest_route=%2Fwp%2Fv2%2Fproduct_cat&post=6654"},{"taxonomy":"product_tag","embeddable":true,"href":"https:\/\/koraledetale.pl\/index.php?rest_route=%2Fwp%2Fv2%2Fproduct_tag&post=6654"}],"curies":[{"name":"wp","href":"https:\/\/api.w.org\/{rel}","templated":true}]}}