{"id":6646,"date":"2025-01-16T12:35:30","date_gmt":"2025-01-16T12:35:30","guid":{"rendered":"https:\/\/koraledetale.pl\/?post_type=product&#038;p=6646"},"modified":"2025-03-05T20:27:37","modified_gmt":"2025-03-05T20:27:37","slug":"bransoletka-tarocistka-z-kamieniami-wspierajacymi","status":"publish","type":"product","link":"https:\/\/koraledetale.pl\/?product=bransoletka-tarocistka-z-kamieniami-wspierajacymi","title":{"rendered":"Bransoletka TAROCISTKA z kamieniami wspieraj\u0105cymi"},"content":{"rendered":"<p>Wielko\u015b\u0107 kamieni:<\/p>\n<ul>\n<li>diopsyd &#8211; 4,5&#215;3 mm,<\/li>\n<li>kryszta\u0142 g\u00f3rski \u2013 3,2 mm,<\/li>\n<li>lapis lazuli &#8211; 3&#215;2,5 mm,<\/li>\n<li>kianit &#8211; 3,5 mm,<\/li>\n<li>czarny turmalin \u2013 3 mm,<\/li>\n<li>hematyt \u2013 2,5\u00d72 mm i 2 mm.<\/li>\n<\/ul>\n<p>D\u0142ugo\u015b\u0107 bransoletki:\u00a0 16,4\u2013 19,2 cm.<\/p>\n<p>Kamienie zasupe\u0142kowane s\u0105 na zielonej, mocnej nici jubilerskiej.<\/p>\n<p>Wszystkie elementy metalowe wykonane s\u0105 z nieuczulaj\u0105cej stali szlachetnej.<\/p>\n<p>Bransoletka jest bezpieczna przy u\u017cywaniu zgodnie z jej zastosowaniem.<\/p>\n","protected":false},"excerpt":{"rendered":"<p>Bransoletka z kolorowymi kamieniami: diopsydami, lapis lazuli, kianitami, czarnymi turmalinami i kryszta\u0142ami g\u00f3rskimi, przeplatanymi z\u0142otymi hematytami.<\/p>\n","protected":false},"featured_media":6633,"comment_status":"open","ping_status":"closed","template":"","meta":{"advanced_seo_description":"","jetpack_seo_html_title":"","jetpack_seo_noindex":false},"product_brand":[],"product_cat":[229],"product_tag":[2422,1949,288,323,702,1409,31],"class_list":{"0":"post-6646","1":"product","2":"type-product","3":"status-publish","4":"has-post-thumbnail","6":"product_cat-sprzedane","7":"product_tag-bransoletka-z-kamieniami-wspierajacymi","8":"product_tag-bransoletka-z-kolorowymi-kamieniami-naturalnymi","9":"product_tag-czarny-turmalin","10":"product_tag-kianit","11":"product_tag-krysztal-gorski","12":"product_tag-lapis-lazuli","13":"product_tag-zloty-hematyt","15":"first","16":"outofstock","17":"shipping-taxable","18":"purchasable","19":"product-type-simple"},"jetpack_sharing_enabled":true,"_links":{"self":[{"href":"https:\/\/koraledetale.pl\/index.php?rest_route=\/wp\/v2\/product\/6646","targetHints":{"allow":["GET"]}}],"collection":[{"href":"https:\/\/koraledetale.pl\/index.php?rest_route=\/wp\/v2\/product"}],"about":[{"href":"https:\/\/koraledetale.pl\/index.php?rest_route=\/wp\/v2\/types\/product"}],"replies":[{"embeddable":true,"href":"https:\/\/koraledetale.pl\/index.php?rest_route=%2Fwp%2Fv2%2Fcomments&post=6646"}],"wp:featuredmedia":[{"embeddable":true,"href":"https:\/\/koraledetale.pl\/index.php?rest_route=\/wp\/v2\/media\/6633"}],"wp:attachment":[{"href":"https:\/\/koraledetale.pl\/index.php?rest_route=%2Fwp%2Fv2%2Fmedia&parent=6646"}],"wp:term":[{"taxonomy":"product_brand","embeddable":true,"href":"https:\/\/koraledetale.pl\/index.php?rest_route=%2Fwp%2Fv2%2Fproduct_brand&post=6646"},{"taxonomy":"product_cat","embeddable":true,"href":"https:\/\/koraledetale.pl\/index.php?rest_route=%2Fwp%2Fv2%2Fproduct_cat&post=6646"},{"taxonomy":"product_tag","embeddable":true,"href":"https:\/\/koraledetale.pl\/index.php?rest_route=%2Fwp%2Fv2%2Fproduct_tag&post=6646"}],"curies":[{"name":"wp","href":"https:\/\/api.w.org\/{rel}","templated":true}]}}