{"id":6645,"date":"2025-01-16T12:25:15","date_gmt":"2025-01-16T12:25:15","guid":{"rendered":"https:\/\/koraledetale.pl\/?post_type=product&#038;p=6645"},"modified":"2025-04-23T08:10:13","modified_gmt":"2025-04-23T08:10:13","slug":"bransoletka-podwojna-ochrona-z-czarnymi-turmalinami-i-krysztalami-gorskimi","status":"publish","type":"product","link":"https:\/\/koraledetale.pl\/?product=bransoletka-podwojna-ochrona-z-czarnymi-turmalinami-i-krysztalami-gorskimi","title":{"rendered":"Bransoletka PODW\u00d3JNA OCHRONA z czarnymi turmalinami i kryszta\u0142ami g\u00f3rskimi"},"content":{"rendered":"<p>Wielko\u015b\u0107 kamieni:<\/p>\n<ul>\n<li>czarny turmalin \u2013 3 mm,<\/li>\n<li>kryszta\u0142 g\u00f3rski \u2013 3,2 mm,<\/li>\n<li>hematyt \u2013 2,5&#215;2 mm i 2 mm.<\/li>\n<\/ul>\n<p>D\u0142ugo\u015b\u0107 bransoletki:\u00a0 16,2\u2013 19,5 cm.<\/p>\n<p>Kamienie zasupe\u0142kowane s\u0105 na czarnej, mocnej nici jubilerskiej.<\/p>\n<p>Wszystkie elementy metalowe wykonane s\u0105 z nieuczulaj\u0105cej stali szlachetnej.<\/p>\n<p>Bransoletka jest bezpieczna przy u\u017cywaniu zgodnie z jej zastosowaniem.<\/p>\n","protected":false},"excerpt":{"rendered":"<p>Bransoletka z czarnymi turmalinami, przeplatanymi kryszta\u0142ami g\u00f3rskimi oraz z\u0142otymi hematytami.<\/p>\n","protected":false},"featured_media":6629,"comment_status":"open","ping_status":"closed","template":"","meta":{"advanced_seo_description":"","jetpack_seo_html_title":"","jetpack_seo_noindex":false},"product_brand":[],"product_cat":[229],"product_tag":[2420,2421,288,702,31],"class_list":{"0":"post-6645","1":"product","2":"type-product","3":"status-publish","4":"has-post-thumbnail","6":"product_cat-sprzedane","7":"product_tag-bransoletka-z-czarnymi-turmalinami-i-krysztalami-gorskimi","8":"product_tag-bransoletka-z-kamieniami-ochronnymi","9":"product_tag-czarny-turmalin","10":"product_tag-krysztal-gorski","11":"product_tag-zloty-hematyt","13":"first","14":"outofstock","15":"shipping-taxable","16":"purchasable","17":"product-type-simple"},"jetpack_sharing_enabled":true,"_links":{"self":[{"href":"https:\/\/koraledetale.pl\/index.php?rest_route=\/wp\/v2\/product\/6645","targetHints":{"allow":["GET"]}}],"collection":[{"href":"https:\/\/koraledetale.pl\/index.php?rest_route=\/wp\/v2\/product"}],"about":[{"href":"https:\/\/koraledetale.pl\/index.php?rest_route=\/wp\/v2\/types\/product"}],"replies":[{"embeddable":true,"href":"https:\/\/koraledetale.pl\/index.php?rest_route=%2Fwp%2Fv2%2Fcomments&post=6645"}],"wp:featuredmedia":[{"embeddable":true,"href":"https:\/\/koraledetale.pl\/index.php?rest_route=\/wp\/v2\/media\/6629"}],"wp:attachment":[{"href":"https:\/\/koraledetale.pl\/index.php?rest_route=%2Fwp%2Fv2%2Fmedia&parent=6645"}],"wp:term":[{"taxonomy":"product_brand","embeddable":true,"href":"https:\/\/koraledetale.pl\/index.php?rest_route=%2Fwp%2Fv2%2Fproduct_brand&post=6645"},{"taxonomy":"product_cat","embeddable":true,"href":"https:\/\/koraledetale.pl\/index.php?rest_route=%2Fwp%2Fv2%2Fproduct_cat&post=6645"},{"taxonomy":"product_tag","embeddable":true,"href":"https:\/\/koraledetale.pl\/index.php?rest_route=%2Fwp%2Fv2%2Fproduct_tag&post=6645"}],"curies":[{"name":"wp","href":"https:\/\/api.w.org\/{rel}","templated":true}]}}