{"id":6644,"date":"2025-01-16T12:17:35","date_gmt":"2025-01-16T12:17:35","guid":{"rendered":"https:\/\/koraledetale.pl\/?post_type=product&#038;p=6644"},"modified":"2025-07-26T20:36:51","modified_gmt":"2025-07-26T20:36:51","slug":"bransoletka-ksiezycowa-ciemna-noc-z-kamieniami-ksiezycowymi-i-perla","status":"publish","type":"product","link":"https:\/\/koraledetale.pl\/?product=bransoletka-ksiezycowa-ciemna-noc-z-kamieniami-ksiezycowymi-i-perla","title":{"rendered":"Bransoletka KSI\u0118\u017bYCOWA CIEMNA NOC z kamieniami ksi\u0119\u017cycowymi i per\u0142\u0105"},"content":{"rendered":"<p>Wielko\u015b\u0107 kamieni:<\/p>\n<ul>\n<li>kamie\u0144 ksi\u0119\u017cycowy \u2013 3,5 mm,<\/li>\n<li>per\u0142a &#8211; 8&#215;6 mm,<\/li>\n<li>hematyt \u2013 2\u00d71 mm i 2 mm.<\/li>\n<\/ul>\n<p>D\u0142ugo\u015b\u0107 bransoletki:\u00a0 16,8\u2013 19,8 cm.<\/p>\n<p>Kamienie zasupe\u0142kowane s\u0105 na szarej, mocnej nici jubilerskiej.<\/p>\n<p>Wszystkie elementy metalowe wykonane s\u0105 z nieuczulaj\u0105cej stali szlachetnej.<\/p>\n<p>Bransoletka jest bezpieczna przy u\u017cywaniu zgodnie z jej zastosowaniem.<\/p>\n","protected":false},"excerpt":{"rendered":"<p>Bransoletka z cieniowanymi, szarymi kamieniami ksi\u0119\u017cycowymi, przeplatanymi z\u0142otymi hematytami, z ciemn\u0105 per\u0142\u0105 po\u015brodku.<\/p>\n","protected":false},"featured_media":6630,"comment_status":"open","ping_status":"closed","template":"","meta":{"advanced_seo_description":"","jetpack_seo_html_title":"","jetpack_seo_noindex":false},"product_brand":[],"product_cat":[229],"product_tag":[1010,1769,64,61,31],"class_list":{"0":"post-6644","1":"product","2":"type-product","3":"status-publish","4":"has-post-thumbnail","6":"product_cat-sprzedane","7":"product_tag-bransoletka-z-kamieniami-ksiezycowymi-i-perla","8":"product_tag-bransoletka-z-szarymi-kamieniami-naturalnymi","9":"product_tag-kamien-ksiezycowy","10":"product_tag-szara-perla","11":"product_tag-zloty-hematyt","13":"first","14":"outofstock","15":"shipping-taxable","16":"purchasable","17":"product-type-simple"},"jetpack_sharing_enabled":true,"_links":{"self":[{"href":"https:\/\/koraledetale.pl\/index.php?rest_route=\/wp\/v2\/product\/6644","targetHints":{"allow":["GET"]}}],"collection":[{"href":"https:\/\/koraledetale.pl\/index.php?rest_route=\/wp\/v2\/product"}],"about":[{"href":"https:\/\/koraledetale.pl\/index.php?rest_route=\/wp\/v2\/types\/product"}],"replies":[{"embeddable":true,"href":"https:\/\/koraledetale.pl\/index.php?rest_route=%2Fwp%2Fv2%2Fcomments&post=6644"}],"wp:featuredmedia":[{"embeddable":true,"href":"https:\/\/koraledetale.pl\/index.php?rest_route=\/wp\/v2\/media\/6630"}],"wp:attachment":[{"href":"https:\/\/koraledetale.pl\/index.php?rest_route=%2Fwp%2Fv2%2Fmedia&parent=6644"}],"wp:term":[{"taxonomy":"product_brand","embeddable":true,"href":"https:\/\/koraledetale.pl\/index.php?rest_route=%2Fwp%2Fv2%2Fproduct_brand&post=6644"},{"taxonomy":"product_cat","embeddable":true,"href":"https:\/\/koraledetale.pl\/index.php?rest_route=%2Fwp%2Fv2%2Fproduct_cat&post=6644"},{"taxonomy":"product_tag","embeddable":true,"href":"https:\/\/koraledetale.pl\/index.php?rest_route=%2Fwp%2Fv2%2Fproduct_tag&post=6644"}],"curies":[{"name":"wp","href":"https:\/\/api.w.org\/{rel}","templated":true}]}}