{"id":6643,"date":"2025-01-16T12:03:52","date_gmt":"2025-01-16T12:03:52","guid":{"rendered":"https:\/\/koraledetale.pl\/?post_type=product&#038;p=6643"},"modified":"2025-02-22T08:10:33","modified_gmt":"2025-02-22T08:10:33","slug":"bransoletka-dzien-dobry-z-kolorowymi-kamieniami","status":"publish","type":"product","link":"https:\/\/koraledetale.pl\/?product=bransoletka-dzien-dobry-z-kolorowymi-kamieniami","title":{"rendered":"Bransoletka DZIE\u0143 DOBRY z kolorowymi kamieniami"},"content":{"rendered":"<p>Wielko\u015b\u0107 kamieni:<\/p>\n<ul>\n<li>mix kamieni \u2013 4,5 mm,<\/li>\n<li>hematyt \u2013 2,5\u00d72 mm i 2 mm.<\/li>\n<\/ul>\n<p>D\u0142ugo\u015b\u0107 bransoletki:\u00a0 17\u2013 20 cm.<\/p>\n<p>Kamienie zasupe\u0142kowane s\u0105 na br\u0105zowej, mocnej nici jubilerskiej.<\/p>\n<p>Wszystkie elementy metalowe wykonane s\u0105 z nieuczulaj\u0105cej stali szlachetnej.<\/p>\n<p>Bransoletka jest bezpieczna przy u\u017cywaniu zgodnie z jej zastosowaniem.<\/p>\n","protected":false},"excerpt":{"rendered":"<p>Bransoletka z kolorowymi kamieniami naturalnymi w barwach ziemi (czarnymi turmalinami, jaspisami, tygrysim i sokolim okiem, unakitem, obsydianem, ametystem, rodonitem), przeplatanymi z\u0142otymi hematytami.<\/p>\n","protected":false},"featured_media":6631,"comment_status":"open","ping_status":"closed","template":"","meta":{"advanced_seo_description":"","jetpack_seo_html_title":"","jetpack_seo_noindex":false},"product_brand":[],"product_cat":[229],"product_tag":[38,2413,2412,1949,288,724,2416,823,2417,2418,2477,31],"class_list":{"0":"post-6643","1":"product","2":"type-product","3":"status-publish","4":"has-post-thumbnail","6":"product_cat-sprzedane","7":"product_tag-ametyst","8":"product_tag-bransoletka-z-ciemnymi-kamieniami-naturalnymi","9":"product_tag-bransoletka-z-kamieniami-naturalnymi-w-kolorach-ziemi","10":"product_tag-bransoletka-z-kolorowymi-kamieniami-naturalnymi","11":"product_tag-czarny-turmalin","12":"product_tag-jaspis","13":"product_tag-obsydian","14":"product_tag-rodonit","15":"product_tag-sokole-oko","16":"product_tag-tygrysie-oko","17":"product_tag-unakit","18":"product_tag-zloty-hematyt","20":"first","21":"outofstock","22":"shipping-taxable","23":"purchasable","24":"product-type-simple"},"jetpack_sharing_enabled":true,"_links":{"self":[{"href":"https:\/\/koraledetale.pl\/index.php?rest_route=\/wp\/v2\/product\/6643","targetHints":{"allow":["GET"]}}],"collection":[{"href":"https:\/\/koraledetale.pl\/index.php?rest_route=\/wp\/v2\/product"}],"about":[{"href":"https:\/\/koraledetale.pl\/index.php?rest_route=\/wp\/v2\/types\/product"}],"replies":[{"embeddable":true,"href":"https:\/\/koraledetale.pl\/index.php?rest_route=%2Fwp%2Fv2%2Fcomments&post=6643"}],"wp:featuredmedia":[{"embeddable":true,"href":"https:\/\/koraledetale.pl\/index.php?rest_route=\/wp\/v2\/media\/6631"}],"wp:attachment":[{"href":"https:\/\/koraledetale.pl\/index.php?rest_route=%2Fwp%2Fv2%2Fmedia&parent=6643"}],"wp:term":[{"taxonomy":"product_brand","embeddable":true,"href":"https:\/\/koraledetale.pl\/index.php?rest_route=%2Fwp%2Fv2%2Fproduct_brand&post=6643"},{"taxonomy":"product_cat","embeddable":true,"href":"https:\/\/koraledetale.pl\/index.php?rest_route=%2Fwp%2Fv2%2Fproduct_cat&post=6643"},{"taxonomy":"product_tag","embeddable":true,"href":"https:\/\/koraledetale.pl\/index.php?rest_route=%2Fwp%2Fv2%2Fproduct_tag&post=6643"}],"curies":[{"name":"wp","href":"https:\/\/api.w.org\/{rel}","templated":true}]}}