{"id":6640,"date":"2025-01-16T11:32:55","date_gmt":"2025-01-16T11:32:55","guid":{"rendered":"https:\/\/koraledetale.pl\/?post_type=product&#038;p=6640"},"modified":"2025-04-09T18:00:36","modified_gmt":"2025-04-09T18:00:36","slug":"bransoletka-milosc-i-odwaga-z-kwarcami-rozowymi-i-akwamarynami","status":"publish","type":"product","link":"https:\/\/koraledetale.pl\/?product=bransoletka-milosc-i-odwaga-z-kwarcami-rozowymi-i-akwamarynami","title":{"rendered":"Bransoletka MI\u0141O\u015a\u0106 i ODWAGA z kwarcami r\u00f3\u017cowymi i akwamarynami"},"content":{"rendered":"<p>Wielko\u015b\u0107 kamieni:<\/p>\n<ul>\n<li>kwarc r\u00f3\u017cowy \u2013 3,5 mm,<\/li>\n<li>akwamaryn \u2013 4,5&#215;4,5 mm i 3\u00d72 mm,<\/li>\n<li>hematyt \u2013 2 mm.<\/li>\n<\/ul>\n<p>D\u0142ugo\u015b\u0107 bransoletki:\u00a0 17,2 \u2013 20 cm.<\/p>\n<p>Kamienie zasupe\u0142kowane s\u0105 na br\u0105zowej, mocnej nici jubilerskiej.<\/p>\n<p>Wszystkie elementy metalowe wykonane s\u0105 z nieuczulaj\u0105cej stali szlachetnej.<\/p>\n<p>Bransoletka jest bezpieczna przy u\u017cywaniu zgodnie z jej zastosowaniem.<\/p>\n","protected":false},"excerpt":{"rendered":"<p>Bransoletka z kwarcami r\u00f3\u017cowymi, przeplatanymi z\u0142otymi hematytami oraz akwamarynami.<\/p>\n","protected":false},"featured_media":6632,"comment_status":"open","ping_status":"closed","template":"","meta":{"advanced_seo_description":"","jetpack_seo_html_title":"","jetpack_seo_noindex":false},"product_brand":[],"product_cat":[229],"product_tag":[93,2410,2409,2408,216,31],"class_list":{"0":"post-6640","1":"product","2":"type-product","3":"status-publish","4":"has-post-thumbnail","6":"product_cat-sprzedane","7":"product_tag-akwamaryn","8":"product_tag-bransoletka-na-milosc-i-odwage","9":"product_tag-bransoletka-z-kwarcami-rozowymi-i-akwamarynami","10":"product_tag-bransoletka-z-pastelowych-kamieni-naturalnych","11":"product_tag-kwarc-rozowy","12":"product_tag-zloty-hematyt","14":"first","15":"outofstock","16":"shipping-taxable","17":"purchasable","18":"product-type-simple"},"jetpack_sharing_enabled":true,"_links":{"self":[{"href":"https:\/\/koraledetale.pl\/index.php?rest_route=\/wp\/v2\/product\/6640","targetHints":{"allow":["GET"]}}],"collection":[{"href":"https:\/\/koraledetale.pl\/index.php?rest_route=\/wp\/v2\/product"}],"about":[{"href":"https:\/\/koraledetale.pl\/index.php?rest_route=\/wp\/v2\/types\/product"}],"replies":[{"embeddable":true,"href":"https:\/\/koraledetale.pl\/index.php?rest_route=%2Fwp%2Fv2%2Fcomments&post=6640"}],"wp:featuredmedia":[{"embeddable":true,"href":"https:\/\/koraledetale.pl\/index.php?rest_route=\/wp\/v2\/media\/6632"}],"wp:attachment":[{"href":"https:\/\/koraledetale.pl\/index.php?rest_route=%2Fwp%2Fv2%2Fmedia&parent=6640"}],"wp:term":[{"taxonomy":"product_brand","embeddable":true,"href":"https:\/\/koraledetale.pl\/index.php?rest_route=%2Fwp%2Fv2%2Fproduct_brand&post=6640"},{"taxonomy":"product_cat","embeddable":true,"href":"https:\/\/koraledetale.pl\/index.php?rest_route=%2Fwp%2Fv2%2Fproduct_cat&post=6640"},{"taxonomy":"product_tag","embeddable":true,"href":"https:\/\/koraledetale.pl\/index.php?rest_route=%2Fwp%2Fv2%2Fproduct_tag&post=6640"}],"curies":[{"name":"wp","href":"https:\/\/api.w.org\/{rel}","templated":true}]}}