{"id":6623,"date":"2025-01-16T11:26:20","date_gmt":"2025-01-16T11:26:20","guid":{"rendered":"https:\/\/koraledetale.pl\/?post_type=product&#038;p=6623"},"modified":"2025-01-19T16:00:10","modified_gmt":"2025-01-19T16:00:10","slug":"bransoletka-odwaga-i-milosc-z-akwamarynami-i-kwarcami-rozowymi","status":"publish","type":"product","link":"https:\/\/koraledetale.pl\/?product=bransoletka-odwaga-i-milosc-z-akwamarynami-i-kwarcami-rozowymi","title":{"rendered":"Bransoletka ODWAGA I MI\u0141O\u015a\u0106 z akwamarynami i kwarcami r\u00f3\u017cowymi"},"content":{"rendered":"<p>Wielko\u015b\u0107 kamieni:<\/p>\n<ul>\n<li>akwamaryn \u2013 3&#215;2 mm,<\/li>\n<li>kwarc r\u00f3\u017cowy \u2013 4,4\u00d74,5 mm i 3,5 mm,<\/li>\n<li>hematyt \u2013 2 mm.<\/li>\n<\/ul>\n<p>D\u0142ugo\u015b\u0107 bransoletki:\u00a0 17,2 \u2013 20,2 cm.<\/p>\n<p>Kamienie zasupe\u0142kowane s\u0105 na br\u0105zowej, mocnej nici jubilerskiej.<\/p>\n<p>Wszystkie elementy metalowe wykonane s\u0105 z nieuczulaj\u0105cej stali szlachetnej.<\/p>\n<p>Bransoletka jest bezpieczna przy u\u017cywaniu zgodnie z jej zastosowaniem.<\/p>\n","protected":false},"excerpt":{"rendered":"<p>Bransoletka z oponkami akwamarynu, przeplatanymi srebrnymi hematytami oraz kwarcami r\u00f3\u017cowymi.<\/p>\n","protected":false},"featured_media":6627,"comment_status":"open","ping_status":"closed","template":"","meta":{"advanced_seo_description":"","jetpack_seo_html_title":"","jetpack_seo_noindex":false},"product_brand":[],"product_cat":[17],"product_tag":[93,2407,2406,2126,216,26],"class_list":{"0":"post-6623","1":"product","2":"type-product","3":"status-publish","4":"has-post-thumbnail","6":"product_cat-bransoletki","7":"product_tag-akwamaryn","8":"product_tag-bransoletka-na-odwage-i-milosc","9":"product_tag-bransoletka-z-akwamarynami-i-rozowymi-kwarcami","10":"product_tag-bransoletka-z-pastelowymi-kamieniami-naturalnymi","11":"product_tag-kwarc-rozowy","12":"product_tag-srebrny-hematyt","14":"first","15":"instock","16":"shipping-taxable","17":"purchasable","18":"product-type-simple"},"jetpack_sharing_enabled":true,"_links":{"self":[{"href":"https:\/\/koraledetale.pl\/index.php?rest_route=\/wp\/v2\/product\/6623","targetHints":{"allow":["GET"]}}],"collection":[{"href":"https:\/\/koraledetale.pl\/index.php?rest_route=\/wp\/v2\/product"}],"about":[{"href":"https:\/\/koraledetale.pl\/index.php?rest_route=\/wp\/v2\/types\/product"}],"replies":[{"embeddable":true,"href":"https:\/\/koraledetale.pl\/index.php?rest_route=%2Fwp%2Fv2%2Fcomments&post=6623"}],"wp:featuredmedia":[{"embeddable":true,"href":"https:\/\/koraledetale.pl\/index.php?rest_route=\/wp\/v2\/media\/6627"}],"wp:attachment":[{"href":"https:\/\/koraledetale.pl\/index.php?rest_route=%2Fwp%2Fv2%2Fmedia&parent=6623"}],"wp:term":[{"taxonomy":"product_brand","embeddable":true,"href":"https:\/\/koraledetale.pl\/index.php?rest_route=%2Fwp%2Fv2%2Fproduct_brand&post=6623"},{"taxonomy":"product_cat","embeddable":true,"href":"https:\/\/koraledetale.pl\/index.php?rest_route=%2Fwp%2Fv2%2Fproduct_cat&post=6623"},{"taxonomy":"product_tag","embeddable":true,"href":"https:\/\/koraledetale.pl\/index.php?rest_route=%2Fwp%2Fv2%2Fproduct_tag&post=6623"}],"curies":[{"name":"wp","href":"https:\/\/api.w.org\/{rel}","templated":true}]}}