{"id":6622,"date":"2025-01-14T15:08:17","date_gmt":"2025-01-14T15:08:17","guid":{"rendered":"https:\/\/koraledetale.pl\/?post_type=product&#038;p=6622"},"modified":"2025-12-07T12:25:19","modified_gmt":"2025-12-07T12:25:19","slug":"naszyjnik-grot-amora-z-zielonymi-kamieniami","status":"publish","type":"product","link":"https:\/\/koraledetale.pl\/?product=naszyjnik-grot-amora-z-zielonymi-kamieniami","title":{"rendered":"Naszyjnik GROT AMORA z zielonymi kamieniami"},"content":{"rendered":"<p>Wielko\u015b\u0107 kamieni:<\/p>\n<ul>\n<li>kolorowe kamienie \u2013 4-4,5 mm,<\/li>\n<li>kryszta\u0142 g\u00f3rski &#8211; 2,6&#215;8 mm,<\/li>\n<li>hematyt \u2013 4\u00d72 mm, 2\u00d71 mm i 2 mm.<\/li>\n<\/ul>\n<p>D\u0142ugo\u015b\u0107 naszyjnika: 88 cm + 4,5 cm zawieszka z k\u00f3\u0142kiem.<\/p>\n<p>Kamienie zasupe\u0142kowane s\u0105 na zielonej, mocnej nici jubilerskiej.<\/p>\n<p>Wszystkie elementy metalowe wykonane s\u0105 z nieuczulaj\u0105cej stali szlachetnej.<\/p>\n<p>Naszyjnik jest bezpieczny przy u\u017cywaniu zgodnie z jego zastosowaniem.<\/p>\n","protected":false},"excerpt":{"rendered":"<p>D\u0142ug naszyjnik z kolorowymi kamieniami naturalnymi (zielonymi onyksami, kamieniami ksi\u0119\u017cycowymi, labradorytami, kwarcami mlecznymi, fluorytami i turkusami), przeplatanymi z\u0142otymi hematytami, zwie\u0144czony grotem zielonego kryszta\u0142u g\u00f3rskiego w oprawie.<\/p>\n<p>Naszyjnik mo\u017cesz dwukrotnie owin\u0105\u0107 wok\u00f3\u0142 szyi tworz\u0105c warstwy.<\/p>\n","protected":false},"featured_media":6615,"comment_status":"open","ping_status":"closed","template":"","meta":{"advanced_seo_description":"","jetpack_seo_html_title":"","jetpack_seo_noindex":false},"product_brand":[],"product_cat":[229],"product_tag":[2404,2405,64,702,1076,56,105,152,31],"class_list":{"0":"post-6622","1":"product","2":"type-product","3":"status-publish","4":"has-post-thumbnail","6":"product_cat-sprzedane","7":"product_tag-dlugi-naszyjnik-z-kolorowymi-kamieniami-naturalnymi","8":"product_tag-dlugi-naszyjnik-z-zielonymi-kamieniami-naturalnymi","9":"product_tag-kamien-ksiezycowy","10":"product_tag-krysztal-gorski","11":"product_tag-kwarc-mleczny","12":"product_tag-labradoryt","13":"product_tag-turkus","14":"product_tag-zielony-onyks","15":"product_tag-zloty-hematyt","17":"first","18":"outofstock","19":"shipping-taxable","20":"purchasable","21":"product-type-simple"},"jetpack_sharing_enabled":true,"_links":{"self":[{"href":"https:\/\/koraledetale.pl\/index.php?rest_route=\/wp\/v2\/product\/6622","targetHints":{"allow":["GET"]}}],"collection":[{"href":"https:\/\/koraledetale.pl\/index.php?rest_route=\/wp\/v2\/product"}],"about":[{"href":"https:\/\/koraledetale.pl\/index.php?rest_route=\/wp\/v2\/types\/product"}],"replies":[{"embeddable":true,"href":"https:\/\/koraledetale.pl\/index.php?rest_route=%2Fwp%2Fv2%2Fcomments&post=6622"}],"wp:featuredmedia":[{"embeddable":true,"href":"https:\/\/koraledetale.pl\/index.php?rest_route=\/wp\/v2\/media\/6615"}],"wp:attachment":[{"href":"https:\/\/koraledetale.pl\/index.php?rest_route=%2Fwp%2Fv2%2Fmedia&parent=6622"}],"wp:term":[{"taxonomy":"product_brand","embeddable":true,"href":"https:\/\/koraledetale.pl\/index.php?rest_route=%2Fwp%2Fv2%2Fproduct_brand&post=6622"},{"taxonomy":"product_cat","embeddable":true,"href":"https:\/\/koraledetale.pl\/index.php?rest_route=%2Fwp%2Fv2%2Fproduct_cat&post=6622"},{"taxonomy":"product_tag","embeddable":true,"href":"https:\/\/koraledetale.pl\/index.php?rest_route=%2Fwp%2Fv2%2Fproduct_tag&post=6622"}],"curies":[{"name":"wp","href":"https:\/\/api.w.org\/{rel}","templated":true}]}}