{"id":6595,"date":"2025-01-11T11:13:30","date_gmt":"2025-01-11T11:13:30","guid":{"rendered":"https:\/\/koraledetale.pl\/?post_type=product&#038;p=6595"},"modified":"2025-03-05T20:30:37","modified_gmt":"2025-03-05T20:30:37","slug":"naszyjnik-z-lapis-lazuli-rubinami-i-azurytami","status":"publish","type":"product","link":"https:\/\/koraledetale.pl\/?product=naszyjnik-z-lapis-lazuli-rubinami-i-azurytami","title":{"rendered":"Naszyjnik AFIRMACJA z lapis lazuli, rubinami i azurytami"},"content":{"rendered":"<p>Wielko\u015b\u0107 kamieni:<\/p>\n<ul>\n<li>lapis lazuli &#8211; 3,5&#215;3 mm i 13,5&#215;7,5 mm (\u0142ezka),<\/li>\n<li>rubin \u2013 3,5 mm,<\/li>\n<li>azuryt &#8211; 3 mm,<\/li>\n<li>hematyt \u2013 2 mm.<\/li>\n<\/ul>\n<p>D\u0142ugo\u015b\u0107 naszyjnika: 44,5 &#8211; 49,5 cm.<\/p>\n<p>Wszystkie elementy metalowe wykonane s\u0105 z nieuczulaj\u0105cej stali szlachetnej.<\/p>\n<p>Naszyjnik jest bezpieczny przy u\u017cywaniu zgodnie z jego zastosowaniem.<\/p>\n","protected":false},"excerpt":{"rendered":"<p>Naszyjnik z trzema kontrastuj\u0105cymi kamieniami: lapis lazuli, rubinami i azurytami, przeplatanymi z\u0142otymi hematytami, zasupe\u0142kowanymi na jasnobr\u0105zowej, mocnej nici jubilerskiej.<\/p>\n","protected":false},"featured_media":6600,"comment_status":"open","ping_status":"closed","template":"","meta":{"advanced_seo_description":"","jetpack_seo_html_title":"","jetpack_seo_noindex":false},"product_brand":[],"product_cat":[229],"product_tag":[1027,2396,1409,1388,117,31],"class_list":{"0":"post-6595","1":"product","2":"type-product","3":"status-publish","4":"has-post-thumbnail","6":"product_cat-sprzedane","7":"product_tag-azuryt","8":"product_tag-delikatny-naszyjnik-z-lapis-lazuli-rubinem-i-azurytem","9":"product_tag-lapis-lazuli","10":"product_tag-naszyjnik-z-kolorowymi-kamieniami-naturalnymi","11":"product_tag-rubin","12":"product_tag-zloty-hematyt","14":"first","15":"outofstock","16":"shipping-taxable","17":"purchasable","18":"product-type-simple"},"jetpack_sharing_enabled":true,"_links":{"self":[{"href":"https:\/\/koraledetale.pl\/index.php?rest_route=\/wp\/v2\/product\/6595","targetHints":{"allow":["GET"]}}],"collection":[{"href":"https:\/\/koraledetale.pl\/index.php?rest_route=\/wp\/v2\/product"}],"about":[{"href":"https:\/\/koraledetale.pl\/index.php?rest_route=\/wp\/v2\/types\/product"}],"replies":[{"embeddable":true,"href":"https:\/\/koraledetale.pl\/index.php?rest_route=%2Fwp%2Fv2%2Fcomments&post=6595"}],"wp:featuredmedia":[{"embeddable":true,"href":"https:\/\/koraledetale.pl\/index.php?rest_route=\/wp\/v2\/media\/6600"}],"wp:attachment":[{"href":"https:\/\/koraledetale.pl\/index.php?rest_route=%2Fwp%2Fv2%2Fmedia&parent=6595"}],"wp:term":[{"taxonomy":"product_brand","embeddable":true,"href":"https:\/\/koraledetale.pl\/index.php?rest_route=%2Fwp%2Fv2%2Fproduct_brand&post=6595"},{"taxonomy":"product_cat","embeddable":true,"href":"https:\/\/koraledetale.pl\/index.php?rest_route=%2Fwp%2Fv2%2Fproduct_cat&post=6595"},{"taxonomy":"product_tag","embeddable":true,"href":"https:\/\/koraledetale.pl\/index.php?rest_route=%2Fwp%2Fv2%2Fproduct_tag&post=6595"}],"curies":[{"name":"wp","href":"https:\/\/api.w.org\/{rel}","templated":true}]}}