{"id":6584,"date":"2025-01-07T16:40:13","date_gmt":"2025-01-07T16:40:13","guid":{"rendered":"https:\/\/koraledetale.pl\/?post_type=product&#038;p=6584"},"modified":"2025-01-08T08:17:11","modified_gmt":"2025-01-08T08:17:11","slug":"naszyjnik-mocha-mousse-z-perlami-i-kamieniem-slonecznym","status":"publish","type":"product","link":"https:\/\/koraledetale.pl\/?product=naszyjnik-mocha-mousse-z-perlami-i-kamieniem-slonecznym","title":{"rendered":"Naszyjnik MOCHA MOUSSE z per\u0142ami i kamieniem s\u0142onecznym"},"content":{"rendered":"<p>Wielko\u015b\u0107 kamieni:<\/p>\n<ul>\n<li>per\u0142y \u2013 ok. 7,5\u00d76 mm,<\/li>\n<li>kamie\u0144 s\u0142oneczny &#8211; 15x12x7 mm,<\/li>\n<li>hematyt \u2013 2 mm.<\/li>\n<\/ul>\n<p>D\u0142ugo\u015b\u0107 naszyjnika: 43 &#8211; 48 cm.<\/p>\n<p>Kamienie zasupe\u0142kowane s\u0105 na jasnobr\u0105zowej, mocnej nici jubilerskiej.<\/p>\n<p>Wszystkie elementy metalowe wykonane s\u0105 z nieuczulaj\u0105cej stali szlachetnej.<\/p>\n<p>Naszyjnik jest bezpieczny przy u\u017cywaniu zgodnie z jego zastosowaniem.<\/p>\n","protected":false},"excerpt":{"rendered":"<p>Naszyjnik z per\u0142ami w odcieniach r\u00f3\u017cu i be\u017cu, przeplatanymi br\u0105zowymi per\u0142ami i z\u0142otymi hematytami. Zwie\u0144czeniem naszyjnika jest du\u017ca \u0142ezka z kamieniem s\u0142onecznym w kolorze ecru.<\/p>\n","protected":false},"featured_media":6591,"comment_status":"open","ping_status":"closed","template":"","meta":{"advanced_seo_description":"","jetpack_seo_html_title":"","jetpack_seo_noindex":false},"product_brand":[],"product_cat":[229],"product_tag":[552,94,2393,2392,75,31],"class_list":{"0":"post-6584","1":"product","2":"type-product","3":"status-publish","4":"has-post-thumbnail","6":"product_cat-sprzedane","7":"product_tag-brazowa-perla","8":"product_tag-kamien-sloneczny","9":"product_tag-naszyjnik-z-perel-i-kamienia-slonecznego","10":"product_tag-naszyjnik-z-rozowych-i-brazowych-perel","11":"product_tag-rozowa-perla","12":"product_tag-zloty-hematyt","14":"first","15":"outofstock","16":"shipping-taxable","17":"purchasable","18":"product-type-simple"},"jetpack_sharing_enabled":true,"_links":{"self":[{"href":"https:\/\/koraledetale.pl\/index.php?rest_route=\/wp\/v2\/product\/6584","targetHints":{"allow":["GET"]}}],"collection":[{"href":"https:\/\/koraledetale.pl\/index.php?rest_route=\/wp\/v2\/product"}],"about":[{"href":"https:\/\/koraledetale.pl\/index.php?rest_route=\/wp\/v2\/types\/product"}],"replies":[{"embeddable":true,"href":"https:\/\/koraledetale.pl\/index.php?rest_route=%2Fwp%2Fv2%2Fcomments&post=6584"}],"wp:featuredmedia":[{"embeddable":true,"href":"https:\/\/koraledetale.pl\/index.php?rest_route=\/wp\/v2\/media\/6591"}],"wp:attachment":[{"href":"https:\/\/koraledetale.pl\/index.php?rest_route=%2Fwp%2Fv2%2Fmedia&parent=6584"}],"wp:term":[{"taxonomy":"product_brand","embeddable":true,"href":"https:\/\/koraledetale.pl\/index.php?rest_route=%2Fwp%2Fv2%2Fproduct_brand&post=6584"},{"taxonomy":"product_cat","embeddable":true,"href":"https:\/\/koraledetale.pl\/index.php?rest_route=%2Fwp%2Fv2%2Fproduct_cat&post=6584"},{"taxonomy":"product_tag","embeddable":true,"href":"https:\/\/koraledetale.pl\/index.php?rest_route=%2Fwp%2Fv2%2Fproduct_tag&post=6584"}],"curies":[{"name":"wp","href":"https:\/\/api.w.org\/{rel}","templated":true}]}}