{"id":6575,"date":"2025-01-05T21:47:59","date_gmt":"2025-01-05T21:47:59","guid":{"rendered":"https:\/\/koraledetale.pl\/?post_type=product&#038;p=6575"},"modified":"2025-01-07T08:52:57","modified_gmt":"2025-01-07T08:52:57","slug":"naszyjnik-oko-horusa-z-szarymi-perlami","status":"publish","type":"product","link":"https:\/\/koraledetale.pl\/?product=naszyjnik-oko-horusa-z-szarymi-perlami","title":{"rendered":"Naszyjnik OKO HORUSA z szarymi per\u0142ami"},"content":{"rendered":"<p>Wielko\u015b\u0107 kamieni:<\/p>\n<ul>\n<li>per\u0142y \u2013 ok. 8&#215;7 mm, 12&#215;9 mm i 7&#215;7,5 mm,<\/li>\n<li>hematyt \u2013 2 mm.<\/li>\n<\/ul>\n<p>D\u0142ugo\u015b\u0107 naszyjnika \u2013\u00a0 46 cm + zawieszka z k\u00f3\u0142kiem &#8211; 3,5 cm.<\/p>\n<p>Kamienie zasupe\u0142kowane s\u0105 na szarej, mocnej nici jubilerskiej.<\/p>\n<p>Wszystkie elementy metalowe wykonane s\u0105 z nieuczulaj\u0105cej stali szlachetnej.<\/p>\n<p>Naszyjnik jest bezpieczny przy u\u017cywaniu zgodnie z jego zastosowaniem.<\/p>\n","protected":false},"excerpt":{"rendered":"<p>Naszyjnik z du\u017cych, szarych pere\u0142, przeplatanych z\u0142otymi hematytami, z wplecion\u0105 ciemniejsz\u0105 per\u0142\u0105 po boku oraz zawieszk\u0105 z ciemniejszej per\u0142y z drugiej strony. Naszyjnik zwie\u0144czony jest zapi\u0119ciem typu toggle, od kt\u00f3rego odchodzi zawieszka &#8211; oko Horusa.<\/p>\n","protected":false},"featured_media":6576,"comment_status":"open","ping_status":"closed","template":"","meta":{"advanced_seo_description":"","jetpack_seo_html_title":"","jetpack_seo_noindex":false},"product_brand":[],"product_cat":[229],"product_tag":[2387,2390,2391,1446,2389,2388,61],"class_list":{"0":"post-6575","1":"product","2":"type-product","3":"status-publish","4":"has-post-thumbnail","6":"product_cat-sprzedane","7":"product_tag-naszyjnik-z-okiem-horusa","8":"product_tag-naszyjnik-z-perel-hodowlanych","9":"product_tag-naszyjnik-z-perel-naturalnych","10":"product_tag-naszyjnik-z-szarych-perel","11":"product_tag-oko-horusa","12":"product_tag-perly-z-okiem-horusa","13":"product_tag-szara-perla","15":"first","16":"outofstock","17":"shipping-taxable","18":"purchasable","19":"product-type-simple"},"jetpack_sharing_enabled":true,"_links":{"self":[{"href":"https:\/\/koraledetale.pl\/index.php?rest_route=\/wp\/v2\/product\/6575","targetHints":{"allow":["GET"]}}],"collection":[{"href":"https:\/\/koraledetale.pl\/index.php?rest_route=\/wp\/v2\/product"}],"about":[{"href":"https:\/\/koraledetale.pl\/index.php?rest_route=\/wp\/v2\/types\/product"}],"replies":[{"embeddable":true,"href":"https:\/\/koraledetale.pl\/index.php?rest_route=%2Fwp%2Fv2%2Fcomments&post=6575"}],"wp:featuredmedia":[{"embeddable":true,"href":"https:\/\/koraledetale.pl\/index.php?rest_route=\/wp\/v2\/media\/6576"}],"wp:attachment":[{"href":"https:\/\/koraledetale.pl\/index.php?rest_route=%2Fwp%2Fv2%2Fmedia&parent=6575"}],"wp:term":[{"taxonomy":"product_brand","embeddable":true,"href":"https:\/\/koraledetale.pl\/index.php?rest_route=%2Fwp%2Fv2%2Fproduct_brand&post=6575"},{"taxonomy":"product_cat","embeddable":true,"href":"https:\/\/koraledetale.pl\/index.php?rest_route=%2Fwp%2Fv2%2Fproduct_cat&post=6575"},{"taxonomy":"product_tag","embeddable":true,"href":"https:\/\/koraledetale.pl\/index.php?rest_route=%2Fwp%2Fv2%2Fproduct_tag&post=6575"}],"curies":[{"name":"wp","href":"https:\/\/api.w.org\/{rel}","templated":true}]}}