{"id":6553,"date":"2025-01-02T14:36:44","date_gmt":"2025-01-02T14:36:44","guid":{"rendered":"https:\/\/koraledetale.pl\/?post_type=product&#038;p=6553"},"modified":"2025-07-28T06:42:11","modified_gmt":"2025-07-28T06:42:11","slug":"naszyjnik-ksiezycowy-pyl-z-rubinami-i-szafirami","status":"publish","type":"product","link":"https:\/\/koraledetale.pl\/?product=naszyjnik-ksiezycowy-pyl-z-rubinami-i-szafirami","title":{"rendered":"Naszyjnik KSI\u0118\u017bYCOWY PY\u0141 z rubinami i szafirami"},"content":{"rendered":"<p>Wielko\u015b\u0107 kamieni:<\/p>\n<ul>\n<li>rubin, szafir \u2013 2,6 mm,<\/li>\n<li>hematyt \u2013 2\u00d71 mm i 2 mm.<\/li>\n<\/ul>\n<p>D\u0142ugo\u015b\u0107 naszyjnika \u2013 kr\u00f3tszej cz\u0119\u015bci z \u0142a\u0144cuszkiem 40 cm, d\u0142u\u017cszej cz\u0119\u015bci 46 cm + zawieszka 1,5 cm. Naszyjnik ma przed\u0142u\u017ck\u0119 \u2013 5,5 cm.<\/p>\n<p>Kamienie zasupe\u0142kowane s\u0105 na fioletowej, mocnej nici jubilerskiej.<\/p>\n<p>Wszystkie elementy metalowe wykonane s\u0105 z nieuczulaj\u0105cej stali szlachetnej.<\/p>\n<p>Naszyjnik jest bezpieczny przy u\u017cywaniu zgodnie z jego zastosowaniem.<\/p>\n","protected":false},"excerpt":{"rendered":"<p>Warstwowy naszyjnik ze sznurem drobnych, kolorowych rubin\u00f3w i szafir\u00f3w, z wplecionymi\u00a0 z\u0142otymi hematytami oraz \u0142a\u0144cuszkiem z kuleczkami. Zwie\u0144czeniem naszyjnika jest zawieszka \u2013 lunula.<\/p>\n","protected":false},"featured_media":6554,"comment_status":"open","ping_status":"closed","template":"","meta":{"advanced_seo_description":"","jetpack_seo_html_title":"","jetpack_seo_noindex":false},"product_brand":[],"product_cat":[229],"product_tag":[2380,2379,2378],"class_list":{"0":"post-6553","1":"product","2":"type-product","3":"status-publish","4":"has-post-thumbnail","6":"product_cat-sprzedane","7":"product_tag-kolorowy-rubin","8":"product_tag-warstwowy-naszyjnik-z-kolorowymi-kamieniami-naturalnymi","9":"product_tag-warstwowy-naszyjnik-z-ribinami-i-szafirami","11":"first","12":"instock","13":"shipping-taxable","14":"purchasable","15":"product-type-simple"},"jetpack_sharing_enabled":true,"_links":{"self":[{"href":"https:\/\/koraledetale.pl\/index.php?rest_route=\/wp\/v2\/product\/6553","targetHints":{"allow":["GET"]}}],"collection":[{"href":"https:\/\/koraledetale.pl\/index.php?rest_route=\/wp\/v2\/product"}],"about":[{"href":"https:\/\/koraledetale.pl\/index.php?rest_route=\/wp\/v2\/types\/product"}],"replies":[{"embeddable":true,"href":"https:\/\/koraledetale.pl\/index.php?rest_route=%2Fwp%2Fv2%2Fcomments&post=6553"}],"wp:featuredmedia":[{"embeddable":true,"href":"https:\/\/koraledetale.pl\/index.php?rest_route=\/wp\/v2\/media\/6554"}],"wp:attachment":[{"href":"https:\/\/koraledetale.pl\/index.php?rest_route=%2Fwp%2Fv2%2Fmedia&parent=6553"}],"wp:term":[{"taxonomy":"product_brand","embeddable":true,"href":"https:\/\/koraledetale.pl\/index.php?rest_route=%2Fwp%2Fv2%2Fproduct_brand&post=6553"},{"taxonomy":"product_cat","embeddable":true,"href":"https:\/\/koraledetale.pl\/index.php?rest_route=%2Fwp%2Fv2%2Fproduct_cat&post=6553"},{"taxonomy":"product_tag","embeddable":true,"href":"https:\/\/koraledetale.pl\/index.php?rest_route=%2Fwp%2Fv2%2Fproduct_tag&post=6553"}],"curies":[{"name":"wp","href":"https:\/\/api.w.org\/{rel}","templated":true}]}}