{"id":6545,"date":"2025-01-01T14:42:48","date_gmt":"2025-01-01T14:42:48","guid":{"rendered":"https:\/\/koraledetale.pl\/?post_type=product&#038;p=6545"},"modified":"2025-01-02T08:15:46","modified_gmt":"2025-01-02T08:15:46","slug":"naszyjnik-rozanecznik-z-granatami-i-labradorytami","status":"publish","type":"product","link":"https:\/\/koraledetale.pl\/?product=naszyjnik-rozanecznik-z-granatami-i-labradorytami","title":{"rendered":"Naszyjnik R\u00d3\u017bANECZNIK z granatami i labradorytami"},"content":{"rendered":"<p>Wielko\u015b\u0107 kamieni:<\/p>\n<ul>\n<li>granat &#8211; ok. 5&#215;2 mm,<\/li>\n<li>labradoryt &#8211; 4,5&#215;3 mm i 12&#215;8 mm (zawieszka),<\/li>\n<li>hematyt &#8211; 4,5&#215;1 mm i 2 mm.<\/li>\n<\/ul>\n<p>D\u0142ugo\u015b\u0107 naszyjnika: 49-54 cm.<\/p>\n<p>Wszystkie elementy metalowe wykonane s\u0105 z nieuczulaj\u0105cej stali szlachetnej.<\/p>\n<p>Naszyjnik jest bezpieczny przy u\u017cywaniu zgodnie z jego zastosowaniem.<\/p>\n<p>&nbsp;<\/p>\n","protected":false},"excerpt":{"rendered":"<p>Naszyjnik z plastr\u00f3w granatu, przeplatanego plastrami labradorytu oraz z\u0142otymi hematytami. Zwie\u0144czeniem naszyjnika jest gruby plaster labradorytu.<\/p>\n","protected":false},"featured_media":6546,"comment_status":"open","ping_status":"closed","template":"","meta":{"advanced_seo_description":"","jetpack_seo_html_title":"","jetpack_seo_noindex":false},"product_brand":[],"product_cat":[229],"product_tag":[71,56,2377,66,31],"class_list":{"0":"post-6545","1":"product","2":"type-product","3":"status-publish","4":"has-post-thumbnail","6":"product_cat-sprzedane","7":"product_tag-granat","8":"product_tag-labradoryt","9":"product_tag-naszyjnik-z-granatami-i-labradorytami","10":"product_tag-naszyjnik-z-kamieniami-naturalnymi","11":"product_tag-zloty-hematyt","13":"first","14":"outofstock","15":"shipping-taxable","16":"purchasable","17":"product-type-simple"},"jetpack_sharing_enabled":true,"_links":{"self":[{"href":"https:\/\/koraledetale.pl\/index.php?rest_route=\/wp\/v2\/product\/6545","targetHints":{"allow":["GET"]}}],"collection":[{"href":"https:\/\/koraledetale.pl\/index.php?rest_route=\/wp\/v2\/product"}],"about":[{"href":"https:\/\/koraledetale.pl\/index.php?rest_route=\/wp\/v2\/types\/product"}],"replies":[{"embeddable":true,"href":"https:\/\/koraledetale.pl\/index.php?rest_route=%2Fwp%2Fv2%2Fcomments&post=6545"}],"wp:featuredmedia":[{"embeddable":true,"href":"https:\/\/koraledetale.pl\/index.php?rest_route=\/wp\/v2\/media\/6546"}],"wp:attachment":[{"href":"https:\/\/koraledetale.pl\/index.php?rest_route=%2Fwp%2Fv2%2Fmedia&parent=6545"}],"wp:term":[{"taxonomy":"product_brand","embeddable":true,"href":"https:\/\/koraledetale.pl\/index.php?rest_route=%2Fwp%2Fv2%2Fproduct_brand&post=6545"},{"taxonomy":"product_cat","embeddable":true,"href":"https:\/\/koraledetale.pl\/index.php?rest_route=%2Fwp%2Fv2%2Fproduct_cat&post=6545"},{"taxonomy":"product_tag","embeddable":true,"href":"https:\/\/koraledetale.pl\/index.php?rest_route=%2Fwp%2Fv2%2Fproduct_tag&post=6545"}],"curies":[{"name":"wp","href":"https:\/\/api.w.org\/{rel}","templated":true}]}}