{"id":654,"date":"2021-05-31T15:08:33","date_gmt":"2021-05-31T15:08:33","guid":{"rendered":"https:\/\/koraledetale.pl\/?post_type=product&#038;p=654"},"modified":"2024-11-11T11:09:57","modified_gmt":"2024-11-11T11:09:57","slug":"naszyjnik-chryzokola-na-czerwonej-nitce","status":"publish","type":"product","link":"https:\/\/koraledetale.pl\/?product=naszyjnik-chryzokola-na-czerwonej-nitce","title":{"rendered":"Naszyjnik CHRYZOKOLA NA CZERWONEJ NITCE"},"content":{"rendered":"<p>Wielko\u015b\u0107 kamieni:<\/p>\n<ul>\n<li>chryzokola &#8211; 3 mm,<\/li>\n<li>hematyt &#8211; 2 mm.<\/li>\n<\/ul>\n<p>D\u0142ugo\u015b\u0107 naszyjnika: 46-50,5 cm + zawieszka 2 cm.<\/p>\n","protected":false},"excerpt":{"rendered":"<p>Naszyjnik ze szlifowanej chryzokoli i kuleczek z\u0142otych hematyt\u00f3w zasupe\u0142kowanych na czerwonej nitce. Naszyjnik zwie\u0144cza prostok\u0105tna zawieszka z w\u0119\u017cowym, laserowym printem (jednostronna, druga strona g\u0142adka) z czerwon\u0105 nitk\u0105 na szcz\u0119\u015bcie. Naszyjnikowi smaczku dodaje gruby \u0142a\u0144cuszek, kt\u00f3ry sprawia, \u017ce naszyjnik nie potrzebuje ju\u017c dodatkowych ozd\u00f3b w postaci innych naszyjnik\u00f3w by wygl\u0105da\u0107 wystarczaj\u0105co strojnie. Wszystkie elementy metalowe wykonane s\u0105 ze stali chirurgicznej (szlachetnej).<\/p>\n","protected":false},"featured_media":828,"comment_status":"open","ping_status":"closed","template":"","meta":{"advanced_seo_description":"","jetpack_seo_html_title":"","jetpack_seo_noindex":false},"product_brand":[],"product_cat":[229],"product_tag":[346,321,347,348],"class_list":{"0":"post-654","1":"product","2":"type-product","3":"status-publish","4":"has-post-thumbnail","6":"product_cat-sprzedane","7":"product_tag-naszyjnik-z-chryzokola-na-czerwonej-nitce","8":"product_tag-naszyjnik-z-niebieskich-kamieni","9":"product_tag-naszyjnik-z-lancuszkiem","10":"product_tag-podwojny-naszyjnik","12":"first","13":"outofstock","14":"shipping-taxable","15":"product-type-simple"},"jetpack_sharing_enabled":true,"_links":{"self":[{"href":"https:\/\/koraledetale.pl\/index.php?rest_route=\/wp\/v2\/product\/654","targetHints":{"allow":["GET"]}}],"collection":[{"href":"https:\/\/koraledetale.pl\/index.php?rest_route=\/wp\/v2\/product"}],"about":[{"href":"https:\/\/koraledetale.pl\/index.php?rest_route=\/wp\/v2\/types\/product"}],"replies":[{"embeddable":true,"href":"https:\/\/koraledetale.pl\/index.php?rest_route=%2Fwp%2Fv2%2Fcomments&post=654"}],"wp:featuredmedia":[{"embeddable":true,"href":"https:\/\/koraledetale.pl\/index.php?rest_route=\/wp\/v2\/media\/828"}],"wp:attachment":[{"href":"https:\/\/koraledetale.pl\/index.php?rest_route=%2Fwp%2Fv2%2Fmedia&parent=654"}],"wp:term":[{"taxonomy":"product_brand","embeddable":true,"href":"https:\/\/koraledetale.pl\/index.php?rest_route=%2Fwp%2Fv2%2Fproduct_brand&post=654"},{"taxonomy":"product_cat","embeddable":true,"href":"https:\/\/koraledetale.pl\/index.php?rest_route=%2Fwp%2Fv2%2Fproduct_cat&post=654"},{"taxonomy":"product_tag","embeddable":true,"href":"https:\/\/koraledetale.pl\/index.php?rest_route=%2Fwp%2Fv2%2Fproduct_tag&post=654"}],"curies":[{"name":"wp","href":"https:\/\/api.w.org\/{rel}","templated":true}]}}