{"id":6535,"date":"2024-12-30T17:05:13","date_gmt":"2024-12-30T17:05:13","guid":{"rendered":"https:\/\/koraledetale.pl\/?post_type=product&#038;p=6535"},"modified":"2025-12-12T16:38:16","modified_gmt":"2025-12-12T16:38:16","slug":"naszyjnik-perlowe-oko","status":"publish","type":"product","link":"https:\/\/koraledetale.pl\/?product=naszyjnik-perlowe-oko","title":{"rendered":"Naszyjnik PER\u0141OWE OKO"},"content":{"rendered":"<p>Wielko\u015b\u0107 kamieni:<\/p>\n<ul>\n<li>per\u0142a \u2013 4,5&#215;4 mm,<\/li>\n<li>lapis lazuli &#8211; 3,5&#215;2,5 mm,<\/li>\n<li>hematyt \u2013 3\u00d71 mm i 2 mm.<\/li>\n<\/ul>\n<p>D\u0142ugo\u015b\u0107 naszyjnika \u2013 kr\u00f3tszej cz\u0119\u015bci z \u0142a\u0144cuszkiem 40 cm, d\u0142u\u017cszej cz\u0119\u015bci 45 cm + zawieszka 2 cm. Naszyjnik ma przed\u0142u\u017ck\u0119 \u2013 5,5 cm.<\/p>\n<p>Kamienie zasupe\u0142kowane s\u0105 na kobaltowej, mocnej nici jubilerskiej.<\/p>\n<p>Wszystkie elementy metalowe wykonane s\u0105 z nieuczulaj\u0105cej stali szlachetnej.<\/p>\n<p>Naszyjnik jest bezpieczny przy u\u017cywaniu zgodnie z jego zastosowaniem.<\/p>\n","protected":false},"excerpt":{"rendered":"<p>Warstwowy naszyjnik z \u0142a\u0144cuszkiem z kuleczkami oraz sznurem pere\u0142 z wplecionymi\u00a0 z\u0142otymi hematytami i lapis lazuli. Zwie\u0144czeniem naszyjnika jest zawieszka \u2013 symbol trzeciego oka.<\/p>\n","protected":false},"featured_media":6539,"comment_status":"open","ping_status":"closed","template":"","meta":{"advanced_seo_description":"","jetpack_seo_html_title":"","jetpack_seo_noindex":false},"product_brand":[],"product_cat":[229],"product_tag":[1409,57,2373,1290,2044,2372,2374],"class_list":{"0":"post-6535","1":"product","2":"type-product","3":"status-publish","4":"has-post-thumbnail","6":"product_cat-sprzedane","7":"product_tag-lapis-lazuli","8":"product_tag-perla","9":"product_tag-perly-z-lapis-lazuli","10":"product_tag-symbol","11":"product_tag-trzecie-oko","12":"product_tag-warstwowy-naszyjnik-z-perlami-i-lapis-lazuli","13":"product_tag-lancuszek-z-perlami-i-trzecim-okiem","15":"first","16":"outofstock","17":"shipping-taxable","18":"purchasable","19":"product-type-simple"},"jetpack_sharing_enabled":true,"_links":{"self":[{"href":"https:\/\/koraledetale.pl\/index.php?rest_route=\/wp\/v2\/product\/6535","targetHints":{"allow":["GET"]}}],"collection":[{"href":"https:\/\/koraledetale.pl\/index.php?rest_route=\/wp\/v2\/product"}],"about":[{"href":"https:\/\/koraledetale.pl\/index.php?rest_route=\/wp\/v2\/types\/product"}],"replies":[{"embeddable":true,"href":"https:\/\/koraledetale.pl\/index.php?rest_route=%2Fwp%2Fv2%2Fcomments&post=6535"}],"wp:featuredmedia":[{"embeddable":true,"href":"https:\/\/koraledetale.pl\/index.php?rest_route=\/wp\/v2\/media\/6539"}],"wp:attachment":[{"href":"https:\/\/koraledetale.pl\/index.php?rest_route=%2Fwp%2Fv2%2Fmedia&parent=6535"}],"wp:term":[{"taxonomy":"product_brand","embeddable":true,"href":"https:\/\/koraledetale.pl\/index.php?rest_route=%2Fwp%2Fv2%2Fproduct_brand&post=6535"},{"taxonomy":"product_cat","embeddable":true,"href":"https:\/\/koraledetale.pl\/index.php?rest_route=%2Fwp%2Fv2%2Fproduct_cat&post=6535"},{"taxonomy":"product_tag","embeddable":true,"href":"https:\/\/koraledetale.pl\/index.php?rest_route=%2Fwp%2Fv2%2Fproduct_tag&post=6535"}],"curies":[{"name":"wp","href":"https:\/\/api.w.org\/{rel}","templated":true}]}}