{"id":6533,"date":"2024-12-28T12:18:44","date_gmt":"2024-12-28T12:18:44","guid":{"rendered":"https:\/\/koraledetale.pl\/?post_type=product&#038;p=6533"},"modified":"2025-12-01T15:32:09","modified_gmt":"2025-12-01T15:32:09","slug":"kolczyki-wow-z-akwamarynami-i-labradorytem","status":"publish","type":"product","link":"https:\/\/koraledetale.pl\/?product=kolczyki-wow-z-akwamarynami-i-labradorytem","title":{"rendered":"Kolczyki WOW z akwamarynami i labradorytem"},"content":{"rendered":"<p>Wielko\u015b\u0107 kamieni:<\/p>\n<ul>\n<li>akwamaryn \u2013 14x11x5 mm i 11&#215;11,5&#215;6,5 mm (mierzone w najszerszych miejscach),<\/li>\n<li>labradoryt \u2013 5\u00d73,5 mm.<\/li>\n<\/ul>\n<p>D\u0142ugo\u015b\u0107 kolczyk\u00f3w: 4,8 cm i 3,6 cm.<\/p>\n<p>Uwaga: kolczyki zawieszone s\u0105 na ma\u0142ych k\u00f3\u0142kach, odpowiednich do nisko przekutych p\u0142atk\u00f3w uszu. Je\u015bli chcia\u0142aby\u015b nieco wi\u0119ksze k\u00f3\u0142ka &#8211; daj zna\u0107 w uwagach do zam\u00f3wienia.<\/p>\n<p>Wszystkie elementy metalowe wykonane s\u0105 z nieuczulaj\u0105cej stali szlachetnej.<\/p>\n<p>Kolczyki s\u0105 bezpieczne przy u\u017cywaniu zgodnie z ich zastosowaniem.<\/p>\n","protected":false},"excerpt":{"rendered":"<p>Asymetryczne kolczyki &#8211; k\u00f3\u0142ka z nieregularnymi akwamarynami i labradorytem, zawieszonymi na plecionym, okr\u0105g\u0142ym elemencie.<\/p>\n","protected":false},"featured_media":6526,"comment_status":"open","ping_status":"closed","template":"","meta":{"advanced_seo_description":"","jetpack_seo_html_title":"","jetpack_seo_noindex":false},"product_brand":[],"product_cat":[229],"product_tag":[93,2370,2066,2371,56],"class_list":{"0":"post-6533","1":"product","2":"type-product","3":"status-publish","4":"has-post-thumbnail","6":"product_cat-sprzedane","7":"product_tag-akwamaryn","8":"product_tag-asymetryczne-kolczyki-z-akwamarynami-i-labradorytem","9":"product_tag-asymetryczne-kolczyki-z-kamieniami-naturalnymi","10":"product_tag-kolczyki-kolka-z-akwamarynami","11":"product_tag-labradoryt","13":"first","14":"outofstock","15":"shipping-taxable","16":"purchasable","17":"product-type-simple"},"jetpack_sharing_enabled":true,"_links":{"self":[{"href":"https:\/\/koraledetale.pl\/index.php?rest_route=\/wp\/v2\/product\/6533","targetHints":{"allow":["GET"]}}],"collection":[{"href":"https:\/\/koraledetale.pl\/index.php?rest_route=\/wp\/v2\/product"}],"about":[{"href":"https:\/\/koraledetale.pl\/index.php?rest_route=\/wp\/v2\/types\/product"}],"replies":[{"embeddable":true,"href":"https:\/\/koraledetale.pl\/index.php?rest_route=%2Fwp%2Fv2%2Fcomments&post=6533"}],"wp:featuredmedia":[{"embeddable":true,"href":"https:\/\/koraledetale.pl\/index.php?rest_route=\/wp\/v2\/media\/6526"}],"wp:attachment":[{"href":"https:\/\/koraledetale.pl\/index.php?rest_route=%2Fwp%2Fv2%2Fmedia&parent=6533"}],"wp:term":[{"taxonomy":"product_brand","embeddable":true,"href":"https:\/\/koraledetale.pl\/index.php?rest_route=%2Fwp%2Fv2%2Fproduct_brand&post=6533"},{"taxonomy":"product_cat","embeddable":true,"href":"https:\/\/koraledetale.pl\/index.php?rest_route=%2Fwp%2Fv2%2Fproduct_cat&post=6533"},{"taxonomy":"product_tag","embeddable":true,"href":"https:\/\/koraledetale.pl\/index.php?rest_route=%2Fwp%2Fv2%2Fproduct_tag&post=6533"}],"curies":[{"name":"wp","href":"https:\/\/api.w.org\/{rel}","templated":true}]}}