{"id":6532,"date":"2024-12-28T12:17:12","date_gmt":"2024-12-28T12:17:12","guid":{"rendered":"https:\/\/koraledetale.pl\/?post_type=product&#038;p=6532"},"modified":"2025-03-08T19:22:06","modified_gmt":"2025-03-08T19:22:06","slug":"bransoletka-wow-z-labradorytami-i-akwamarynem","status":"publish","type":"product","link":"https:\/\/koraledetale.pl\/?product=bransoletka-wow-z-labradorytami-i-akwamarynem","title":{"rendered":"Bransoletka WOW z labradorytami i akwamarynem"},"content":{"rendered":"<p>Wielko\u015b\u0107 kamieni:<\/p>\n<ul>\n<li>labradoryt \u2013 5\u00d73,5 mm,<\/li>\n<li>akwamaryn \u2013 10x10x4 mm (mierzone w najszerszych miejscach),<\/li>\n<li>hematyt \u2013 4\u00d72 mm, 2\u00d71 mm i 2 mm.<\/li>\n<\/ul>\n<p>D\u0142ugo\u015b\u0107 bransoletki: 16,6 &#8211; 20 cm.<\/p>\n<p>Kamienie zasupe\u0142kowane s\u0105 na czarnej, mocnej nici jubilerskiej.<\/p>\n<p>Wszystkie elementy metalowe wykonane s\u0105 z nieuczulaj\u0105cej stali szlachetnej.<\/p>\n<p>Bransoletka jest bezpieczna przy u\u017cywaniu zgodnie z jej zastosowaniem.<\/p>\n","protected":false},"excerpt":{"rendered":"<p>Bransoletka z ciosanymi labradorytami, przeplatanymi z\u0142otymi hematytami, z zawieszk\u0105 z akwamarynem zawieszonym na plecionym k\u00f3\u0142ku, oraz \u0142a\u0144cuszkiem o du\u017cych, karbowanych oczkach (pe\u0142ni\u0105cym funkcj\u0119 przed\u0142u\u017cki).<\/p>\n","protected":false},"featured_media":6524,"comment_status":"open","ping_status":"closed","template":"","meta":{"advanced_seo_description":"","jetpack_seo_html_title":"","jetpack_seo_noindex":false},"product_brand":[],"product_cat":[229],"product_tag":[93,2369,1769,56],"class_list":{"0":"post-6532","1":"product","2":"type-product","3":"status-publish","4":"has-post-thumbnail","6":"product_cat-sprzedane","7":"product_tag-akwamaryn","8":"product_tag-bransoletka-z-labradorytami-i-akwamarynem","9":"product_tag-bransoletka-z-szarymi-kamieniami-naturalnymi","10":"product_tag-labradoryt","12":"first","13":"outofstock","14":"shipping-taxable","15":"purchasable","16":"product-type-simple"},"jetpack_sharing_enabled":true,"_links":{"self":[{"href":"https:\/\/koraledetale.pl\/index.php?rest_route=\/wp\/v2\/product\/6532","targetHints":{"allow":["GET"]}}],"collection":[{"href":"https:\/\/koraledetale.pl\/index.php?rest_route=\/wp\/v2\/product"}],"about":[{"href":"https:\/\/koraledetale.pl\/index.php?rest_route=\/wp\/v2\/types\/product"}],"replies":[{"embeddable":true,"href":"https:\/\/koraledetale.pl\/index.php?rest_route=%2Fwp%2Fv2%2Fcomments&post=6532"}],"wp:featuredmedia":[{"embeddable":true,"href":"https:\/\/koraledetale.pl\/index.php?rest_route=\/wp\/v2\/media\/6524"}],"wp:attachment":[{"href":"https:\/\/koraledetale.pl\/index.php?rest_route=%2Fwp%2Fv2%2Fmedia&parent=6532"}],"wp:term":[{"taxonomy":"product_brand","embeddable":true,"href":"https:\/\/koraledetale.pl\/index.php?rest_route=%2Fwp%2Fv2%2Fproduct_brand&post=6532"},{"taxonomy":"product_cat","embeddable":true,"href":"https:\/\/koraledetale.pl\/index.php?rest_route=%2Fwp%2Fv2%2Fproduct_cat&post=6532"},{"taxonomy":"product_tag","embeddable":true,"href":"https:\/\/koraledetale.pl\/index.php?rest_route=%2Fwp%2Fv2%2Fproduct_tag&post=6532"}],"curies":[{"name":"wp","href":"https:\/\/api.w.org\/{rel}","templated":true}]}}