{"id":6519,"date":"2024-12-28T12:16:27","date_gmt":"2024-12-28T12:16:27","guid":{"rendered":"https:\/\/koraledetale.pl\/?post_type=product&#038;p=6519"},"modified":"2025-08-05T14:35:28","modified_gmt":"2025-08-05T14:35:28","slug":"naszyjnik-wow-z-labradorytami-i-akwamarynami","status":"publish","type":"product","link":"https:\/\/koraledetale.pl\/?product=naszyjnik-wow-z-labradorytami-i-akwamarynami","title":{"rendered":"Naszyjnik WOW z labradorytami i akwamarynami"},"content":{"rendered":"<p>Wielko\u015b\u0107 kamieni:<\/p>\n<ul>\n<li>labradoryt &#8211; 5&#215;3,5 mm,<\/li>\n<li>akwamaryn &#8211; 24x12x10 mm, 24x7x4 mm, 13&#215;8,5&#215;5,5 mm (mierzone w najszerszych miejscach)<\/li>\n<li>hematyt &#8211; 4&#215;2 mm, 2&#215;1 mm i 2 mm.<\/li>\n<\/ul>\n<p>D\u0142ugo\u015b\u0107 naszyjnika: 88 cm + 5 cm zawieszka z k\u00f3\u0142kiem.<\/p>\n<p>Kamienie zasupe\u0142kowane s\u0105 na czarnej, mocnej nici jubilerskiej.<\/p>\n<p>Wszystkie elementy metalowe wykonane s\u0105 z nieuczulaj\u0105cej stali szlachetnej.<\/p>\n<p>Naszyjnik jest bezpieczny przy u\u017cywaniu zgodnie z jego zastosowaniem.<\/p>\n","protected":false},"excerpt":{"rendered":"<p>D\u0142ugi naszyjnik z ciosanymi labradorytami, przeplatanymi z\u0142otymi hematytami, z \u0142a\u0144cuszkiem o du\u017cych, karbowanych oczkach, z zawieszk\u0105 z du\u017cego akwamarynu oraz dwoma mniejszymi, wplecionymi w \u0142a\u0144cuch.<\/p>\n<p>Sznur mo\u017cesz nosi\u0107 jako d\u0142ugi naszyjnik lub dwukrotnie owin\u0105\u0107 wok\u00f3\u0142 szyi, tworz\u0105c warstwy. Mo\u017cesz te\u017c zapi\u0105\u0107 naszyjnik na dowolnym oczku \u0142a\u0144cucha, tworz\u0105c w\u0142asn\u0105 kombinacj\u0119.<\/p>\n","protected":false},"featured_media":6531,"comment_status":"open","ping_status":"closed","template":"","meta":{"advanced_seo_description":"","jetpack_seo_html_title":"","jetpack_seo_noindex":false},"product_brand":[],"product_cat":[229],"product_tag":[93,2367,56,2368,2366],"class_list":{"0":"post-6519","1":"product","2":"type-product","3":"status-publish","4":"has-post-thumbnail","6":"product_cat-sprzedane","7":"product_tag-akwamaryn","8":"product_tag-dlugi-naszyjnik-z-labradorytami-i-akwamarynami","9":"product_tag-labradoryt","10":"product_tag-naszyjnik-z-szarymi-kamieniami-naturalnymi","11":"product_tag-warstwowy-naszyjnik-z-labradorytami-i-akwamarynami","13":"first","14":"outofstock","15":"shipping-taxable","16":"purchasable","17":"product-type-simple"},"jetpack_sharing_enabled":true,"_links":{"self":[{"href":"https:\/\/koraledetale.pl\/index.php?rest_route=\/wp\/v2\/product\/6519","targetHints":{"allow":["GET"]}}],"collection":[{"href":"https:\/\/koraledetale.pl\/index.php?rest_route=\/wp\/v2\/product"}],"about":[{"href":"https:\/\/koraledetale.pl\/index.php?rest_route=\/wp\/v2\/types\/product"}],"replies":[{"embeddable":true,"href":"https:\/\/koraledetale.pl\/index.php?rest_route=%2Fwp%2Fv2%2Fcomments&post=6519"}],"wp:featuredmedia":[{"embeddable":true,"href":"https:\/\/koraledetale.pl\/index.php?rest_route=\/wp\/v2\/media\/6531"}],"wp:attachment":[{"href":"https:\/\/koraledetale.pl\/index.php?rest_route=%2Fwp%2Fv2%2Fmedia&parent=6519"}],"wp:term":[{"taxonomy":"product_brand","embeddable":true,"href":"https:\/\/koraledetale.pl\/index.php?rest_route=%2Fwp%2Fv2%2Fproduct_brand&post=6519"},{"taxonomy":"product_cat","embeddable":true,"href":"https:\/\/koraledetale.pl\/index.php?rest_route=%2Fwp%2Fv2%2Fproduct_cat&post=6519"},{"taxonomy":"product_tag","embeddable":true,"href":"https:\/\/koraledetale.pl\/index.php?rest_route=%2Fwp%2Fv2%2Fproduct_tag&post=6519"}],"curies":[{"name":"wp","href":"https:\/\/api.w.org\/{rel}","templated":true}]}}