{"id":6507,"date":"2024-12-14T11:06:19","date_gmt":"2024-12-14T11:06:19","guid":{"rendered":"https:\/\/koraledetale.pl\/?post_type=product&#038;p=6507"},"modified":"2025-01-21T17:18:49","modified_gmt":"2025-01-21T17:18:49","slug":"dlugi-lancuch-telepatia-z-herkimerem","status":"publish","type":"product","link":"https:\/\/koraledetale.pl\/?product=dlugi-lancuch-telepatia-z-herkimerem","title":{"rendered":"D\u0142ugi \u0142a\u0144cuch TELEPATIA z herkimerem"},"content":{"rendered":"<p>Wielko\u015b\u0107 herkimera &#8211; 31&#215;17 mm.<\/p>\n<p>D\u0142ugo\u015b\u0107 \u0142a\u0144cucha &#8211; 96 cm.<\/p>\n<p>Wszystkie elementy metalowe wykonane s\u0105 z nieuczulaj\u0105cej stali szlachetnej.<\/p>\n<p>Naszyjnik jest bezpieczny przy u\u017cywaniu zgodnie z jego zastosowaniem.<\/p>\n<p>&nbsp;<\/p>\n","protected":false},"excerpt":{"rendered":"<p>D\u0142ugi \u0142a\u0144cuch o karbowanych oczkach w kolorze srebrnym, po\u0142\u0105czony z elementami w kolorze z\u0142ota, zwie\u0144czony du\u017cym herkimerem. Naszyjnik mo\u017cesz owin\u0105\u0107 wok\u00f3\u0142 szyi tworz\u0105c efektowne warstwy.<\/p>\n","protected":false},"featured_media":6508,"comment_status":"open","ping_status":"closed","template":"","meta":{"advanced_seo_description":"","jetpack_seo_html_title":"","jetpack_seo_noindex":false},"product_brand":[],"product_cat":[229],"product_tag":[1253,2360,2361],"class_list":{"0":"post-6507","1":"product","2":"type-product","3":"status-publish","4":"has-post-thumbnail","6":"product_cat-sprzedane","7":"product_tag-diament-z-herkimer","8":"product_tag-dlugi-naszyjnik-z-herkimerem","9":"product_tag-dlugi-lancuch-z-herkimerem","11":"first","12":"outofstock","13":"shipping-taxable","14":"purchasable","15":"product-type-simple"},"jetpack_sharing_enabled":true,"_links":{"self":[{"href":"https:\/\/koraledetale.pl\/index.php?rest_route=\/wp\/v2\/product\/6507","targetHints":{"allow":["GET"]}}],"collection":[{"href":"https:\/\/koraledetale.pl\/index.php?rest_route=\/wp\/v2\/product"}],"about":[{"href":"https:\/\/koraledetale.pl\/index.php?rest_route=\/wp\/v2\/types\/product"}],"replies":[{"embeddable":true,"href":"https:\/\/koraledetale.pl\/index.php?rest_route=%2Fwp%2Fv2%2Fcomments&post=6507"}],"wp:featuredmedia":[{"embeddable":true,"href":"https:\/\/koraledetale.pl\/index.php?rest_route=\/wp\/v2\/media\/6508"}],"wp:attachment":[{"href":"https:\/\/koraledetale.pl\/index.php?rest_route=%2Fwp%2Fv2%2Fmedia&parent=6507"}],"wp:term":[{"taxonomy":"product_brand","embeddable":true,"href":"https:\/\/koraledetale.pl\/index.php?rest_route=%2Fwp%2Fv2%2Fproduct_brand&post=6507"},{"taxonomy":"product_cat","embeddable":true,"href":"https:\/\/koraledetale.pl\/index.php?rest_route=%2Fwp%2Fv2%2Fproduct_cat&post=6507"},{"taxonomy":"product_tag","embeddable":true,"href":"https:\/\/koraledetale.pl\/index.php?rest_route=%2Fwp%2Fv2%2Fproduct_tag&post=6507"}],"curies":[{"name":"wp","href":"https:\/\/api.w.org\/{rel}","templated":true}]}}