{"id":6483,"date":"2024-12-12T16:51:53","date_gmt":"2024-12-12T16:51:53","guid":{"rendered":"https:\/\/koraledetale.pl\/?post_type=product&#038;p=6483"},"modified":"2024-12-18T18:13:50","modified_gmt":"2024-12-18T18:13:50","slug":"naszyjnik-bajka-z-chryzokolami-szmaragdami-kamieniami-slonecznymi-i-chryzoprazem","status":"publish","type":"product","link":"https:\/\/koraledetale.pl\/?product=naszyjnik-bajka-z-chryzokolami-szmaragdami-kamieniami-slonecznymi-i-chryzoprazem","title":{"rendered":"Naszyjnik BAJKA z chryzokolami, szmaragdami, kamieniami s\u0142onecznymi i chryzoprazem"},"content":{"rendered":"<p>Wielko\u015b\u0107 kamieni:<\/p>\n<ul>\n<li>chryzokola &#8211; ok. 11&#215;7 mm i 8&#215;6 mm,<\/li>\n<li>chryzopraz &#8211; 17&#215;7 mm,<\/li>\n<li>kamie\u0144 s\u0142oneczny &#8211; 6&#215;4 mm,<\/li>\n<li>szmaragd &#8211; 6,5 mm,<\/li>\n<li>hematyt &#8211; 3,5 mm, 4&#215;2 mm i 2 mm.<\/li>\n<\/ul>\n<p>D\u0142ugo\u015b\u0107 naszyjnika: 50-55 cm.<\/p>\n<p>Wszystkie elementy metalowe wykonane s\u0105 z nieuczulaj\u0105cej stali szlachetnej.<\/p>\n","protected":false},"excerpt":{"rendered":"<p>Naszyjnik z wa\u0142eczkami i bry\u0142kami chryzokoli, fasetowanymi oponkami kamieni s\u0142onecznych i kulek szmaragdu, przeplatanymi z\u0142otymi hematytami. Zwie\u0144czeniem naszyjnika jest zawieszka z azteckim motywem i pod\u0142u\u017cny chryzopraz.<\/p>\n","protected":false},"featured_media":6485,"comment_status":"open","ping_status":"closed","template":"","meta":{"advanced_seo_description":"","jetpack_seo_html_title":"","jetpack_seo_noindex":false},"product_brand":[],"product_cat":[229],"product_tag":[120,119,94,2359,2358,187,2152,143,31],"class_list":{"0":"post-6483","1":"product","2":"type-product","3":"status-publish","4":"has-post-thumbnail","6":"product_cat-sprzedane","7":"product_tag-chryzokola","8":"product_tag-chryzopraz","9":"product_tag-kamien-sloneczny","10":"product_tag-naszyjnik-z-aztecka-zawieszka","11":"product_tag-naszyjnik-z-chryzokolami-szmaragdami-kamieniami-ksiezycowymi-i-chryzoprazem","12":"product_tag-naszyjnik-z-kolorowymi-kamieniami","13":"product_tag-naszyjnik-z-zielonymi-kamieniami-naturalnymi","14":"product_tag-szmaragd","15":"product_tag-zloty-hematyt","17":"first","18":"outofstock","19":"shipping-taxable","20":"purchasable","21":"product-type-simple"},"jetpack_sharing_enabled":true,"_links":{"self":[{"href":"https:\/\/koraledetale.pl\/index.php?rest_route=\/wp\/v2\/product\/6483","targetHints":{"allow":["GET"]}}],"collection":[{"href":"https:\/\/koraledetale.pl\/index.php?rest_route=\/wp\/v2\/product"}],"about":[{"href":"https:\/\/koraledetale.pl\/index.php?rest_route=\/wp\/v2\/types\/product"}],"replies":[{"embeddable":true,"href":"https:\/\/koraledetale.pl\/index.php?rest_route=%2Fwp%2Fv2%2Fcomments&post=6483"}],"wp:featuredmedia":[{"embeddable":true,"href":"https:\/\/koraledetale.pl\/index.php?rest_route=\/wp\/v2\/media\/6485"}],"wp:attachment":[{"href":"https:\/\/koraledetale.pl\/index.php?rest_route=%2Fwp%2Fv2%2Fmedia&parent=6483"}],"wp:term":[{"taxonomy":"product_brand","embeddable":true,"href":"https:\/\/koraledetale.pl\/index.php?rest_route=%2Fwp%2Fv2%2Fproduct_brand&post=6483"},{"taxonomy":"product_cat","embeddable":true,"href":"https:\/\/koraledetale.pl\/index.php?rest_route=%2Fwp%2Fv2%2Fproduct_cat&post=6483"},{"taxonomy":"product_tag","embeddable":true,"href":"https:\/\/koraledetale.pl\/index.php?rest_route=%2Fwp%2Fv2%2Fproduct_tag&post=6483"}],"curies":[{"name":"wp","href":"https:\/\/api.w.org\/{rel}","templated":true}]}}