{"id":6452,"date":"2024-12-05T19:07:18","date_gmt":"2024-12-05T19:07:18","guid":{"rendered":"https:\/\/koraledetale.pl\/?post_type=product&#038;p=6452"},"modified":"2024-12-05T22:15:01","modified_gmt":"2024-12-05T22:15:01","slug":"naszyjnik-z-apatytami-i-chalcedonem","status":"publish","type":"product","link":"https:\/\/koraledetale.pl\/?product=naszyjnik-z-apatytami-i-chalcedonem","title":{"rendered":"Naszyjnik TO\u0143 z apatytami i chalcedonem"},"content":{"rendered":"<p>Wielko\u015b\u0107 kamieni:<\/p>\n<ul>\n<li>apatyt &#8211; 2,3 mm,<\/li>\n<li>hematyt &#8211; 2 mm,<\/li>\n<li>chalcedon &#8211; 6x6x4 mm.<\/li>\n<\/ul>\n<p>D\u0142ugo\u015b\u0107 naszyjnika: 45-50 cm.<\/p>\n<p>Kamienie zasupe\u0142kowane s\u0105 na zielonej, mocnej nici jubilerskiej.<\/p>\n","protected":false},"excerpt":{"rendered":"<p>Naszyjnik z drobnymi apatytami, przeplatanymi z\u0142otymi hematytami, z zawieszk\u0105 &#8211; chalcedonem w z\u0142oconej oprawie.<\/p>\n","protected":false},"featured_media":6457,"comment_status":"open","ping_status":"closed","template":"","meta":{"advanced_seo_description":"","jetpack_seo_html_title":"","jetpack_seo_noindex":false},"product_brand":[],"product_cat":[229],"product_tag":[92,439,2352,2353,2030,2351,31],"class_list":{"0":"post-6452","1":"product","2":"type-product","3":"status-publish","4":"has-post-thumbnail","6":"product_cat-sprzedane","7":"product_tag-apatyt","8":"product_tag-chalcedon","9":"product_tag-naszyjnik-z-apatytami-i-chalcedonem","10":"product_tag-naszyjnik-z-drobnymi-apatytami","11":"product_tag-naszyjnik-z-drobnymi-kamieniami-naturalnymi","12":"product_tag-naszyjnik-z-morskimi-kamieniami-naturalnymi","13":"product_tag-zloty-hematyt","15":"first","16":"outofstock","17":"shipping-taxable","18":"purchasable","19":"product-type-simple"},"jetpack_sharing_enabled":true,"_links":{"self":[{"href":"https:\/\/koraledetale.pl\/index.php?rest_route=\/wp\/v2\/product\/6452","targetHints":{"allow":["GET"]}}],"collection":[{"href":"https:\/\/koraledetale.pl\/index.php?rest_route=\/wp\/v2\/product"}],"about":[{"href":"https:\/\/koraledetale.pl\/index.php?rest_route=\/wp\/v2\/types\/product"}],"replies":[{"embeddable":true,"href":"https:\/\/koraledetale.pl\/index.php?rest_route=%2Fwp%2Fv2%2Fcomments&post=6452"}],"wp:featuredmedia":[{"embeddable":true,"href":"https:\/\/koraledetale.pl\/index.php?rest_route=\/wp\/v2\/media\/6457"}],"wp:attachment":[{"href":"https:\/\/koraledetale.pl\/index.php?rest_route=%2Fwp%2Fv2%2Fmedia&parent=6452"}],"wp:term":[{"taxonomy":"product_brand","embeddable":true,"href":"https:\/\/koraledetale.pl\/index.php?rest_route=%2Fwp%2Fv2%2Fproduct_brand&post=6452"},{"taxonomy":"product_cat","embeddable":true,"href":"https:\/\/koraledetale.pl\/index.php?rest_route=%2Fwp%2Fv2%2Fproduct_cat&post=6452"},{"taxonomy":"product_tag","embeddable":true,"href":"https:\/\/koraledetale.pl\/index.php?rest_route=%2Fwp%2Fv2%2Fproduct_tag&post=6452"}],"curies":[{"name":"wp","href":"https:\/\/api.w.org\/{rel}","templated":true}]}}