{"id":6438,"date":"2024-11-28T16:33:28","date_gmt":"2024-11-28T16:33:28","guid":{"rendered":"https:\/\/koraledetale.pl\/?post_type=product&#038;p=6438"},"modified":"2025-07-24T20:56:36","modified_gmt":"2025-07-24T20:56:36","slug":"naszyjnik-gwiezdny-pyl-z-pirytami","status":"publish","type":"product","link":"https:\/\/koraledetale.pl\/?product=naszyjnik-gwiezdny-pyl-z-pirytami","title":{"rendered":"Naszyjnik GWIEZDNY PY\u0141 z pirytami"},"content":{"rendered":"<p>Wielko\u015b\u0107 piryt\u00f3w: 2,5 mm.<\/p>\n<p>D\u0142ugo\u015b\u0107 naszyjnika: 52 &#8211; 57 cm.<\/p>\n<p>Wszystkie elementy metalowe wykonane s\u0105 z nieuczulaj\u0105cej stali szlachetnej.<\/p>\n","protected":false},"excerpt":{"rendered":"<p>Efektowny naszyjnik z elementem w kszta\u0142cie litery V z delikatnym efektem m\u0142otkowania i drobnymi, fasetowanymi pirytami.<\/p>\n","protected":false},"featured_media":7122,"comment_status":"open","ping_status":"closed","template":"","meta":{"advanced_seo_description":"","jetpack_seo_html_title":"","jetpack_seo_noindex":false},"product_brand":[],"product_cat":[229],"product_tag":[2349,203,2350,156],"class_list":{"0":"post-6438","1":"product","2":"type-product","3":"status-publish","4":"has-post-thumbnail","6":"product_cat-sprzedane","7":"product_tag-naszyjnik-z-pirytami","8":"product_tag-naszyjnik-z-pirytow","9":"product_tag-oryginalny-naszyjnik-z-kamieniami-naturalnymi","10":"product_tag-piryt","12":"first","13":"outofstock","14":"shipping-taxable","15":"purchasable","16":"product-type-simple"},"jetpack_sharing_enabled":true,"_links":{"self":[{"href":"https:\/\/koraledetale.pl\/index.php?rest_route=\/wp\/v2\/product\/6438","targetHints":{"allow":["GET"]}}],"collection":[{"href":"https:\/\/koraledetale.pl\/index.php?rest_route=\/wp\/v2\/product"}],"about":[{"href":"https:\/\/koraledetale.pl\/index.php?rest_route=\/wp\/v2\/types\/product"}],"replies":[{"embeddable":true,"href":"https:\/\/koraledetale.pl\/index.php?rest_route=%2Fwp%2Fv2%2Fcomments&post=6438"}],"wp:featuredmedia":[{"embeddable":true,"href":"https:\/\/koraledetale.pl\/index.php?rest_route=\/wp\/v2\/media\/7122"}],"wp:attachment":[{"href":"https:\/\/koraledetale.pl\/index.php?rest_route=%2Fwp%2Fv2%2Fmedia&parent=6438"}],"wp:term":[{"taxonomy":"product_brand","embeddable":true,"href":"https:\/\/koraledetale.pl\/index.php?rest_route=%2Fwp%2Fv2%2Fproduct_brand&post=6438"},{"taxonomy":"product_cat","embeddable":true,"href":"https:\/\/koraledetale.pl\/index.php?rest_route=%2Fwp%2Fv2%2Fproduct_cat&post=6438"},{"taxonomy":"product_tag","embeddable":true,"href":"https:\/\/koraledetale.pl\/index.php?rest_route=%2Fwp%2Fv2%2Fproduct_tag&post=6438"}],"curies":[{"name":"wp","href":"https:\/\/api.w.org\/{rel}","templated":true}]}}