{"id":6434,"date":"2024-11-27T10:18:05","date_gmt":"2024-11-27T10:18:05","guid":{"rendered":"https:\/\/koraledetale.pl\/?post_type=product&#038;p=6434"},"modified":"2025-08-05T08:08:32","modified_gmt":"2025-08-05T08:08:32","slug":"lancuszek-absynt-z-blekitnym-kianitem","status":"publish","type":"product","link":"https:\/\/koraledetale.pl\/?product=lancuszek-absynt-z-blekitnym-kianitem","title":{"rendered":"\u0141a\u0144cuszek ABSYNT z b\u0142\u0119kitnym kianitem"},"content":{"rendered":"<p>Wielko\u015b\u0107 kianitu \u2013 12\u00d77 mm.<\/p>\n<p>D\u0142ugo\u015b\u0107 \u0142a\u0144cuszka: 40-45 cm.<\/p>\n<p>Wszystkie elementy metalowe wykonane s\u0105 z nieuczulaj\u0105cej stali szlachetnej.<\/p>\n","protected":false},"excerpt":{"rendered":"<p>\u0141a\u0144cuszek z wa\u0142eczkiem b\u0142\u0119kitnego kianitu.<\/p>\n","protected":false},"featured_media":6430,"comment_status":"open","ping_status":"closed","template":"","meta":{"advanced_seo_description":"","jetpack_seo_html_title":"","jetpack_seo_noindex":false},"product_brand":[],"product_cat":[229],"product_tag":[2348,2347,1830,2346],"class_list":{"0":"post-6434","1":"product","2":"type-product","3":"status-publish","4":"has-post-thumbnail","6":"product_cat-sprzedane","7":"product_tag-blekitny-kianit","8":"product_tag-minimalistyczny-naszyjnik-z-blekitnym-kianitem","9":"product_tag-lancuszek-z-blekitnym-kamieniem","10":"product_tag-lancuszek-z-blekitnym-kianitem","12":"first","13":"outofstock","14":"shipping-taxable","15":"purchasable","16":"product-type-simple"},"jetpack_sharing_enabled":true,"_links":{"self":[{"href":"https:\/\/koraledetale.pl\/index.php?rest_route=\/wp\/v2\/product\/6434","targetHints":{"allow":["GET"]}}],"collection":[{"href":"https:\/\/koraledetale.pl\/index.php?rest_route=\/wp\/v2\/product"}],"about":[{"href":"https:\/\/koraledetale.pl\/index.php?rest_route=\/wp\/v2\/types\/product"}],"replies":[{"embeddable":true,"href":"https:\/\/koraledetale.pl\/index.php?rest_route=%2Fwp%2Fv2%2Fcomments&post=6434"}],"wp:featuredmedia":[{"embeddable":true,"href":"https:\/\/koraledetale.pl\/index.php?rest_route=\/wp\/v2\/media\/6430"}],"wp:attachment":[{"href":"https:\/\/koraledetale.pl\/index.php?rest_route=%2Fwp%2Fv2%2Fmedia&parent=6434"}],"wp:term":[{"taxonomy":"product_brand","embeddable":true,"href":"https:\/\/koraledetale.pl\/index.php?rest_route=%2Fwp%2Fv2%2Fproduct_brand&post=6434"},{"taxonomy":"product_cat","embeddable":true,"href":"https:\/\/koraledetale.pl\/index.php?rest_route=%2Fwp%2Fv2%2Fproduct_cat&post=6434"},{"taxonomy":"product_tag","embeddable":true,"href":"https:\/\/koraledetale.pl\/index.php?rest_route=%2Fwp%2Fv2%2Fproduct_tag&post=6434"}],"curies":[{"name":"wp","href":"https:\/\/api.w.org\/{rel}","templated":true}]}}