{"id":6423,"date":"2024-11-26T12:51:25","date_gmt":"2024-11-26T12:51:25","guid":{"rendered":"https:\/\/koraledetale.pl\/?post_type=product&#038;p=6423"},"modified":"2024-12-01T09:20:06","modified_gmt":"2024-12-01T09:20:06","slug":"kolczyki-bursztynowa-energia-unikat-v","status":"publish","type":"product","link":"https:\/\/koraledetale.pl\/?product=kolczyki-bursztynowa-energia-unikat-v","title":{"rendered":"Kolczyki BURSZTYNOWA ENERGIA \u2013 unikat V"},"content":{"rendered":"<p>Wielko\u015b\u0107 bursztyn\u00f3w: 14,5&#215;18,5&#215;7,5 i 15x20x7 mm (mierzone w najszerszych miejscach).<\/p>\n<p>D\u0142ugo\u015b\u0107 kolczyk\u00f3w \u2013 5,5 i 5,7 cm.<\/p>\n<p>Wszystkie elementy metalowe wykonane s\u0105 z nieuczulaj\u0105cej stali szlachetnej.<\/p>\n","protected":false},"excerpt":{"rendered":"<p>Kolczyki dla odwa\u017cnych \u2013 d\u0142ugie, na sztyftach, z nieregularnymi bry\u0142kami bursztynu ba\u0142tyckiego. Wyj\u0105tkowe, dla wyj\u0105tkowej kobiety.<\/p>\n","protected":false},"featured_media":6412,"comment_status":"open","ping_status":"closed","template":"","meta":{"advanced_seo_description":"","jetpack_seo_html_title":"","jetpack_seo_noindex":false},"product_brand":[],"product_cat":[229],"product_tag":[2337,2341,2340,2342],"class_list":{"0":"post-6423","1":"product","2":"type-product","3":"status-publish","4":"has-post-thumbnail","6":"product_cat-sprzedane","7":"product_tag-bursztyn-baltycki","8":"product_tag-duze-kolczyki-z-bursztynami","9":"product_tag-dlugie-kolczyki-z-surowym-bursztynem","10":"product_tag-kolczyki-na-sztyftach-z-nursztynami","12":"first","13":"outofstock","14":"shipping-taxable","15":"purchasable","16":"product-type-simple"},"jetpack_sharing_enabled":true,"_links":{"self":[{"href":"https:\/\/koraledetale.pl\/index.php?rest_route=\/wp\/v2\/product\/6423","targetHints":{"allow":["GET"]}}],"collection":[{"href":"https:\/\/koraledetale.pl\/index.php?rest_route=\/wp\/v2\/product"}],"about":[{"href":"https:\/\/koraledetale.pl\/index.php?rest_route=\/wp\/v2\/types\/product"}],"replies":[{"embeddable":true,"href":"https:\/\/koraledetale.pl\/index.php?rest_route=%2Fwp%2Fv2%2Fcomments&post=6423"}],"wp:featuredmedia":[{"embeddable":true,"href":"https:\/\/koraledetale.pl\/index.php?rest_route=\/wp\/v2\/media\/6412"}],"wp:attachment":[{"href":"https:\/\/koraledetale.pl\/index.php?rest_route=%2Fwp%2Fv2%2Fmedia&parent=6423"}],"wp:term":[{"taxonomy":"product_brand","embeddable":true,"href":"https:\/\/koraledetale.pl\/index.php?rest_route=%2Fwp%2Fv2%2Fproduct_brand&post=6423"},{"taxonomy":"product_cat","embeddable":true,"href":"https:\/\/koraledetale.pl\/index.php?rest_route=%2Fwp%2Fv2%2Fproduct_cat&post=6423"},{"taxonomy":"product_tag","embeddable":true,"href":"https:\/\/koraledetale.pl\/index.php?rest_route=%2Fwp%2Fv2%2Fproduct_tag&post=6423"}],"curies":[{"name":"wp","href":"https:\/\/api.w.org\/{rel}","templated":true}]}}