{"id":6410,"date":"2024-11-26T12:36:42","date_gmt":"2024-11-26T12:36:42","guid":{"rendered":"https:\/\/koraledetale.pl\/?post_type=product&#038;p=6410"},"modified":"2024-12-01T09:21:19","modified_gmt":"2024-12-01T09:21:19","slug":"kolczyki-bursztynowa-energia-unikat-iii","status":"publish","type":"product","link":"https:\/\/koraledetale.pl\/?product=kolczyki-bursztynowa-energia-unikat-iii","title":{"rendered":"Kolczyki BURSZTYNOWA ENERGIA \u2013 unikat III"},"content":{"rendered":"<p>Wielko\u015b\u0107 bursztyn\u00f3w: 31x24x7 i 23x19x8,5 mm (mierzone w najszerszych miejscach).<\/p>\n<p>D\u0142ugo\u015b\u0107 kolczyk\u00f3w \u2013 5,2 i 5,6 cm.<\/p>\n<p>Wszystkie elementy metalowe wykonane s\u0105 z nieuczulaj\u0105cej stali szlachetnej.<\/p>\n","protected":false},"excerpt":{"rendered":"<p>Kolczyki dla odwa\u017cnych &#8211; d\u0142ugie, asymetryczne, na sztyftach, z bursztynami ba\u0142tyckimi. Wyj\u0105tkowe, dla wyj\u0105tkowej kobiety.<\/p>\n","protected":false},"featured_media":6418,"comment_status":"open","ping_status":"closed","template":"","meta":{"advanced_seo_description":"","jetpack_seo_html_title":"","jetpack_seo_noindex":false},"product_brand":[],"product_cat":[229],"product_tag":[1878,2337,1880,2336,2335],"class_list":{"0":"post-6410","1":"product","2":"type-product","3":"status-publish","4":"has-post-thumbnail","6":"product_cat-sprzedane","7":"product_tag-asymetryczne-kolczyki-z-bursztynami","8":"product_tag-bursztyn-baltycki","9":"product_tag-dlugie-kolczyki-z-bursztynami","10":"product_tag-unikalne-kolczyki-z-bursztynami","11":"product_tag-unikat","13":"first","14":"outofstock","15":"shipping-taxable","16":"purchasable","17":"product-type-simple"},"jetpack_sharing_enabled":true,"_links":{"self":[{"href":"https:\/\/koraledetale.pl\/index.php?rest_route=\/wp\/v2\/product\/6410","targetHints":{"allow":["GET"]}}],"collection":[{"href":"https:\/\/koraledetale.pl\/index.php?rest_route=\/wp\/v2\/product"}],"about":[{"href":"https:\/\/koraledetale.pl\/index.php?rest_route=\/wp\/v2\/types\/product"}],"replies":[{"embeddable":true,"href":"https:\/\/koraledetale.pl\/index.php?rest_route=%2Fwp%2Fv2%2Fcomments&post=6410"}],"wp:featuredmedia":[{"embeddable":true,"href":"https:\/\/koraledetale.pl\/index.php?rest_route=\/wp\/v2\/media\/6418"}],"wp:attachment":[{"href":"https:\/\/koraledetale.pl\/index.php?rest_route=%2Fwp%2Fv2%2Fmedia&parent=6410"}],"wp:term":[{"taxonomy":"product_brand","embeddable":true,"href":"https:\/\/koraledetale.pl\/index.php?rest_route=%2Fwp%2Fv2%2Fproduct_brand&post=6410"},{"taxonomy":"product_cat","embeddable":true,"href":"https:\/\/koraledetale.pl\/index.php?rest_route=%2Fwp%2Fv2%2Fproduct_cat&post=6410"},{"taxonomy":"product_tag","embeddable":true,"href":"https:\/\/koraledetale.pl\/index.php?rest_route=%2Fwp%2Fv2%2Fproduct_tag&post=6410"}],"curies":[{"name":"wp","href":"https:\/\/api.w.org\/{rel}","templated":true}]}}