{"id":6396,"date":"2024-11-21T13:59:04","date_gmt":"2024-11-21T13:59:04","guid":{"rendered":"https:\/\/koraledetale.pl\/?post_type=product&#038;p=6396"},"modified":"2025-08-09T18:34:36","modified_gmt":"2025-08-09T18:34:36","slug":"naszyjnik-iskierka-z-pirytami-i-perla","status":"publish","type":"product","link":"https:\/\/koraledetale.pl\/?product=naszyjnik-iskierka-z-pirytami-i-perla","title":{"rendered":"Naszyjnik ISKIERKA z pirytami i per\u0142\u0105"},"content":{"rendered":"<p>Wielko\u015b\u0107 kamieni:<\/p>\n<ul>\n<li>piryt \u2013 2 mm,<\/li>\n<li>per\u0142a \u2013 7,5\u00d73,5 mm,<\/li>\n<li>hematyt \u2013 2,5\u00d72,5 mm i 2 mm.<\/li>\n<\/ul>\n<p>D\u0142ugo\u015b\u0107 naszyjnika: 37 &#8211; 41,5 cm.<\/p>\n<p>Wszystkie elementy metalowe wykonane s\u0105 z nieuczulaj\u0105cej stali szlachetnej.<\/p>\n","protected":false},"excerpt":{"rendered":"<p>Kr\u00f3tki naszyjnik z drobnymi pirytami i pod\u0142u\u017cn\u0105, r\u00f3\u017cow\u0105 per\u0142\u0105 oraz z\u0142otymi hematytami po \u015brodku.<\/p>\n","protected":false},"featured_media":6389,"comment_status":"open","ping_status":"closed","template":"","meta":{"advanced_seo_description":"","jetpack_seo_html_title":"","jetpack_seo_noindex":false},"product_brand":[],"product_cat":[229],"product_tag":[2330,2329,66,156,75,31],"class_list":{"0":"post-6396","1":"product","2":"type-product","3":"status-publish","4":"has-post-thumbnail","6":"product_cat-sprzedane","7":"product_tag-choker-z-pirytami-i-perla","8":"product_tag-krotki-naszyjnik-z-pirytami-i-perla","9":"product_tag-naszyjnik-z-kamieniami-naturalnymi","10":"product_tag-piryt","11":"product_tag-rozowa-perla","12":"product_tag-zloty-hematyt","14":"first","15":"outofstock","16":"shipping-taxable","17":"purchasable","18":"product-type-simple"},"jetpack_sharing_enabled":true,"_links":{"self":[{"href":"https:\/\/koraledetale.pl\/index.php?rest_route=\/wp\/v2\/product\/6396","targetHints":{"allow":["GET"]}}],"collection":[{"href":"https:\/\/koraledetale.pl\/index.php?rest_route=\/wp\/v2\/product"}],"about":[{"href":"https:\/\/koraledetale.pl\/index.php?rest_route=\/wp\/v2\/types\/product"}],"replies":[{"embeddable":true,"href":"https:\/\/koraledetale.pl\/index.php?rest_route=%2Fwp%2Fv2%2Fcomments&post=6396"}],"wp:featuredmedia":[{"embeddable":true,"href":"https:\/\/koraledetale.pl\/index.php?rest_route=\/wp\/v2\/media\/6389"}],"wp:attachment":[{"href":"https:\/\/koraledetale.pl\/index.php?rest_route=%2Fwp%2Fv2%2Fmedia&parent=6396"}],"wp:term":[{"taxonomy":"product_brand","embeddable":true,"href":"https:\/\/koraledetale.pl\/index.php?rest_route=%2Fwp%2Fv2%2Fproduct_brand&post=6396"},{"taxonomy":"product_cat","embeddable":true,"href":"https:\/\/koraledetale.pl\/index.php?rest_route=%2Fwp%2Fv2%2Fproduct_cat&post=6396"},{"taxonomy":"product_tag","embeddable":true,"href":"https:\/\/koraledetale.pl\/index.php?rest_route=%2Fwp%2Fv2%2Fproduct_tag&post=6396"}],"curies":[{"name":"wp","href":"https:\/\/api.w.org\/{rel}","templated":true}]}}