{"id":6388,"date":"2024-11-21T13:51:44","date_gmt":"2024-11-21T13:51:44","guid":{"rendered":"https:\/\/koraledetale.pl\/?post_type=product&#038;p=6388"},"modified":"2025-08-09T18:34:10","modified_gmt":"2025-08-09T18:34:10","slug":"bransoletka-iskierka-z-pirytami-i-perla","status":"publish","type":"product","link":"https:\/\/koraledetale.pl\/?product=bransoletka-iskierka-z-pirytami-i-perla","title":{"rendered":"Bransoletka ISKIERKA z pirytami i per\u0142\u0105"},"content":{"rendered":"<p>Wielko\u015b\u0107 kamieni:<\/p>\n<ul>\n<li>piryt &#8211; 2 mm,<\/li>\n<li>per\u0142a &#8211; 6,5&#215;3,5 mm,<\/li>\n<li>hematyt &#8211; 2,5&#215;2,5 mm i 2 mm.<\/li>\n<\/ul>\n<p>D\u0142ugo\u015b\u0107 bransoletki: 16,5 &#8211; 19 cm.<\/p>\n<p>Wszystkie elementy metalowe wykonane s\u0105 z nieuczulaj\u0105cej stali szlachetnej.<\/p>\n","protected":false},"excerpt":{"rendered":"<p>Bransoletka z drobnymi pirytami i pod\u0142u\u017cn\u0105, r\u00f3\u017cow\u0105 per\u0142\u0105 oraz z\u0142otymi hematytami po \u015brodku.<\/p>\n","protected":false},"featured_media":6391,"comment_status":"open","ping_status":"closed","template":"","meta":{"advanced_seo_description":"","jetpack_seo_html_title":"","jetpack_seo_noindex":false},"product_brand":[],"product_cat":[229],"product_tag":[889,80,2327,2328,156,75,31],"class_list":{"0":"post-6388","1":"product","2":"type-product","3":"status-publish","4":"has-post-thumbnail","6":"product_cat-sprzedane","7":"product_tag-bransoletka-z-drobnymi-kamieniami","8":"product_tag-bransoletka-z-kamieniami-naturalnymi","9":"product_tag-bransoletka-z-pirytami-i-perla","10":"product_tag-bransoletka-ze-skrzacymi-pirytami","11":"product_tag-piryt","12":"product_tag-rozowa-perla","13":"product_tag-zloty-hematyt","15":"first","16":"outofstock","17":"shipping-taxable","18":"purchasable","19":"product-type-simple"},"jetpack_sharing_enabled":true,"_links":{"self":[{"href":"https:\/\/koraledetale.pl\/index.php?rest_route=\/wp\/v2\/product\/6388","targetHints":{"allow":["GET"]}}],"collection":[{"href":"https:\/\/koraledetale.pl\/index.php?rest_route=\/wp\/v2\/product"}],"about":[{"href":"https:\/\/koraledetale.pl\/index.php?rest_route=\/wp\/v2\/types\/product"}],"replies":[{"embeddable":true,"href":"https:\/\/koraledetale.pl\/index.php?rest_route=%2Fwp%2Fv2%2Fcomments&post=6388"}],"wp:featuredmedia":[{"embeddable":true,"href":"https:\/\/koraledetale.pl\/index.php?rest_route=\/wp\/v2\/media\/6391"}],"wp:attachment":[{"href":"https:\/\/koraledetale.pl\/index.php?rest_route=%2Fwp%2Fv2%2Fmedia&parent=6388"}],"wp:term":[{"taxonomy":"product_brand","embeddable":true,"href":"https:\/\/koraledetale.pl\/index.php?rest_route=%2Fwp%2Fv2%2Fproduct_brand&post=6388"},{"taxonomy":"product_cat","embeddable":true,"href":"https:\/\/koraledetale.pl\/index.php?rest_route=%2Fwp%2Fv2%2Fproduct_cat&post=6388"},{"taxonomy":"product_tag","embeddable":true,"href":"https:\/\/koraledetale.pl\/index.php?rest_route=%2Fwp%2Fv2%2Fproduct_tag&post=6388"}],"curies":[{"name":"wp","href":"https:\/\/api.w.org\/{rel}","templated":true}]}}