{"id":6377,"date":"2024-11-20T15:35:30","date_gmt":"2024-11-20T15:35:30","guid":{"rendered":"https:\/\/koraledetale.pl\/?post_type=product&#038;p=6377"},"modified":"2025-09-10T13:27:28","modified_gmt":"2025-09-10T13:27:28","slug":"kolczyki-klasyczne-z-cytrynami","status":"publish","type":"product","link":"https:\/\/koraledetale.pl\/?product=kolczyki-klasyczne-z-cytrynami","title":{"rendered":"Kolczyki KLASYCZNE z cytrynami"},"content":{"rendered":"<p>Wielko\u015b\u0107 kamieni:<\/p>\n<ul>\n<li>cytryn &#8211; 9&#215;7 mm,<\/li>\n<li>hematyt &#8211; 4&#215;2 mm.<\/li>\n<\/ul>\n<p>\u015arednica wewn\u0119trzna k\u00f3\u0142ek &#8211; 12 mm.<\/p>\n<p>Grubo\u015b\u0107 k\u00f3\u0142ek &#8211; 2,5 mm.<\/p>\n<p>D\u0142ugo\u015b\u0107 kolczyk\u00f3w &#8211; 3,2 cm.<\/p>\n<p>Wszystkie elementy metalowe wykonane s\u0105 z nieuczulaj\u0105cej stali szlachetnej.<\/p>\n","protected":false},"excerpt":{"rendered":"<p>Klasyczne kolczyki &#8211; k\u00f3\u0142ka z wa\u0142eczkami cytrynu, z hematytowymi przek\u0142adkami.<\/p>\n","protected":false},"featured_media":6382,"comment_status":"open","ping_status":"closed","template":"","meta":{"advanced_seo_description":"","jetpack_seo_html_title":"","jetpack_seo_noindex":false},"product_brand":[],"product_cat":[229],"product_tag":[193,2322,2321,2323],"class_list":{"0":"post-6377","1":"product","2":"type-product","3":"status-publish","4":"has-post-thumbnail","6":"product_cat-sprzedane","7":"product_tag-cytryn","8":"product_tag-klasyczne-kolka-z-cytrynami","9":"product_tag-kolczyki-kolka-z-cytrynami","10":"product_tag-kolczyki-z-kamieniem-obfitosci","12":"first","13":"outofstock","14":"shipping-taxable","15":"purchasable","16":"product-type-simple"},"jetpack_sharing_enabled":true,"_links":{"self":[{"href":"https:\/\/koraledetale.pl\/index.php?rest_route=\/wp\/v2\/product\/6377","targetHints":{"allow":["GET"]}}],"collection":[{"href":"https:\/\/koraledetale.pl\/index.php?rest_route=\/wp\/v2\/product"}],"about":[{"href":"https:\/\/koraledetale.pl\/index.php?rest_route=\/wp\/v2\/types\/product"}],"replies":[{"embeddable":true,"href":"https:\/\/koraledetale.pl\/index.php?rest_route=%2Fwp%2Fv2%2Fcomments&post=6377"}],"wp:featuredmedia":[{"embeddable":true,"href":"https:\/\/koraledetale.pl\/index.php?rest_route=\/wp\/v2\/media\/6382"}],"wp:attachment":[{"href":"https:\/\/koraledetale.pl\/index.php?rest_route=%2Fwp%2Fv2%2Fmedia&parent=6377"}],"wp:term":[{"taxonomy":"product_brand","embeddable":true,"href":"https:\/\/koraledetale.pl\/index.php?rest_route=%2Fwp%2Fv2%2Fproduct_brand&post=6377"},{"taxonomy":"product_cat","embeddable":true,"href":"https:\/\/koraledetale.pl\/index.php?rest_route=%2Fwp%2Fv2%2Fproduct_cat&post=6377"},{"taxonomy":"product_tag","embeddable":true,"href":"https:\/\/koraledetale.pl\/index.php?rest_route=%2Fwp%2Fv2%2Fproduct_tag&post=6377"}],"curies":[{"name":"wp","href":"https:\/\/api.w.org\/{rel}","templated":true}]}}