{"id":6367,"date":"2024-11-18T09:50:46","date_gmt":"2024-11-18T09:50:46","guid":{"rendered":"https:\/\/koraledetale.pl\/?post_type=product&#038;p=6367"},"modified":"2024-11-19T06:11:15","modified_gmt":"2024-11-19T06:11:15","slug":"mala-na-rownowage-czakr-z-turmalinami","status":"publish","type":"product","link":"https:\/\/koraledetale.pl\/?product=mala-na-rownowage-czakr-z-turmalinami","title":{"rendered":"Mala NA R\u00d3WNOWAG\u0118 CZAKR z turmalinami"},"content":{"rendered":"<p>Wielko\u015b\u0107 kamieni:<\/p>\n<ul>\n<li>turmalin &#8211; 4,5 mm i 6 mm (guru),<\/li>\n<li>hematyt &#8211; 2 mm.<\/li>\n<\/ul>\n<p>D\u0142ugo\u015b\u0107 naszyjnika: 80 cm + 12 cm guru z mandal\u0105 i chwostem.<\/p>\n<p>Wszystkie elementy metalowe wykonane s\u0105 z nieuczulaj\u0105cej stali szlachetnej.<\/p>\n<p>&nbsp;<\/p>\n","protected":false},"excerpt":{"rendered":"<p>Mala z kolorowymi, fasetowanymi turmalinami, przeplatanymi z\u0142otymi hematytami, zasupe\u0142kowanymi na zielonej, mocnej nici jubilerskiej. Zwie\u0144czeniem naszyjnika jest koralik guru z czarnego, g\u0142adkiego turmalinu oraz du\u017ca, a\u017curowa mandala z czarnym chwostem.<\/p>\n","protected":false},"featured_media":6370,"comment_status":"open","ping_status":"closed","template":"","meta":{"advanced_seo_description":"","jetpack_seo_html_title":"","jetpack_seo_noindex":false},"product_brand":[],"product_cat":[229],"product_tag":[2320,2319,2317,2318,54,772,87],"class_list":{"0":"post-6367","1":"product","2":"type-product","3":"status-publish","4":"has-post-thumbnail","6":"product_cat-sprzedane","7":"product_tag-cheost","8":"product_tag-mala-z-kolorowymi-kamieniami-naturalnymi","9":"product_tag-mala-z-kolorowymi-turmalinami","10":"product_tag-mala-z-mandala","11":"product_tag-mandala","12":"product_tag-naszyjnik-do-medytacji","13":"product_tag-turmalin","15":"first","16":"outofstock","17":"shipping-taxable","18":"purchasable","19":"product-type-simple"},"jetpack_sharing_enabled":true,"_links":{"self":[{"href":"https:\/\/koraledetale.pl\/index.php?rest_route=\/wp\/v2\/product\/6367","targetHints":{"allow":["GET"]}}],"collection":[{"href":"https:\/\/koraledetale.pl\/index.php?rest_route=\/wp\/v2\/product"}],"about":[{"href":"https:\/\/koraledetale.pl\/index.php?rest_route=\/wp\/v2\/types\/product"}],"replies":[{"embeddable":true,"href":"https:\/\/koraledetale.pl\/index.php?rest_route=%2Fwp%2Fv2%2Fcomments&post=6367"}],"wp:featuredmedia":[{"embeddable":true,"href":"https:\/\/koraledetale.pl\/index.php?rest_route=\/wp\/v2\/media\/6370"}],"wp:attachment":[{"href":"https:\/\/koraledetale.pl\/index.php?rest_route=%2Fwp%2Fv2%2Fmedia&parent=6367"}],"wp:term":[{"taxonomy":"product_brand","embeddable":true,"href":"https:\/\/koraledetale.pl\/index.php?rest_route=%2Fwp%2Fv2%2Fproduct_brand&post=6367"},{"taxonomy":"product_cat","embeddable":true,"href":"https:\/\/koraledetale.pl\/index.php?rest_route=%2Fwp%2Fv2%2Fproduct_cat&post=6367"},{"taxonomy":"product_tag","embeddable":true,"href":"https:\/\/koraledetale.pl\/index.php?rest_route=%2Fwp%2Fv2%2Fproduct_tag&post=6367"}],"curies":[{"name":"wp","href":"https:\/\/api.w.org\/{rel}","templated":true}]}}