{"id":6357,"date":"2024-11-16T10:19:43","date_gmt":"2024-11-16T10:19:43","guid":{"rendered":"https:\/\/koraledetale.pl\/?post_type=product&#038;p=6357"},"modified":"2025-12-20T11:33:05","modified_gmt":"2025-12-20T11:33:05","slug":"bransoletka-ochronna-z-czarnymi-turmalinami","status":"publish","type":"product","link":"https:\/\/koraledetale.pl\/?product=bransoletka-ochronna-z-czarnymi-turmalinami","title":{"rendered":"Bransoletka OCHRONNA z czarnymi turmalinami"},"content":{"rendered":"<p>Wielko\u015b\u0107 kamieni:<\/p>\n<ul>\n<li>\u00a0czarny turmalin &#8211; 4 mm,<\/li>\n<li>koral &#8211; 10&#215;3,5 mm,<\/li>\n<li>hematyt &#8211; 2&#215;1 mm.<\/li>\n<\/ul>\n<p>D\u0142ugo\u015b\u0107 bransoletki: 16,5-19,5 cm.<\/p>\n<p>Wszystkie elementy metalowe wykonane s\u0105 z nieuczulaj\u0105cej stali szlachetnej.<\/p>\n<p>&nbsp;<\/p>\n","protected":false},"excerpt":{"rendered":"<p>Bransoletka z fasetowanymi czarnymi turmalinami, zasupe\u0142kowanymi na czerwonej nitce, z jednostronn\u0105 okr\u0105g\u0142\u0105 zawieszk\u0105 z symbolem hamsy, oraz czerwon\u0105 nitk\u0105 z nieregularnym koralem.<\/p>\n","protected":false},"featured_media":6361,"comment_status":"open","ping_status":"closed","template":"","meta":{"advanced_seo_description":"","jetpack_seo_html_title":"","jetpack_seo_noindex":false},"product_brand":[],"product_cat":[229],"product_tag":[2314,374,2018,1927,288,82],"class_list":{"0":"post-6357","1":"product","2":"type-product","3":"status-publish","4":"has-post-thumbnail","6":"product_cat-sprzedane","7":"product_tag-bransoletka-czarnymi-turmalinami-i-hamsa","8":"product_tag-bransoletka-na-czerwonej-nitce","9":"product_tag-bransoletka-ochronna","10":"product_tag-bransoletka-z-czarnymi-kamieniami-naturalnymi","11":"product_tag-czarny-turmalin","12":"product_tag-koral","14":"first","15":"outofstock","16":"shipping-taxable","17":"purchasable","18":"product-type-simple"},"jetpack_sharing_enabled":true,"_links":{"self":[{"href":"https:\/\/koraledetale.pl\/index.php?rest_route=\/wp\/v2\/product\/6357","targetHints":{"allow":["GET"]}}],"collection":[{"href":"https:\/\/koraledetale.pl\/index.php?rest_route=\/wp\/v2\/product"}],"about":[{"href":"https:\/\/koraledetale.pl\/index.php?rest_route=\/wp\/v2\/types\/product"}],"replies":[{"embeddable":true,"href":"https:\/\/koraledetale.pl\/index.php?rest_route=%2Fwp%2Fv2%2Fcomments&post=6357"}],"wp:featuredmedia":[{"embeddable":true,"href":"https:\/\/koraledetale.pl\/index.php?rest_route=\/wp\/v2\/media\/6361"}],"wp:attachment":[{"href":"https:\/\/koraledetale.pl\/index.php?rest_route=%2Fwp%2Fv2%2Fmedia&parent=6357"}],"wp:term":[{"taxonomy":"product_brand","embeddable":true,"href":"https:\/\/koraledetale.pl\/index.php?rest_route=%2Fwp%2Fv2%2Fproduct_brand&post=6357"},{"taxonomy":"product_cat","embeddable":true,"href":"https:\/\/koraledetale.pl\/index.php?rest_route=%2Fwp%2Fv2%2Fproduct_cat&post=6357"},{"taxonomy":"product_tag","embeddable":true,"href":"https:\/\/koraledetale.pl\/index.php?rest_route=%2Fwp%2Fv2%2Fproduct_tag&post=6357"}],"curies":[{"name":"wp","href":"https:\/\/api.w.org\/{rel}","templated":true}]}}