{"id":6354,"date":"2024-11-14T11:46:06","date_gmt":"2024-11-14T11:46:06","guid":{"rendered":"https:\/\/koraledetale.pl\/?post_type=product&#038;p=6354"},"modified":"2024-12-01T09:26:11","modified_gmt":"2024-12-01T09:26:11","slug":"bransoletka-absynt-z-kianitami-i-hematytami","status":"publish","type":"product","link":"https:\/\/koraledetale.pl\/?product=bransoletka-absynt-z-kianitami-i-hematytami","title":{"rendered":"Bransoletka ABSYNT z kianitami i hematytami"},"content":{"rendered":"<p>Wielko\u015b\u0107 kamieni:<\/p>\n<ul>\n<li>kianit \u2013 11\u00d75,5 mm, 7&#215;7 mm i 4 mm,<\/li>\n<li>hematyt \u2013 7,5\u00d75 mm i 2\u00d71 mm.<\/li>\n<\/ul>\n<p>D\u0142ugo\u015b\u0107 bransoletki: 16,5 &#8211; 21 cm.<\/p>\n<p>Wszyskie elementy metalowe wykonane s\u0105 z nieuczulaj\u0105cej stali szlachetnej.<\/p>\n","protected":false},"excerpt":{"rendered":"<p>Bransoletka z wa\u0142eczkami zielonego kianitu, przeplatanymi z\u0142otymi hematytami, z zawieszkami przy zapi\u0119ciu &#8211; gwiazd\u0105\/s\u0142o\u0144cem, lun\u0105 i kianitami (kosteczk\u0105 i ma\u0142\u0105 kuleczk\u0105).<\/p>\n","protected":false},"featured_media":6348,"comment_status":"open","ping_status":"closed","template":"","meta":{"advanced_seo_description":"","jetpack_seo_html_title":"","jetpack_seo_noindex":false},"product_brand":[],"product_cat":[229],"product_tag":[2313,2312,67,323,687,869,72],"class_list":{"0":"post-6354","1":"product","2":"type-product","3":"status-publish","4":"has-post-thumbnail","6":"product_cat-sprzedane","7":"product_tag-bransoletka-z-zielonymi-kamieniami-naturalnymi-i-zawieszkami","8":"product_tag-bransoletka-z-zielonymi-kianitami-i-zawieszkami","9":"product_tag-hematyt","10":"product_tag-kianit","11":"product_tag-luna","12":"product_tag-slonce","13":"product_tag-zawieszka","15":"first","16":"outofstock","17":"shipping-taxable","18":"purchasable","19":"product-type-simple"},"jetpack_sharing_enabled":true,"_links":{"self":[{"href":"https:\/\/koraledetale.pl\/index.php?rest_route=\/wp\/v2\/product\/6354","targetHints":{"allow":["GET"]}}],"collection":[{"href":"https:\/\/koraledetale.pl\/index.php?rest_route=\/wp\/v2\/product"}],"about":[{"href":"https:\/\/koraledetale.pl\/index.php?rest_route=\/wp\/v2\/types\/product"}],"replies":[{"embeddable":true,"href":"https:\/\/koraledetale.pl\/index.php?rest_route=%2Fwp%2Fv2%2Fcomments&post=6354"}],"wp:featuredmedia":[{"embeddable":true,"href":"https:\/\/koraledetale.pl\/index.php?rest_route=\/wp\/v2\/media\/6348"}],"wp:attachment":[{"href":"https:\/\/koraledetale.pl\/index.php?rest_route=%2Fwp%2Fv2%2Fmedia&parent=6354"}],"wp:term":[{"taxonomy":"product_brand","embeddable":true,"href":"https:\/\/koraledetale.pl\/index.php?rest_route=%2Fwp%2Fv2%2Fproduct_brand&post=6354"},{"taxonomy":"product_cat","embeddable":true,"href":"https:\/\/koraledetale.pl\/index.php?rest_route=%2Fwp%2Fv2%2Fproduct_cat&post=6354"},{"taxonomy":"product_tag","embeddable":true,"href":"https:\/\/koraledetale.pl\/index.php?rest_route=%2Fwp%2Fv2%2Fproduct_tag&post=6354"}],"curies":[{"name":"wp","href":"https:\/\/api.w.org\/{rel}","templated":true}]}}