{"id":635,"date":"2021-05-24T19:06:59","date_gmt":"2021-05-24T19:06:59","guid":{"rendered":"https:\/\/koraledetale.pl\/?post_type=product&#038;p=635"},"modified":"2024-11-11T11:10:49","modified_gmt":"2024-11-11T11:10:49","slug":"naszyjnik-monstera-z-zoisytem","status":"publish","type":"product","link":"https:\/\/koraledetale.pl\/?product=naszyjnik-monstera-z-zoisytem","title":{"rendered":"Naszyjnik MONSTERA z zoisytem"},"content":{"rendered":"<p>Wielko\u015b\u0107 kamieni:<\/p>\n<ul>\n<li>zoisyt z rubinem &#8211; 3,5 mm,<\/li>\n<li>hematyt &#8211; 3&#215;2 mm,<\/li>\n<li>granat &#8211; 4&#215;3 mm.<\/li>\n<\/ul>\n<p>D\u0142ugo\u015b\u0107 naszyjnika &#8211; 78 cm + zawieszka 3,2 cm.<\/p>\n<p>&nbsp;<\/p>\n","protected":false},"excerpt":{"rendered":"<p>D\u0142ugi naszyjnik z zoisytami z rubinem, przeplatanymi z\u0142otymi hematytami. Zwie\u0144czeniem naszyjnika jest zawieszka &#8211; li\u015b\u0107 monstery z granatem. Zawieszka wykonana jest ze stali chirurgicznej (szlachetnej).<\/p>\n","protected":false},"featured_media":637,"comment_status":"open","ping_status":"closed","template":"","meta":{"advanced_seo_description":"","jetpack_seo_html_title":"","jetpack_seo_noindex":false},"product_brand":[],"product_cat":[229],"product_tag":[52,264,71,265,266,31],"class_list":{"0":"post-635","1":"product","2":"type-product","3":"status-publish","4":"has-post-thumbnail","6":"product_cat-sprzedane","7":"product_tag-dlugi-naszyjnik-z-kamieni-naturalnych","8":"product_tag-dlugi-naszyjnik-z-zoisytem-z-rubinem","9":"product_tag-granat","10":"product_tag-naszyjnik-z-zielonych-kamieni","11":"product_tag-zawieszka-lisc-monstery","12":"product_tag-zloty-hematyt","14":"first","15":"outofstock","16":"shipping-taxable","17":"product-type-simple"},"jetpack_sharing_enabled":true,"_links":{"self":[{"href":"https:\/\/koraledetale.pl\/index.php?rest_route=\/wp\/v2\/product\/635","targetHints":{"allow":["GET"]}}],"collection":[{"href":"https:\/\/koraledetale.pl\/index.php?rest_route=\/wp\/v2\/product"}],"about":[{"href":"https:\/\/koraledetale.pl\/index.php?rest_route=\/wp\/v2\/types\/product"}],"replies":[{"embeddable":true,"href":"https:\/\/koraledetale.pl\/index.php?rest_route=%2Fwp%2Fv2%2Fcomments&post=635"}],"wp:featuredmedia":[{"embeddable":true,"href":"https:\/\/koraledetale.pl\/index.php?rest_route=\/wp\/v2\/media\/637"}],"wp:attachment":[{"href":"https:\/\/koraledetale.pl\/index.php?rest_route=%2Fwp%2Fv2%2Fmedia&parent=635"}],"wp:term":[{"taxonomy":"product_brand","embeddable":true,"href":"https:\/\/koraledetale.pl\/index.php?rest_route=%2Fwp%2Fv2%2Fproduct_brand&post=635"},{"taxonomy":"product_cat","embeddable":true,"href":"https:\/\/koraledetale.pl\/index.php?rest_route=%2Fwp%2Fv2%2Fproduct_cat&post=635"},{"taxonomy":"product_tag","embeddable":true,"href":"https:\/\/koraledetale.pl\/index.php?rest_route=%2Fwp%2Fv2%2Fproduct_tag&post=635"}],"curies":[{"name":"wp","href":"https:\/\/api.w.org\/{rel}","templated":true}]}}