{"id":6325,"date":"2024-11-07T17:04:47","date_gmt":"2024-11-07T17:04:47","guid":{"rendered":"https:\/\/koraledetale.pl\/?post_type=product&#038;p=6325"},"modified":"2024-12-27T14:21:08","modified_gmt":"2024-12-27T14:21:08","slug":"bransoletka-dalmatynczyk-w-koralach","status":"publish","type":"product","link":"https:\/\/koraledetale.pl\/?product=bransoletka-dalmatynczyk-w-koralach","title":{"rendered":"Bransoletka DALMATY\u0143CZYK W KORALACH"},"content":{"rendered":"<p>Wielko\u015b\u0107 kamieni:<\/p>\n<ul>\n<li>jaspis \u2013 4,8 mm,<\/li>\n<li>koral \u2013 5 mm, 7\u00d75 mm,<\/li>\n<li>hematyt \u2013 4\u00d71,5, 3\u00d71 mm i 2 mm.<\/li>\n<\/ul>\n<p>D\u0142ugo\u015b\u0107 bransoletki: 17 &#8211; 20 cm.<\/p>\n<p>Wszystkie elementy metalowe wykonane s\u0105 z nieuczulaj\u0105cej stali szlachetnej.<\/p>\n<p>Kamienie zasupe\u0142kowane s\u0105 na czerwonej, mocnej nici jubilerskiej.<\/p>\n","protected":false},"excerpt":{"rendered":"<p>Bransoletka z kuleczkami jaspisu dalmaty\u0144skiego, z wplecionym wa\u0142eczkiem i kuleczk\u0105 czerwonego koralu oraz z\u0142otymi hematytami, z zawieszkami z czerwonej nitki.<\/p>\n","protected":false},"featured_media":6316,"comment_status":"open","ping_status":"closed","template":"","meta":{"advanced_seo_description":"","jetpack_seo_html_title":"","jetpack_seo_noindex":false},"product_brand":[],"product_cat":[229],"product_tag":[374,2303,1549,2300,82,31],"class_list":{"0":"post-6325","1":"product","2":"type-product","3":"status-publish","4":"has-post-thumbnail","6":"product_cat-sprzedane","7":"product_tag-bransoletka-na-czerwonej-nitce","8":"product_tag-bransoletka-z-jaspisami-dalmatynskimi-i-koralami","9":"product_tag-bransoletka-z-kamieniami-naturalnymi-i-chwostami","10":"product_tag-jaspis-dalmatynski","11":"product_tag-koral","12":"product_tag-zloty-hematyt","14":"first","15":"outofstock","16":"shipping-taxable","17":"purchasable","18":"product-type-simple"},"jetpack_sharing_enabled":true,"_links":{"self":[{"href":"https:\/\/koraledetale.pl\/index.php?rest_route=\/wp\/v2\/product\/6325","targetHints":{"allow":["GET"]}}],"collection":[{"href":"https:\/\/koraledetale.pl\/index.php?rest_route=\/wp\/v2\/product"}],"about":[{"href":"https:\/\/koraledetale.pl\/index.php?rest_route=\/wp\/v2\/types\/product"}],"replies":[{"embeddable":true,"href":"https:\/\/koraledetale.pl\/index.php?rest_route=%2Fwp%2Fv2%2Fcomments&post=6325"}],"wp:featuredmedia":[{"embeddable":true,"href":"https:\/\/koraledetale.pl\/index.php?rest_route=\/wp\/v2\/media\/6316"}],"wp:attachment":[{"href":"https:\/\/koraledetale.pl\/index.php?rest_route=%2Fwp%2Fv2%2Fmedia&parent=6325"}],"wp:term":[{"taxonomy":"product_brand","embeddable":true,"href":"https:\/\/koraledetale.pl\/index.php?rest_route=%2Fwp%2Fv2%2Fproduct_brand&post=6325"},{"taxonomy":"product_cat","embeddable":true,"href":"https:\/\/koraledetale.pl\/index.php?rest_route=%2Fwp%2Fv2%2Fproduct_cat&post=6325"},{"taxonomy":"product_tag","embeddable":true,"href":"https:\/\/koraledetale.pl\/index.php?rest_route=%2Fwp%2Fv2%2Fproduct_tag&post=6325"}],"curies":[{"name":"wp","href":"https:\/\/api.w.org\/{rel}","templated":true}]}}