{"id":6323,"date":"2024-11-07T16:58:15","date_gmt":"2024-11-07T16:58:15","guid":{"rendered":"https:\/\/koraledetale.pl\/?post_type=product&#038;p=6323"},"modified":"2024-12-27T14:20:45","modified_gmt":"2024-12-27T14:20:45","slug":"naszyjnik-dalmatynczyk-w-koralach","status":"publish","type":"product","link":"https:\/\/koraledetale.pl\/?product=naszyjnik-dalmatynczyk-w-koralach","title":{"rendered":"Naszyjnik DALMATY\u0143CZYK W KORALACH"},"content":{"rendered":"<p>Wielko\u015b\u0107 kamieni:<\/p>\n<ul>\n<li>jaspis \u2013 4,8 mm,<\/li>\n<li>koral \u2013 5 mm, ok. 7&#215;5 mm, 8&#215;6 mm, 11&#215;4 mm i 7&#215;3 mm,<\/li>\n<li>hematyt &#8211; 4&#215;1,5, 3&#215;1 mm, 4&#215;3 mm i 2 mm.<\/li>\n<\/ul>\n<p>D\u0142ugo\u015b\u0107 naszyjnika \u2013 40 cm.<\/p>\n<p>Wszystkie elementy metalowe wykonane s\u0105 z nieuczulaj\u0105cej stali szlachetnej.<\/p>\n<p>Kamienie zasupe\u0142kowane s\u0105 na czerwonej, mocnej nici jubilerskiej.<\/p>\n","protected":false},"excerpt":{"rendered":"<p>Kr\u00f3tki naszyjnik z kuleczkami jaspisu dalmaty\u0144skiego, przeplatanymi czerwonym koralem o r\u00f3\u017cnych kszta\u0142tach i z\u0142otymi hematytami, z zapi\u0119ciem z przodu i zawieszkami &#8211; trzecim okiem oraz koralem na czerwonej nitce.<\/p>\n","protected":false},"featured_media":6320,"comment_status":"open","ping_status":"closed","template":"","meta":{"advanced_seo_description":"","jetpack_seo_html_title":"","jetpack_seo_noindex":false},"product_brand":[],"product_cat":[229],"product_tag":[2300,82,2301,66,2302,31],"class_list":{"0":"post-6323","1":"product","2":"type-product","3":"status-publish","4":"has-post-thumbnail","6":"product_cat-sprzedane","7":"product_tag-jaspis-dalmatynski","8":"product_tag-koral","9":"product_tag-naszyjnik-z-jaspisem-dalmatynskim-i-koralem","10":"product_tag-naszyjnik-z-kamieniami-naturalnymi","11":"product_tag-naszyjnik-z-zawieszka-i-czerwona-nitka","12":"product_tag-zloty-hematyt","14":"first","15":"outofstock","16":"shipping-taxable","17":"purchasable","18":"product-type-simple"},"jetpack_sharing_enabled":true,"_links":{"self":[{"href":"https:\/\/koraledetale.pl\/index.php?rest_route=\/wp\/v2\/product\/6323","targetHints":{"allow":["GET"]}}],"collection":[{"href":"https:\/\/koraledetale.pl\/index.php?rest_route=\/wp\/v2\/product"}],"about":[{"href":"https:\/\/koraledetale.pl\/index.php?rest_route=\/wp\/v2\/types\/product"}],"replies":[{"embeddable":true,"href":"https:\/\/koraledetale.pl\/index.php?rest_route=%2Fwp%2Fv2%2Fcomments&post=6323"}],"wp:featuredmedia":[{"embeddable":true,"href":"https:\/\/koraledetale.pl\/index.php?rest_route=\/wp\/v2\/media\/6320"}],"wp:attachment":[{"href":"https:\/\/koraledetale.pl\/index.php?rest_route=%2Fwp%2Fv2%2Fmedia&parent=6323"}],"wp:term":[{"taxonomy":"product_brand","embeddable":true,"href":"https:\/\/koraledetale.pl\/index.php?rest_route=%2Fwp%2Fv2%2Fproduct_brand&post=6323"},{"taxonomy":"product_cat","embeddable":true,"href":"https:\/\/koraledetale.pl\/index.php?rest_route=%2Fwp%2Fv2%2Fproduct_cat&post=6323"},{"taxonomy":"product_tag","embeddable":true,"href":"https:\/\/koraledetale.pl\/index.php?rest_route=%2Fwp%2Fv2%2Fproduct_tag&post=6323"}],"curies":[{"name":"wp","href":"https:\/\/api.w.org\/{rel}","templated":true}]}}