{"id":6269,"date":"2024-10-31T20:13:17","date_gmt":"2024-10-31T20:13:17","guid":{"rendered":"https:\/\/koraledetale.pl\/?post_type=product&#038;p=6269"},"modified":"2025-12-21T12:48:40","modified_gmt":"2025-12-21T12:48:40","slug":"bransoletka-piekno-i-minimalizm-z-iolitami-i-kianitem","status":"publish","type":"product","link":"https:\/\/koraledetale.pl\/?product=bransoletka-piekno-i-minimalizm-z-iolitami-i-kianitem","title":{"rendered":"Bransoletka PI\u0118KNO I MINIMALIZM z iolitami i kianitem"},"content":{"rendered":"<p>Wielko\u015b\u0107 kamieni:<\/p>\n<ul>\n<li>iolit \u2013 ok. 3,5\u00d71,5 mm,<\/li>\n<li>kianit &#8211; 8x5x3 mm,<\/li>\n<li>hematyt \u2013 3\u00d71 mm i 2 mm.<\/li>\n<\/ul>\n<p>D\u0142ugo\u015b\u0107 bransoletki: 16 \u2013 19 cm.<\/p>\n<p>Wszystkie elementy metalowe wykonane s\u0105 z nieuczulaj\u0105cej stali szlachetnej.<\/p>\n","protected":false},"excerpt":{"rendered":"<p>Bransoletka z ciosanych plastr\u00f3w iolit\u00f3w, ze z\u0142otymi przek\u0142adkami z hematytu, oraz z owalnym kianitem w centrum.<\/p>\n","protected":false},"featured_media":6270,"comment_status":"open","ping_status":"closed","template":"","meta":{"advanced_seo_description":"","jetpack_seo_html_title":"","jetpack_seo_noindex":false},"product_brand":[],"product_cat":[229],"product_tag":[2280,2279,67,23,323],"class_list":{"0":"post-6269","1":"product","2":"type-product","3":"status-publish","4":"has-post-thumbnail","6":"product_cat-sprzedane","7":"product_tag-bransoletka-z-iolitami-i-kianitem","8":"product_tag-bransoletka-z-niebieskimi-kamieniami-naturalnymi","9":"product_tag-hematyt","10":"product_tag-iolit","11":"product_tag-kianit","13":"first","14":"outofstock","15":"shipping-taxable","16":"purchasable","17":"product-type-simple"},"jetpack_sharing_enabled":true,"_links":{"self":[{"href":"https:\/\/koraledetale.pl\/index.php?rest_route=\/wp\/v2\/product\/6269","targetHints":{"allow":["GET"]}}],"collection":[{"href":"https:\/\/koraledetale.pl\/index.php?rest_route=\/wp\/v2\/product"}],"about":[{"href":"https:\/\/koraledetale.pl\/index.php?rest_route=\/wp\/v2\/types\/product"}],"replies":[{"embeddable":true,"href":"https:\/\/koraledetale.pl\/index.php?rest_route=%2Fwp%2Fv2%2Fcomments&post=6269"}],"wp:featuredmedia":[{"embeddable":true,"href":"https:\/\/koraledetale.pl\/index.php?rest_route=\/wp\/v2\/media\/6270"}],"wp:attachment":[{"href":"https:\/\/koraledetale.pl\/index.php?rest_route=%2Fwp%2Fv2%2Fmedia&parent=6269"}],"wp:term":[{"taxonomy":"product_brand","embeddable":true,"href":"https:\/\/koraledetale.pl\/index.php?rest_route=%2Fwp%2Fv2%2Fproduct_brand&post=6269"},{"taxonomy":"product_cat","embeddable":true,"href":"https:\/\/koraledetale.pl\/index.php?rest_route=%2Fwp%2Fv2%2Fproduct_cat&post=6269"},{"taxonomy":"product_tag","embeddable":true,"href":"https:\/\/koraledetale.pl\/index.php?rest_route=%2Fwp%2Fv2%2Fproduct_tag&post=6269"}],"curies":[{"name":"wp","href":"https:\/\/api.w.org\/{rel}","templated":true}]}}